{"id":1707,"date":"2022-09-26T09:08:24","date_gmt":"2022-09-26T07:08:24","guid":{"rendered":"https:\/\/www.devils-igb.de\/?page_id=1707"},"modified":"2026-03-06T10:59:42","modified_gmt":"2026-03-06T09:59:42","slug":"foerderverein-baseball-softball-tv-st-ingbert-devils-e-v","status":"publish","type":"page","link":"https:\/\/www.devils-igb.de\/?page_id=1707","title":{"rendered":"Devils-F\u00f6rderverein"},"content":{"rendered":"\n<p class=\"has-medium-font-size\">F<strong>\u00f6rderverein Baseball &amp; Softball TV St. Ingbert Devils e.V.<\/strong><\/p>\n\n\n\n<div class=\"wp-block-media-text alignwide is-stacked-on-mobile\" style=\"grid-template-columns:24% auto\"><figure class=\"wp-block-media-text__media\"><img loading=\"lazy\" decoding=\"async\" width=\"984\" height=\"1024\" src=\"https:\/\/www.devils-igb.de\/wp-content\/uploads\/2022\/09\/Logo-Fo\u0308rderverein-984x1024.jpg\" alt=\"\" class=\"wp-image-1708 size-full\" srcset=\"https:\/\/www.devils-igb.de\/wp-content\/uploads\/2022\/09\/Logo-Fo\u0308rderverein-984x1024.jpg 984w, https:\/\/www.devils-igb.de\/wp-content\/uploads\/2022\/09\/Logo-Fo\u0308rderverein-288x300.jpg 288w, https:\/\/www.devils-igb.de\/wp-content\/uploads\/2022\/09\/Logo-Fo\u0308rderverein-768x800.jpg 768w, https:\/\/www.devils-igb.de\/wp-content\/uploads\/2022\/09\/Logo-Fo\u0308rderverein.jpg 1169w\" sizes=\"auto, (max-width: 984px) 100vw, 984px\" \/><\/figure><div class=\"wp-block-media-text__content\">\n<p class=\"has-medium-font-size\"><strong>Unterst\u00fctze Baseball &amp; Softball in <\/strong><strong>St. Ingbert!<\/strong><\/p>\n<\/div><\/div>\n\n\n\n<p><strong>Kontakt zum F\u00f6rderverein:<\/strong> <a rel=\"noreferrer noopener\" href=\"http:\/\/www.devils-igb.de\" target=\"_blank\"><strong>www.devils-igb.de<\/strong><\/a>, <strong>kontakt@devils-igb.de   <\/strong><\/p>\n\n\n\n<p>Facebook-Seite des F\u00f6rdervereins: <a href=\"https:\/\/www.facebook.com\/foerdervereinDevils\" target=\"_blank\" rel=\"noreferrer noopener\"><strong>https:\/\/www.facebook.com\/foerdervereinDevils<\/strong><\/a><\/p>\n\n\n\n<p>Baseball und Softball sind als Nischensport auf finanzielle F\u00f6rderung angewiesen. Bis dato finanzieren die Spielerinnen und Spieler z.B. ihre Kleidung und ihre Handschuhe sowie gro\u00dfe Teile ihrer Ausr\u00fcstung selbst. Gr\u00f6\u00dfere Anschaffungen sind meist nur \u00fcber enorme Anstrengungen realisierbar.<\/p>\n\n\n\n<p>Damit sich das \u00e4ndert, daf\u00fcr wurde der \u201eF\u00f6rderverein Baseball und Softball TV St. Ingbert Devils e.V.\u201c gegr\u00fcndet.<\/p>\n\n\n\n<p>Alle Spenden und Mitgliedsbeitr\u00e4ge an den Devils-F\u00f6rderverein sind steuerlich absetzbar und flie\u00dfen eins zu eins in die F\u00f6rderung des Base- und Softballsports in St. Ingbert.<\/p>\n\n\n\n<p>Der F\u00f6rderverein will vor allem die Jugendarbeit bei den Devils f\u00f6rdern, aber auch durch Anschaffungen und Bauma\u00dfnahmen die Trainingsbedingungen weiter verbessern (z.B. durch Platzumbauma\u00dfnahmen). Au\u00dferdem sind die Anschaffung eines mobilen Schlagk\u00e4figs (Battingcage), die F\u00f6rderung eines Jugend-Trainingscamps und andere Projekte auf dem Plan des F\u00f6rdervereins.<\/p>\n\n\n\n<p>Die letzten vom F\u00f6rderverein finanzierten Projekte sind folgende:<\/p>\n\n\n\n<ul class=\"wp-block-list\">\n<li><a href=\"https:\/\/www.devils-igb.de\/?page_id=484\"><mark style=\"background-color:rgba(0, 0, 0, 0)\" class=\"has-inline-color has-vivid-red-color\">Baseball crosses borders<\/mark><\/a> &#8211; deutsch-franz\u00f6sisches Projekt (2022)<\/li>\n\n\n\n<li><a href=\"https:\/\/www.devils-igb.de\/?page_id=3264\"><mark style=\"background-color:rgba(0, 0, 0, 0)\" class=\"has-inline-color has-vivid-red-color\">Join the Devils &#8211; Mitgliederwerbekampagne<\/mark><\/a> (2023)<\/li>\n\n\n\n<li><a href=\"https:\/\/www.devils-igb.de\/?page_id=2177\"><mark style=\"background-color:rgba(0, 0, 0, 0)\" class=\"has-inline-color has-vivid-red-color\">Devils&#8216; Baseball-Akademie &#8211; Multiplikator*innen-Schulung &#8222;Baseball-Projekte gestalten<\/mark><\/a><mark style=\"background-color:rgba(0, 0, 0, 0)\" class=\"has-inline-color has-vivid-red-color\">&#8222;<\/mark> (l\u00e4uft noch &#8211; seit 2023)<\/li>\n\n\n\n<li>Schlie\u00dfung der Dugouts mit Zaun gegen Vandalismus<\/li>\n\n\n\n<li>Bau eines neuen Scorerhauses<\/li>\n\n\n\n<li>Anschaffung eines mobilen Batting-Cages<\/li>\n\n\n\n<li>viele kleine Projekte und Anschaffungen<\/li>\n<\/ul>\n\n\n\n<p>Alles das ist nur finanzierbar, wenn der F\u00f6rderverein viele Mitglieder hat, die regelm\u00e4\u00dfig \u00fcber ihre Beitr\u00e4ge eine sichere finanzielle Basis erm\u00f6glichen.<\/p>\n\n\n\n<p>Mitglied werden kann jede Person oder auch Firma. Einfach das Mitgliedsformular ausf\u00fcllen und an die darauf angegebene Kontaktadresse schicken. Das Formular gibt es auf unserer Homepage (siehe unten auf dieser Seite!) oder bei uns auf Nachfrage.<\/p>\n\n\n\n<p>Und es kostet auch nicht viel. Mindestbeitrag ist 20 Euro. Man kann aber gerne auch mehr zahlen. Je mehr Mitglieder wir f\u00fcr den F\u00f6rderverein gewinnen, desto besser wird unser Sport sich in den n\u00e4chsten Jahren entwickeln.<\/p>\n\n\n\n<p><strong>Also, Mitglied werden und Mitglieder werben!<\/strong> Unten ist das Mitgliedsformular als PDF. Ihr k\u00f6nnt es auch bei uns erfragen.<\/p>\n\n\n\n<p><strong>Devils go!<\/strong><\/p>\n\n\n\n<p><strong>Bankverbindung F\u00f6rderverein:<\/strong><br>F\u00f6rderverein Baseball und Softball TV St. Ingbert Devils e.V.<br>IBAN: DE42 5945 0010 1030 0969 84 &#8211; Kreissparkasse Saarpfalz &#8211; BIC: SALADE51HOM<\/p>\n\n\n\n<p><strong>Anschrift F\u00f6rderverein: <\/strong><br>F\u00f6rderverein Baseball und Softball TV St. Ingbert Devils e.V.<br>Marktplatz 9, 66386 St. Ingbert<\/p>\n\n\n\n<div data-wp-interactive=\"core\/file\" class=\"wp-block-file\"><object data-wp-bind--hidden=\"!state.hasPdfPreview\" hidden class=\"wp-block-file__embed\" data=\"https:\/\/www.devils-igb.de\/wp-content\/uploads\/2026\/03\/2024-FoeV-Aufnahmeantrag.pdf\" type=\"application\/pdf\" style=\"width:100%;height:600px\" aria-label=\"Einbettung von 2024 F\u00f6V Aufnahmeantrag.\"><\/object><a id=\"wp-block-file--media-c6530e42-40d9-4ce4-b18a-32895ea2d98a\" href=\"https:\/\/www.devils-igb.de\/wp-content\/uploads\/2026\/03\/2024-FoeV-Aufnahmeantrag.pdf\" target=\"_blank\" rel=\"noreferrer noopener\">2024 F\u00f6V Aufnahmeantrag<\/a><a href=\"https:\/\/www.devils-igb.de\/wp-content\/uploads\/2026\/03\/2024-FoeV-Aufnahmeantrag.pdf\" class=\"wp-block-file__button wp-element-button\" download aria-describedby=\"wp-block-file--media-c6530e42-40d9-4ce4-b18a-32895ea2d98a\">Herunterladen<\/a><\/div>\n","protected":false},"excerpt":{"rendered":"<p>F\u00f6rderverein Baseball &amp; Softball TV St. Ingbert Devils e.V. Unterst\u00fctze Baseball &amp; Softball in St. Ingbert! Kontakt zum F\u00f6rderverein: www.devils-igb.de, kontakt@devils-igb.de Facebook-Seite des F\u00f6rdervereins: https:\/\/www.facebook.com\/foerdervereinDevils Baseball und Softball sind als Nischensport auf finanzielle F\u00f6rderung angewiesen. Bis dato finanzieren die Spielerinnen und Spieler z.B. ihre Kleidung und ihre Handschuhe sowie gro\u00dfe Teile ihrer Ausr\u00fcstung selbst. Gr\u00f6\u00dfere [&hellip;]<\/p>\n","protected":false},"author":3,"featured_media":0,"parent":0,"menu_order":0,"comment_status":"closed","ping_status":"closed","template":"","meta":{"footnotes":""},"class_list":["post-1707","page","type-page","status-publish","hentry"],"_links":{"self":[{"href":"https:\/\/www.devils-igb.de\/index.php?rest_route=\/wp\/v2\/pages\/1707","targetHints":{"allow":["GET"]}}],"collection":[{"href":"https:\/\/www.devils-igb.de\/index.php?rest_route=\/wp\/v2\/pages"}],"about":[{"href":"https:\/\/www.devils-igb.de\/index.php?rest_route=\/wp\/v2\/types\/page"}],"author":[{"embeddable":true,"href":"https:\/\/www.devils-igb.de\/index.php?rest_route=\/wp\/v2\/users\/3"}],"replies":[{"embeddable":true,"href":"https:\/\/www.devils-igb.de\/index.php?rest_route=%2Fwp%2Fv2%2Fcomments&post=1707"}],"version-history":[{"count":8,"href":"https:\/\/www.devils-igb.de\/index.php?rest_route=\/wp\/v2\/pages\/1707\/revisions"}],"predecessor-version":[{"id":6910,"href":"https:\/\/www.devils-igb.de\/index.php?rest_route=\/wp\/v2\/pages\/1707\/revisions\/6910"}],"wp:attachment":[{"href":"https:\/\/www.devils-igb.de\/index.php?rest_route=%2Fwp%2Fv2%2Fmedia&parent=1707"}],"curies":[{"name":"wp","href":"https:\/\/api.w.org\/{rel}","templated":true}]}}