{"id":2177,"date":"2023-02-23T22:00:52","date_gmt":"2023-02-23T21:00:52","guid":{"rendered":"https:\/\/www.devils-igb.de\/?page_id=2177"},"modified":"2026-03-04T12:01:49","modified_gmt":"2026-03-04T11:01:49","slug":"multiplikatorinnen-fortbildung-baseball-projekte-gestalten","status":"publish","type":"page","link":"https:\/\/www.devils-igb.de\/?page_id=2177","title":{"rendered":"Integration durch Sport"},"content":{"rendered":"\n<p class=\"has-medium-font-size\">Interessiert an der Fortbildung? Einfach bei uns melden oder gleich anmelden: <strong>kontakt@devils-igb.de<\/strong><\/p>\n\n\n\n<p><strong>Integration durch Sport &#8211; TV St. Ingbert Devils 2026<\/strong><\/p>\n\n\n\n<p>In 2026 bieten wir erst einmal keine neue Multiplikator*innen-Fortbildung an. Interessierte k\u00f6nnen sich aber nach wie vor bei uns melden, denn 2027 k\u00f6nnte es dann zum dritten Durchlauf kommen, wenn gen\u00fcgend Teilnehmende gefunden werden.<\/p>\n\n\n\n<p>Im Jahr 2026 fokussieren wir unsere Aktivit\u00e4ten im Rahmen von &#8222;Integration durch Sport&#8220; auf Sprachf\u00f6rder-Kurse f\u00fcr Menschen mit Migrationshintergrund und Gefl\u00fcchtete. Damit wollen wir aktiv in der Stadt St. Ingbert in Kooperation mit der Stadt zur Integration von Menschen \u00fcber die &#8222;Sprache&#8220; Baseball beitragen. Mehr Infos dazu folgen noch im Laufe des Jahres.<\/p>\n\n\n\n<p><strong>Integration durch Sport 2025 &#8211; Multiplikator*innen-Fortbildung<\/strong><\/p>\n\n\n\n<p><a href=\"https:\/\/www.devils-igb.de\/?p=6332\" target=\"_blank\" rel=\"noreferrer noopener\"><strong><mark style=\"background-color:rgba(0, 0, 0, 0)\" class=\"has-inline-color has-vivid-red-color\">Bericht zu Starttermin am 21. M\u00e4rz 2025<\/mark><\/strong><\/a><\/p>\n\n\n\n<p><a href=\"https:\/\/www.devils-igb.de\/?p=6339\" target=\"_blank\" rel=\"noreferrer noopener\"><strong><mark style=\"background-color:rgba(0, 0, 0, 0)\" class=\"has-inline-color has-vivid-red-color\">Bericht zu daraus entstandenener Idee eines Zusatzangebots f\u00fcr Schullehrer*innen<\/mark><\/strong><\/a><\/p>\n\n\n\n<p><a href=\"https:\/\/www.devils-igb.de\/?p=6391\" target=\"_blank\" rel=\"noreferrer noopener\"><strong><mark style=\"background-color:rgba(0, 0, 0, 0)\" class=\"has-inline-color has-vivid-red-color\">Bericht zu Praxiseinheit am 17. Mai 2025 &#8211; Erlebnisreiche Praxiseinheit in der Multiplikator*innen-Fortbildung<\/mark><\/strong><\/a><\/p>\n\n\n\n<p><a href=\"https:\/\/www.devils-igb.de\/?p=6632\" target=\"_blank\" rel=\"noreferrer noopener\"><strong><mark style=\"background-color:rgba(0, 0, 0, 0)\" class=\"has-inline-color has-vivid-red-color\">15.11.2025: Multiplikator*innen-Fortbildung zum Abschluss mit viel Spa\u00df und vielen Devils bei Halleneinheit<\/mark><\/strong><\/a><\/p>\n\n\n\n<p><strong>Zusatztermine:<\/strong><\/p>\n\n\n\n<p>25.10.25, 10-13 Uhr Fit f\u00fcr Vielfalt \u2013 Sport ohne Sprache<\/p>\n\n\n\n<p><\/p>\n\n\n\n<h2 class=\"wp-block-heading\">Start der Multi-Fortbildung Devils&#8216; Baseball-Akademie &#8222;Baseball-Projekte vielf\u00e4ltig gestalten&#8220; am 21. M\u00e4rz 2025<\/h2>\n\n\n\n<p>Der Starttermin am 21. M\u00e4rz wurde mit den Interessierten gemeinsam festgelegt. An dem Tag werden von 18:30 bis 21:00 Uhr ein Regel-Crashkurs und eine erste Einf\u00fchrung in Wissen zur Gestaltung von Baseball-Projekten in Schulen und anderen Einrichtungen im Vordergrund stehen. Es geht bei allen Treffen der Fortbildung aber immer auch um den Austausch von Erfahrungen rund um Baseball-Projekte.<\/p>\n\n\n\n<p>Wer noch teilnehmen m\u00f6chte, kann dies jederzeit tun. Einfach anmelden! Es sind noch ein paar Teilnahmepl\u00e4tze frei. <strong>Fragen, Infos &amp; Anmeldung: kontakt@devils-igb.de<\/strong><\/p>\n\n\n\n<p>Hier das Plakat und der Flyer zum zweiten Durchlauf der Multiplikator*innen-Fortbildung &#8222;Baseball-Projekte vielf\u00e4ltig gestalten&#8220;<\/p>\n\n\n\n<figure class=\"wp-block-image size-large\"><img loading=\"lazy\" decoding=\"async\" width=\"723\" height=\"1024\" src=\"https:\/\/www.devils-igb.de\/wp-content\/uploads\/2025\/01\/Multi-Fortbildung-Plakat-2025-723x1024.jpg\" alt=\"\" class=\"wp-image-6177\" srcset=\"https:\/\/www.devils-igb.de\/wp-content\/uploads\/2025\/01\/Multi-Fortbildung-Plakat-2025-723x1024.jpg 723w, https:\/\/www.devils-igb.de\/wp-content\/uploads\/2025\/01\/Multi-Fortbildung-Plakat-2025-212x300.jpg 212w, https:\/\/www.devils-igb.de\/wp-content\/uploads\/2025\/01\/Multi-Fortbildung-Plakat-2025-768x1087.jpg 768w, https:\/\/www.devils-igb.de\/wp-content\/uploads\/2025\/01\/Multi-Fortbildung-Plakat-2025.jpg 864w\" sizes=\"auto, (max-width: 723px) 100vw, 723px\" \/><\/figure>\n\n\n\n<p><strong>Flyer<\/strong><\/p>\n\n\n\n<figure class=\"wp-block-image size-full\"><img loading=\"lazy\" decoding=\"async\" width=\"866\" height=\"610\" src=\"https:\/\/www.devils-igb.de\/wp-content\/uploads\/2025\/01\/Multi-Fortbildung-Flyer-S.-1.jpg\" alt=\"\" class=\"wp-image-6183\" srcset=\"https:\/\/www.devils-igb.de\/wp-content\/uploads\/2025\/01\/Multi-Fortbildung-Flyer-S.-1.jpg 866w, https:\/\/www.devils-igb.de\/wp-content\/uploads\/2025\/01\/Multi-Fortbildung-Flyer-S.-1-300x211.jpg 300w, https:\/\/www.devils-igb.de\/wp-content\/uploads\/2025\/01\/Multi-Fortbildung-Flyer-S.-1-768x541.jpg 768w\" sizes=\"auto, (max-width: 866px) 100vw, 866px\" \/><\/figure>\n\n\n\n<p><\/p>\n\n\n\n<figure class=\"wp-block-image size-full\"><img loading=\"lazy\" decoding=\"async\" width=\"865\" height=\"612\" src=\"https:\/\/www.devils-igb.de\/wp-content\/uploads\/2025\/01\/Multi-Fortbildung-Flyer-S.-2.jpg\" alt=\"\" class=\"wp-image-6184\" srcset=\"https:\/\/www.devils-igb.de\/wp-content\/uploads\/2025\/01\/Multi-Fortbildung-Flyer-S.-2.jpg 865w, https:\/\/www.devils-igb.de\/wp-content\/uploads\/2025\/01\/Multi-Fortbildung-Flyer-S.-2-300x212.jpg 300w, https:\/\/www.devils-igb.de\/wp-content\/uploads\/2025\/01\/Multi-Fortbildung-Flyer-S.-2-768x543.jpg 768w\" sizes=\"auto, (max-width: 865px) 100vw, 865px\" \/><\/figure>\n\n\n\n<p><\/p>\n\n\n\n<p>Die leichte Ver\u00e4nderung im Titel der Fortbildung deutet darauf hin, dass bei diesem Durchlauf das Thema Vielfalt st\u00e4rker betont wird. Au\u00dferdem wurde das Programm nach den Erfahrungen des ersten Durchlaufs so umstrukturiert, dass vor allem Baseball-Unerfahrene anfangs einen Crash-Kurs zur Regelkunde bekommen sowie die Projektorientierung und -begleitung st\u00e4rker in den Vordergrund gehoben wurde.<\/p>\n\n\n\n<p>Den Rest erkl\u00e4ren wir Euch gerne, wenn Ihr Euer Interesse bekundet. Dabei k\u00f6nnen wir dann auch gerne auf die jeweiligen Bed\u00fcrfnisse potentieller Teilnehmender eingehen, was z.B. die Auswahl der Fortbildungszeiten, -tage und -orte angeht.<\/p>\n\n\n\n<p><\/p>\n\n\n\n<p><strong>Geschichte der Multiplikator*innen-Fortbildung Devils&#8216; Baseball-Akademie &#8211; Baseball-Projekte gestalten<\/strong> <strong>(2023\/2024)<\/strong><\/p>\n\n\n\n<p>Die Multiplikator*innen-Fortbildung startete 2023 und ging auch im Jahr 2024 weiter. Im <a href=\"https:\/\/www.devils-igb.de\/?p=5986\" target=\"_blank\" rel=\"noreferrer noopener\"><strong>September 2024 gab es f\u00fcr die Teilnehmenden des ersten Durchlaufs der Fortbildung dann die Zertifikate<\/strong><\/a>. Seit 2024 sind wir \u00fcber die Fortbildung St\u00fctzpunktverein des <strong><mark style=\"background-color:rgba(0, 0, 0, 0)\" class=\"has-inline-color has-vivid-red-color\"><a href=\"https:\/\/integration.dosb.de\/\" target=\"_blank\" rel=\"noreferrer noopener\">Bundesprogramms &#8222;Integration durch Sport&#8220;<\/a> <\/mark><\/strong>des Deutschen Olympischen Sportbunds.<\/p>\n\n\n\n<p>Im Jahr 2025 startet die zweite Runde der Devils&#8216; Baseball-Akademie. Dabei wird es Ver\u00e4nderungen geben, die aus den Erfahrungen der Teilnehmenden des ersten Durchlaufs resultieren. Interessierte k\u00f6nnen sich jederzeit bei den Devils erkundigen und auch noch anmelden: kontakt@devils-igb.de.<\/p>\n\n\n\n<figure class=\"wp-block-image size-large is-resized\"><a href=\"https:\/\/integration.dosb.de\/\" target=\"_blank\" rel=\"noopener\"><img loading=\"lazy\" decoding=\"async\" width=\"615\" height=\"1024\" src=\"https:\/\/www.devils-igb.de\/wp-content\/uploads\/2024\/03\/DOSB_IdS-Logo_Button_Stuetzpunktverein_ab2018_Farbe_cmyk-1-615x1024.png\" alt=\"\" class=\"wp-image-5015\" style=\"width:198px;height:auto\" srcset=\"https:\/\/www.devils-igb.de\/wp-content\/uploads\/2024\/03\/DOSB_IdS-Logo_Button_Stuetzpunktverein_ab2018_Farbe_cmyk-1-615x1024.png 615w, https:\/\/www.devils-igb.de\/wp-content\/uploads\/2024\/03\/DOSB_IdS-Logo_Button_Stuetzpunktverein_ab2018_Farbe_cmyk-1-180x300.png 180w, https:\/\/www.devils-igb.de\/wp-content\/uploads\/2024\/03\/DOSB_IdS-Logo_Button_Stuetzpunktverein_ab2018_Farbe_cmyk-1-768x1279.png 768w, https:\/\/www.devils-igb.de\/wp-content\/uploads\/2024\/03\/DOSB_IdS-Logo_Button_Stuetzpunktverein_ab2018_Farbe_cmyk-1.png 918w\" sizes=\"auto, (max-width: 615px) 100vw, 615px\" \/><\/a><\/figure>\n\n\n\n<p><strong>07.\/08.09.24: Devils\u2018 Baseball-Akademie \u2013 Wochenende im Schullandheim Braunshausen (Fortbildung<\/strong>) &#8211; Start: 07.09., 13 Uhr, Ende: 08.09., 17 Uhr <\/p>\n\n\n\n<p>Inhalte: Baseball-Pitching &amp; Scoring\/Stats &#8211; am Ende: Ehrung und \u00dcbergabe der Zertifikate an die Absolvent*innen der ersten Devils&#8216; Baseball-Akademie<\/p>\n\n\n\n<p><strong>Bericht und Fotos zu dem Workshop und den Ehrungen sowie der Zertifikats-\u00dcbergabe an die Teilnehmenden:<\/strong> <strong><a href=\"https:\/\/www.devils-igb.de\/?p=5986\" target=\"_blank\" rel=\"noreferrer noopener\"><mark style=\"background-color:rgba(0, 0, 0, 0)\" class=\"has-inline-color has-vivid-red-color\">Baseball-Pitching und Scoring im Schullandheim Braunshausen \u2013 Abschluss der Multiplikator*innen-Fortbildung \u2013 Zertifikate f\u00fcr die Absolvent*innen<\/mark><\/a><\/strong><\/p>\n\n\n\n<p><\/p>\n\n\n\n<p><strong>Bericht zu dem Workshop am 27.04.2024: <\/strong><a href=\"https:\/\/www.devils-igb.de\/?p=5218\" target=\"_blank\" rel=\"noreferrer noopener\"><strong><mark style=\"background-color:rgba(0, 0, 0, 0)\" class=\"has-inline-color has-vivid-red-color\">Toller Workshop zu Catching und Softball-Pitching mit der Expertise von Lee Lankhorst und Robert Kovacevic (Bonn Capitals) im Ballpark Wallerfeld in St. Ingber<\/mark><\/strong><\/a><a href=\"https:\/\/www.devils-igb.de\/?p=5218\"><strong><mark style=\"background-color:rgba(0, 0, 0, 0)\" class=\"has-inline-color has-vivid-red-color\">t<\/mark><\/strong><\/a><\/p>\n\n\n\n<p><strong>27.4.2024, 10:00-17:00 Uhr: Catching- und Softball-Pitching-Workshop<\/strong>, Ort: Ballpark Wallerfeld, St. Ingbert<\/p>\n\n\n\n<p><strong>Referent*innen: <\/strong>Lee Lankhorst (f\u00fcr Pitching) und Robert Kovacevic (f\u00fcr Catching), beide Bonn Capitals (Softball-Bundesligist und Deutsche Meister 2022)<\/p>\n\n\n\n<p><strong>Lee Lankhorst<\/strong> ist 22 Jahre alt, spielt seit 2007 aktiv bei den Bonn Capitals Baseball und Softball. Mit 4 Jahren macht sie beim Teeball-Training mit, wechselte dann ins Sch\u00fclerteam, wonach sie zwei Saisons im Jugendteam spielte. Mit 11 Jahren kam sie dann zum Softball. Neben dem Ligabetrieb in der Landesliga\/Verbandsliga, spielte sie in der NRW-Auswahl und nahm an einigen Deutschen Meisterschaften im U19-Bereich teil. 2015 hatte sie erste Ber\u00fchrungspunkte mit der Nationalmannschaft. Seitdem sie eine aktive Spielerin in der Nationalmannschaft von der U16 \u00fcber U19 und U22 bis hin zur Damen-Nationalmannschaft. Dieses Jahr spielt sie nun ihre sechste Saison in der Bundesliga bei den Bonn Capitals. In den letzen f\u00fcnf Saisons wurden sie zweimal Vizemeister und einmal Deutscher Meister. Au\u00dferdem belegten sie beim Deutschlandpokal den ersten Platz. Lee kann ebenfalls internationale Erfahrung vorweisen, nahm sie doch bereits an Europapokal-Spielen teil. Von Beginn an spielte sie als Pitcherin, hat aber ebenfalls ihre Einsatzzeiten auf den Positionen 1B, 3B oder Outfield.<\/p>\n\n\n\n<p><strong>Robert Kovacevic<\/strong> ist 43 Jahre alt und kommt urspr\u00fcnglich aus Kroatien. Seit 10 Jahren ist er Trainer in Deutschland, 4 Jahre bei den Hamburg Knights. Seit Bonn in der Softball-Bundesliga spielt, d.h. seit 5 Jahren ist er Coach der Bonn Capitals. Au\u00dferdem hat er als Trainer internationale Erfahrung, hat 2 Jahre den holl\u00e4ndischen Verein Tex Town Tigers und ein Jahr ein Team in Neuseeland gecoacht. Selbst war er Baseball- und Softball-Spieler, spielte in der kroatischen Nationalmannschaft sowie der U18 und war kroatischer Damen-Nationaltrainer. Bis letztes Jahr betreute er auch 3 Jahre lang die deutsche Softball-Nationalmannschaft als Hitting- und Offense-Coach.<\/p>\n\n\n\n<p><strong>Ausrichtung<\/strong>: Es sollen beim Workshop zu Softball-Pitching und zu Catching (das bezieht sich auf Softball und Baseball) Grundlagen vermittelt werden, immer mit dem Ziel, dass die Teilnehmenden dann auch in der Lage sind, das Wissen weiterzugeben. Der Workshop richtet sich an Devils und Multiplikator*innen (Anf\u00e4nger*innen (zu Pitching\/Catching)).<\/p>\n\n\n\n<p><strong><mark style=\"background-color:rgba(0, 0, 0, 0)\" class=\"has-inline-color has-vivid-red-color\">Zur Multiplikator*innen-Fortbildung<\/mark><\/strong> 2023<\/p>\n\n\n\n<ul class=\"wp-block-list\">\n<li>Start am <strong>8. September 2023, 17:30 Uhr<\/strong> (Starttermin wurde mit den Angemeldeten vereinbart), Ort: Vereinsheim der Devils, Ballpark Wallerfeld<\/li>\n\n\n\n<li>Mitwirkung am 9. September 2023 (9:09 Uhr bis ca. 13 Uhr) am Baseball-Tag &#8211; Infos siehe hier: <a href=\"https:\/\/www.devils-igb.de\/?page_id=3264\" target=\"_blank\" rel=\"noreferrer noopener\"><mark style=\"background-color:rgba(0, 0, 0, 0)\" class=\"has-inline-color has-vivid-red-color\"><strong>https:\/\/www.devils-igb.de\/?page_id=3264<\/strong><\/mark><\/a><\/li>\n\n\n\n<li>30.9.\/1.10.2023: Workshop-Wochenende zu Hitting und Fielding mit Georg Bull und Heiko Schumacher von der Deutschen Baseball-Akademie in Paderborn &#8211; n\u00e4here Infos zu den beiden hochkar\u00e4tigen Referierenden finden sich hier: <a href=\"https:\/\/www.devils-igb.de\/?page_id=3185\" target=\"_blank\" rel=\"noreferrer noopener\"><mark style=\"background-color:rgba(0, 0, 0, 0)\" class=\"has-inline-color has-vivid-red-color\"><strong>https:\/\/www.devils-igb.de\/?page_id=3185<\/strong><\/mark><\/a><br>Bericht &amp; Fotos Tag 1: <a href=\"https:\/\/www.devils-igb.de\/?p=3955\"><strong><mark style=\"background-color:rgba(0, 0, 0, 0)\" class=\"has-inline-color has-vivid-red-color\">https:\/\/www.devils-igb.de\/?p=3955<\/mark><\/strong><\/a><br>Videos Tag 1: <a href=\"https:\/\/www.devils-igb.de\/?p=3982\"><strong><mark style=\"background-color:rgba(0, 0, 0, 0)\" class=\"has-inline-color has-vivid-red-color\">https:\/\/www.devils-igb.de\/?p=3982<\/mark><\/strong><\/a><br>Bericht &amp; Fotos Tag 2: <a href=\"https:\/\/www.devils-igb.de\/?p=3998\"><strong><mark style=\"background-color:rgba(0, 0, 0, 0)\" class=\"has-inline-color has-vivid-red-color\">https:\/\/www.devils-igb.de\/?p=3998<\/mark><\/strong><\/a><br>Videos Tag 2: <a href=\"https:\/\/www.devils-igb.de\/?p=4042\"><strong><mark style=\"background-color:rgba(0, 0, 0, 0)\" class=\"has-inline-color has-vivid-red-color\">https:\/\/www.devils-igb.de\/?p=4042<\/mark><\/strong><\/a><\/li>\n\n\n\n<li>Mit den Teilnehmenden des Starttermins werden weitere Termine und die genaue zeitliche Gestaltung dann bei jedem Treffen vereinbart.<\/li>\n\n\n\n<li>09.12.23, 10:00-15:00 Uhr: Weiterer, bereits in der Fortbildungsgruppe vereinbarter Termin. Schwerpunkte: Regelkunde, Durchf\u00fchrung von Baseball-Projekten und -Aktionen (Teil 2), Sicherheit &#8211; Bericht und Fotos zum Fortbildungstag am 9.12.: <a href=\"https:\/\/www.devils-igb.de\/?p=4403\"><mark style=\"background-color:rgba(0, 0, 0, 0)\" class=\"has-inline-color has-vivid-red-color\"><strong>https:\/\/www.devils-igb.de\/?p=4403<\/strong><\/mark><\/a><\/li>\n<\/ul>\n\n\n\n<p><strong>Infos &amp; Anmeldung: <\/strong><a rel=\"noreferrer noopener\" href=\"mailto:kontakt@devils-igb.de\" target=\"_blank\">kontakt@devils-igb.de<\/a><\/p>\n\n\n\n<p><\/p>\n\n\n\n<figure class=\"wp-block-image size-large is-resized\"><img loading=\"lazy\" decoding=\"async\" width=\"724\" height=\"1024\" src=\"https:\/\/www.devils-igb.de\/wp-content\/uploads\/2023\/03\/Plakat-Multischulung-724x1024.jpg\" alt=\"\" class=\"wp-image-2268\" style=\"width:774px;height:1094px\" srcset=\"https:\/\/www.devils-igb.de\/wp-content\/uploads\/2023\/03\/Plakat-Multischulung-724x1024.jpg 724w, https:\/\/www.devils-igb.de\/wp-content\/uploads\/2023\/03\/Plakat-Multischulung-212x300.jpg 212w, https:\/\/www.devils-igb.de\/wp-content\/uploads\/2023\/03\/Plakat-Multischulung-768x1086.jpg 768w, https:\/\/www.devils-igb.de\/wp-content\/uploads\/2023\/03\/Plakat-Multischulung.jpg 865w\" sizes=\"auto, (max-width: 724px) 100vw, 724px\" \/><\/figure>\n\n\n\n<div data-wp-interactive=\"core\/file\" class=\"wp-block-file\"><object data-wp-bind--hidden=\"!state.hasPdfPreview\" hidden class=\"wp-block-file__embed\" data=\"https:\/\/www.devils-igb.de\/wp-content\/uploads\/2023\/03\/Flyer-L-DIN-Multischulung_print.pdf\" type=\"application\/pdf\" style=\"width:100%;height:600px\" aria-label=\"Einbettung von Flyer-L-DIN-Multischulung_print.\"><\/object><a id=\"wp-block-file--media-d6448cba-a35b-4ad6-8351-83bee50e56d7\" href=\"https:\/\/www.devils-igb.de\/wp-content\/uploads\/2023\/03\/Flyer-L-DIN-Multischulung_print.pdf\">Flyer-L-DIN-Multischulung_print<\/a><a href=\"https:\/\/www.devils-igb.de\/wp-content\/uploads\/2023\/03\/Flyer-L-DIN-Multischulung_print.pdf\" class=\"wp-block-file__button wp-element-button\" download aria-describedby=\"wp-block-file--media-d6448cba-a35b-4ad6-8351-83bee50e56d7\">Herunterladen<\/a><\/div>\n\n\n\n<p><strong>Multiplikator*innen-Fortbildung <\/strong><strong><strong>DEVILS\u2018 BASEBALL-AKADEMIE<\/strong><\/strong> &#8211; <strong>Baseball-Projekte gestalten<\/strong><\/p>\n\n\n\n<p><em>** Externe Referierende ** Baseball-Knowhow ** Theorie &amp; Praxis ** Projektmanagement ** Qualifizierung ** Zertifikat **<\/em><\/p>\n\n\n\n<p><strong>Gef\u00f6rdert \u00fcber: Deutsche Stiftung f\u00fcr Engagement und Ehrenamt<\/strong><\/p>\n\n\n\n<p><strong>Kooperationspartner*innen: Stadt St. Ingbert<\/strong><\/p>\n\n\n\n<p><strong>Zielgruppen der Fortbildung: <\/strong><\/p>\n\n\n\n<ul class=\"wp-block-list\">\n<li>Lehrer*innen<\/li>\n\n\n\n<li>Erzieher*innen<\/li>\n\n\n\n<li>Fachkr\u00e4fte in der Nachmittagsbetreuung, aus der Kinder- und Jugendarbeit, aus der Sozialen Arbeit\/Sozialp\u00e4dagogik, aus allen Bildungsbereichen (auch Erwachsenenbildung)<\/li>\n\n\n\n<li>Trainer*innen und \u00dcbungsleiter*innen<\/li>\n\n\n\n<li>Studierende (speziell: Sport-Studierende, Studierende aus p\u00e4dagogischen Feldern)<\/li>\n\n\n\n<li>Bereits aktive Spieler*innen der TV St. Ingbert Devils<\/li>\n\n\n\n<li>Baseball-Interessierte<\/li>\n\n\n\n<li>Und eigentlich alle, die sich f\u00fcr die Schulung interessieren<\/li>\n<\/ul>\n\n\n\n<p><strong>Aufbau der Fortbildung<\/strong><\/p>\n\n\n\n<ul class=\"wp-block-list\">\n<li>Allgemeine und baseballspezifische Module<\/li>\n\n\n\n<li>Zus\u00e4tzlich praktischer Teil: Alle m\u00fcssen im Laufe der Fortbildung eine Aktion (z.B. eine Veranstaltung) und ein Projekt selbst organisieren und durchf\u00fchren.<\/li>\n\n\n\n<li>Zentrale Orte: Vernetzungstreffen, die durchgehend stattfinden.<\/li>\n\n\n\n<li>Bei jedem Treffen: Inputs zu einzelnen Modulen, Pr\u00e4sentation des Zwischenstands der Aktionen und Projekte sowie Reflektion &amp; Feedback (kollegiales Coaching)<\/li>\n\n\n\n<li>Spa\u00df, Gemeinschaft und Erlebnis sind ebenfalls mit dabei<\/li>\n\n\n\n<li>Abschluss der Fortbildung: Zertifikat f\u00fcr alle Teilnehmende. Danach ist &#8211; sofern gew\u00fcnscht \u2013 ein Einbringen in den Strukturen und Projekte des Vereins m\u00f6glich.<\/li>\n<\/ul>\n\n\n\n<figure class=\"wp-block-image size-full\"><img loading=\"lazy\" decoding=\"async\" width=\"796\" height=\"671\" src=\"https:\/\/www.devils-igb.de\/wp-content\/uploads\/2023\/02\/grafik.png\" alt=\"\" class=\"wp-image-2178\" srcset=\"https:\/\/www.devils-igb.de\/wp-content\/uploads\/2023\/02\/grafik.png 796w, https:\/\/www.devils-igb.de\/wp-content\/uploads\/2023\/02\/grafik-300x253.png 300w, https:\/\/www.devils-igb.de\/wp-content\/uploads\/2023\/02\/grafik-768x647.png 768w\" sizes=\"auto, (max-width: 796px) 100vw, 796px\" \/><\/figure>\n\n\n\n<p><strong>Termine &amp; Orte<\/strong><\/p>\n\n\n\n<p>Die Schulungstermine stehen noch nicht fest. Allerdings werden es folgende Orte sein: Ballpark Wallerfeld (Baseball-Platz, St. Ingbert), Vereinsturnhalle des TV St. Ingbert, LSVS und das Schullandheim in Braunshausen.<\/p>\n\n\n\n<p>Als feste Termine in der Schulung sind ein Auftakttreffen und weitere Vernetzungstreffen (ca. alle 2-3 Monate) geplant. Die Dauer der einzelnen Treffen wird mit den Teilnehmenden gemeinsam abh\u00e4ngig von ihren Bed\u00fcrfnissen festgelegt. Von Halbtagestreffen bis hin zu ganzen Wochenenden sind verschiedene Formate denkbar.<\/p>\n\n\n\n<p><\/p>\n\n\n\n<p><strong>Anmeldung:<\/strong><\/p>\n\n\n\n<p>kontakt@devils-igb.de \u2013 www.devils-igb.de<\/p>\n\n\n\n<p><\/p>\n\n\n\n<p>Die Devils bedanken sich bei Stiftung DSEE (Deutsche Stiftung f\u00fcr Engagement und Ehrenamt &#8211; <a href=\"https:\/\/www.deutsche-stiftung-engagement-und-ehrenamt.de\/\" target=\"_blank\" rel=\"noreferrer noopener\">https:\/\/www.deutsche-stiftung-engagement-und-ehrenamt.de\/<\/a>), die den Start der Multiplikator*innen-Fortbildung im Jahr 2023 f\u00f6rderte und damit ma\u00dfgeblich zum Erfolg dieser Fortbildung beitrug.<\/p>\n\n\n\n<p>Die Devils bedanken sich au\u00dferdem beim Landessportverband Saar (LSVS) und beim Deutschen Olympischen Sportbund. Seit 2024 sind wir \u00fcber die Fortbildung St\u00fctzpunktverein des <strong><mark style=\"background-color:rgba(0, 0, 0, 0)\" class=\"has-inline-color has-vivid-red-color\"><a href=\"https:\/\/integration.dosb.de\/\" target=\"_blank\" rel=\"noreferrer noopener\">Bundesprogramms &#8222;Integration durch Sport&#8220;<\/a> <\/mark><\/strong>des Deutschen Olympischen Sportbunds, welches vom LSVS koordiniert wird.<\/p>\n","protected":false},"excerpt":{"rendered":"<p>Interessiert an der Fortbildung? Einfach bei uns melden oder gleich anmelden: kontakt@devils-igb.de Integration durch Sport &#8211; TV St. Ingbert Devils 2026 In 2026 bieten wir erst einmal keine neue Multiplikator*innen-Fortbildung an. Interessierte k\u00f6nnen sich aber nach wie vor bei uns melden, denn 2027 k\u00f6nnte es dann zum dritten Durchlauf kommen, wenn gen\u00fcgend Teilnehmende gefunden werden. [&hellip;]<\/p>\n","protected":false},"author":3,"featured_media":0,"parent":0,"menu_order":0,"comment_status":"closed","ping_status":"closed","template":"","meta":{"footnotes":""},"class_list":["post-2177","page","type-page","status-publish","hentry"],"_links":{"self":[{"href":"https:\/\/www.devils-igb.de\/index.php?rest_route=\/wp\/v2\/pages\/2177","targetHints":{"allow":["GET"]}}],"collection":[{"href":"https:\/\/www.devils-igb.de\/index.php?rest_route=\/wp\/v2\/pages"}],"about":[{"href":"https:\/\/www.devils-igb.de\/index.php?rest_route=\/wp\/v2\/types\/page"}],"author":[{"embeddable":true,"href":"https:\/\/www.devils-igb.de\/index.php?rest_route=\/wp\/v2\/users\/3"}],"replies":[{"embeddable":true,"href":"https:\/\/www.devils-igb.de\/index.php?rest_route=%2Fwp%2Fv2%2Fcomments&post=2177"}],"version-history":[{"count":47,"href":"https:\/\/www.devils-igb.de\/index.php?rest_route=\/wp\/v2\/pages\/2177\/revisions"}],"predecessor-version":[{"id":6904,"href":"https:\/\/www.devils-igb.de\/index.php?rest_route=\/wp\/v2\/pages\/2177\/revisions\/6904"}],"wp:attachment":[{"href":"https:\/\/www.devils-igb.de\/index.php?rest_route=%2Fwp%2Fv2%2Fmedia&parent=2177"}],"curies":[{"name":"wp","href":"https:\/\/api.w.org\/{rel}","templated":true}]}}