{"id":2181,"date":"2023-02-23T22:05:05","date_gmt":"2023-02-23T21:05:05","guid":{"rendered":"https:\/\/www.devils-igb.de\/?page_id=2181"},"modified":"2023-02-24T21:44:35","modified_gmt":"2023-02-24T20:44:35","slug":"koordinationsstelle-fuer-multiplikatorinnen-schulung-baseball-projekte-gestalten-jetzt-bewerben","status":"publish","type":"page","link":"https:\/\/www.devils-igb.de\/?page_id=2181","title":{"rendered":"Koordinationsstelle f\u00fcr Multiplikator*innen-Schulung &#8222;Baseball-Projekte gestalten&#8220; &#8211; jetzt bewerben!"},"content":{"rendered":"\n<p><a href=\"https:\/\/ehrenamt-regionalverband.de\/angebote\/info?tx_chancenportal_chancenportal%5Baction%5D=offerDetail&amp;tx_chancenportal_chancenportal%5Bcontroller%5D=Frontend&amp;tx_chancenportal_chancenportal%5Boffer%5D=143&amp;cHash=fb9f262674410cb9106f62d2f94aa4b7\"><strong>Stellenausschreibung in Ehrenamtsb\u00f6rse Regionalverban<\/strong>d SB<\/a><\/p>\n\n\n<div class=\"wp-block-image\">\n<figure class=\"aligncenter size-large\"><img loading=\"lazy\" decoding=\"async\" width=\"724\" height=\"1024\" src=\"https:\/\/www.devils-igb.de\/wp-content\/uploads\/2023\/02\/Koordinator_in-gesucht-724x1024.jpg\" alt=\"\" class=\"wp-image-2182\" srcset=\"https:\/\/www.devils-igb.de\/wp-content\/uploads\/2023\/02\/Koordinator_in-gesucht-724x1024.jpg 724w, https:\/\/www.devils-igb.de\/wp-content\/uploads\/2023\/02\/Koordinator_in-gesucht-212x300.jpg 212w, https:\/\/www.devils-igb.de\/wp-content\/uploads\/2023\/02\/Koordinator_in-gesucht-768x1086.jpg 768w, https:\/\/www.devils-igb.de\/wp-content\/uploads\/2023\/02\/Koordinator_in-gesucht-1086x1536.jpg 1086w, https:\/\/www.devils-igb.de\/wp-content\/uploads\/2023\/02\/Koordinator_in-gesucht.jpg 1414w\" sizes=\"auto, (max-width: 724px) 100vw, 724px\" \/><\/figure><\/div>\n\n\n<p>Die Koordinationsstelle soll dazu beitragen, dass das Projekt bekannt wird, Teilnehmende gefunden werden. Es geht aber auch darum, dann die konkreten Termine der Schulung zu planen und die Teilnehmenden auf der Suche nach Praxisprojekten und -aktionen zu begleiten.<\/p>\n\n\n\n<p>F\u00fcr die Koordinationsstelle gibt es eine Aufwandsentsch\u00e4digung ab Mai bis Ende des Jahres. Es w\u00e4re gut, wenn die Person aber schon vorher einsteigen k\u00f6nnte, da die Bewerbung der Fortbildung startet.<\/p>\n\n\n\n<p>Die Multiplikator*innen-Schulung soll den Teilnehmenden erm\u00f6glichen, hinterher selbst Baseball-Projekte in ihrem jeweiligen Kontext (beruflich oder privat) durchf\u00fchren zu k\u00f6nnen.<\/p>\n\n\n\n<p>Zielgruppen sind also alle p\u00e4dagogischen Fachkr\u00e4fte (Lehrer*innen, Erzieher*innen, Nachmittagsbetreuung, Erwachsenenbildung, Kinder- und Jugendhilfe, usw.), aber auch andere Personen, die gerne Baseball-Projekte gestalten w\u00fcrden.<\/p>\n\n\n\n<p>Weitere Informationen zur Fortbildung k\u00f6nnen wir gerne auf Nachfrage zukommen lassen. Sie werden dann aber auch in K\u00fcrze auf der Website der St. Ingbert Devils eingestellt sein: <a href=\"http:\/\/www.devils-igb.de\">www.devils-igb.de<\/a><\/p>\n\n\n\n<p>Mail: kontakt@devils-igb.de<\/p>\n","protected":false},"excerpt":{"rendered":"<p>Stellenausschreibung in Ehrenamtsb\u00f6rse Regionalverband SB Die Koordinationsstelle soll dazu beitragen, dass das Projekt bekannt wird, Teilnehmende gefunden werden. Es geht aber auch darum, dann die konkreten Termine der Schulung zu planen und die Teilnehmenden auf der Suche nach Praxisprojekten und -aktionen zu begleiten. F\u00fcr die Koordinationsstelle gibt es eine Aufwandsentsch\u00e4digung ab Mai bis Ende des [&hellip;]<\/p>\n","protected":false},"author":3,"featured_media":0,"parent":0,"menu_order":0,"comment_status":"closed","ping_status":"closed","template":"","meta":{"footnotes":""},"class_list":["post-2181","page","type-page","status-publish","hentry"],"_links":{"self":[{"href":"https:\/\/www.devils-igb.de\/index.php?rest_route=\/wp\/v2\/pages\/2181","targetHints":{"allow":["GET"]}}],"collection":[{"href":"https:\/\/www.devils-igb.de\/index.php?rest_route=\/wp\/v2\/pages"}],"about":[{"href":"https:\/\/www.devils-igb.de\/index.php?rest_route=\/wp\/v2\/types\/page"}],"author":[{"embeddable":true,"href":"https:\/\/www.devils-igb.de\/index.php?rest_route=\/wp\/v2\/users\/3"}],"replies":[{"embeddable":true,"href":"https:\/\/www.devils-igb.de\/index.php?rest_route=%2Fwp%2Fv2%2Fcomments&post=2181"}],"version-history":[{"count":3,"href":"https:\/\/www.devils-igb.de\/index.php?rest_route=\/wp\/v2\/pages\/2181\/revisions"}],"predecessor-version":[{"id":2226,"href":"https:\/\/www.devils-igb.de\/index.php?rest_route=\/wp\/v2\/pages\/2181\/revisions\/2226"}],"wp:attachment":[{"href":"https:\/\/www.devils-igb.de\/index.php?rest_route=%2Fwp%2Fv2%2Fmedia&parent=2181"}],"curies":[{"name":"wp","href":"https:\/\/api.w.org\/{rel}","templated":true}]}}