{"id":2220,"date":"2023-02-24T21:26:46","date_gmt":"2023-02-24T20:26:46","guid":{"rendered":"https:\/\/www.devils-igb.de\/?page_id=2220"},"modified":"2023-04-14T16:34:12","modified_gmt":"2023-04-14T14:34:12","slug":"30-april-1300-1800-uhr-hobbyturnier-in-st-ingbert-in-kooperation-mit-saarpfalz-kreis-und-deutsch-amerikanischem-institut-dai","status":"publish","type":"page","link":"https:\/\/www.devils-igb.de\/?page_id=2220","title":{"rendered":"30. April 2023, 13:00-18:00 Uhr: Hobbyturnier in St. Ingbert in Kooperation mit Saarpfalz-Kreis und Deutsch-Amerikanischem Institut (DAI)"},"content":{"rendered":"\n<p>(en bas l&#8217;affiche en francais) (English poster below)<\/p>\n\n\n\n<p>+++ NEWS zum Hobbyturnier +++<\/p>\n\n\n\n<ul class=\"wp-block-list\">\n<li>Anmeldungen sollten nach M\u00f6glichkeit bis Mitte April eingegangen sein, sind aber auch danach noch m\u00f6glich. Anmelden k\u00f6nnen sich alle, die Baseball gerne mal ausprobieren wollen. <strong>Anmeldungen an kontakt@devils-igb.de<\/strong><\/li>\n\n\n\n<li>15.04.2023, 19 Uhr: Vorf\u00fchrung des Baseball-Films &#8222;Eine Klasse f\u00fcr sich&#8220; in der <a rel=\"noreferrer noopener\" href=\"https:\/\/kinowerkstatt.de\/\" target=\"_blank\">Kinowerkstatt St. Ingbert<\/a> &#8211; in dem <a rel=\"noreferrer noopener\" href=\"https:\/\/de.wikipedia.org\/wiki\/Eine_Klasse_f%C3%BCr_sich_(1992)\" target=\"_blank\">Film \u201eEine Klasse f\u00fcr sich\u201c<\/a> (mit u.a. Tom Hanks, Madonna, Geena Davis, Ann Cusack) geht es um Baseball und die Rolle der Frauen in den USA im Baseballsport und vieles mehr. Damit soll allen Interessierten Geschmack auf das Hobbyturnier gemacht werden.<\/li>\n\n\n\n<li>Und es haben sich mehrere prominente G\u00e4ste als Zuschauer*innen f\u00fcrs Hobybturnier angek\u00fcndigt. So werden die Devils Landrat Theophil Gallo und der saarl\u00e4ndische Minister f\u00fcr Inneres, Bauen und Sport, Reinhold Jost, unter den Zuschauenden begr\u00fc\u00dfen d\u00fcrfen.<\/li>\n<\/ul>\n\n\n\n<p>Am 30. April veranstalten die TV St. Ingbert Devils von 13 bis 18 Uhr ein Baseball-Hobbyturnier in Kooperation mit dem Saarpfalz-Kreis und dem Deutsche-Amerikanischen Institut Saarland im Ballpark Wallerfeld in St. Ingbert. Baseball-Hobbyturniere f\u00fchren die Devils aus St. Ingbert bereits seit 1995 durch. In dieser langen Tradition ist das diesj\u00e4hrige Hobbyturnier aber in vielerlei Hinsicht ein besonderes.<\/p>\n\n\n\n<p>Die Devils des TV St. Ingbert freuen sich \u00fcber m\u00f6glichst viele Teilnehmende, Interessierte und Zuschauende und einen tollen Baseball-Tag mit viel Spa\u00df und lachenden Gesichtern. Wer vorher schon auf den Geschmack kommen will, kann bereits beim ersten Heimspieltag der Devils im Ballpark Wallerfeld dabei sein, wenn es am 23. April in der Baseball-Liga zum Saisonauftakt gegen die Worms Cannibals und die Mainz Athletics kommt.<\/p>\n\n\n\n<figure class=\"wp-block-image size-large\"><img loading=\"lazy\" decoding=\"async\" width=\"727\" height=\"1024\" src=\"https:\/\/www.devils-igb.de\/wp-content\/uploads\/2023\/03\/2023-04-30-H-Turnier-SPK-DAI-DE-3-727x1024.jpg\" alt=\"\" class=\"wp-image-2299\" srcset=\"https:\/\/www.devils-igb.de\/wp-content\/uploads\/2023\/03\/2023-04-30-H-Turnier-SPK-DAI-DE-3-727x1024.jpg 727w, https:\/\/www.devils-igb.de\/wp-content\/uploads\/2023\/03\/2023-04-30-H-Turnier-SPK-DAI-DE-3-213x300.jpg 213w, https:\/\/www.devils-igb.de\/wp-content\/uploads\/2023\/03\/2023-04-30-H-Turnier-SPK-DAI-DE-3-768x1081.jpg 768w, https:\/\/www.devils-igb.de\/wp-content\/uploads\/2023\/03\/2023-04-30-H-Turnier-SPK-DAI-DE-3-1091x1536.jpg 1091w, https:\/\/www.devils-igb.de\/wp-content\/uploads\/2023\/03\/2023-04-30-H-Turnier-SPK-DAI-DE-3.jpg 1104w\" sizes=\"auto, (max-width: 727px) 100vw, 727px\" \/><\/figure>\n\n\n\n<figure class=\"wp-block-image size-large\"><img loading=\"lazy\" decoding=\"async\" width=\"727\" height=\"1024\" src=\"https:\/\/www.devils-igb.de\/wp-content\/uploads\/2023\/03\/2023-04-30-H-Turnier-SPK-DAI-FR-1-727x1024.jpg\" alt=\"\" class=\"wp-image-2300\" srcset=\"https:\/\/www.devils-igb.de\/wp-content\/uploads\/2023\/03\/2023-04-30-H-Turnier-SPK-DAI-FR-1-727x1024.jpg 727w, https:\/\/www.devils-igb.de\/wp-content\/uploads\/2023\/03\/2023-04-30-H-Turnier-SPK-DAI-FR-1-213x300.jpg 213w, https:\/\/www.devils-igb.de\/wp-content\/uploads\/2023\/03\/2023-04-30-H-Turnier-SPK-DAI-FR-1-768x1082.jpg 768w, https:\/\/www.devils-igb.de\/wp-content\/uploads\/2023\/03\/2023-04-30-H-Turnier-SPK-DAI-FR-1-1090x1536.jpg 1090w, https:\/\/www.devils-igb.de\/wp-content\/uploads\/2023\/03\/2023-04-30-H-Turnier-SPK-DAI-FR-1.jpg 1099w\" sizes=\"auto, (max-width: 727px) 100vw, 727px\" \/><\/figure>\n\n\n\n<figure class=\"wp-block-image size-large\"><img loading=\"lazy\" decoding=\"async\" width=\"727\" height=\"1024\" src=\"https:\/\/www.devils-igb.de\/wp-content\/uploads\/2023\/03\/2023-04-30-H-Turnier-SPK-DAI-ENG-1-727x1024.jpg\" alt=\"\" class=\"wp-image-2302\" srcset=\"https:\/\/www.devils-igb.de\/wp-content\/uploads\/2023\/03\/2023-04-30-H-Turnier-SPK-DAI-ENG-1-727x1024.jpg 727w, https:\/\/www.devils-igb.de\/wp-content\/uploads\/2023\/03\/2023-04-30-H-Turnier-SPK-DAI-ENG-1-213x300.jpg 213w, https:\/\/www.devils-igb.de\/wp-content\/uploads\/2023\/03\/2023-04-30-H-Turnier-SPK-DAI-ENG-1-768x1081.jpg 768w, https:\/\/www.devils-igb.de\/wp-content\/uploads\/2023\/03\/2023-04-30-H-Turnier-SPK-DAI-ENG-1.jpg 811w\" sizes=\"auto, (max-width: 727px) 100vw, 727px\" \/><\/figure>\n\n\n\n<p><em>[Gemeinsame Pressemitteilung des Saarpfalzkreises, des Deutsch-Amerikanischen Instituts (DAI) und der TV St. Ingbert Devils]<\/em><\/p>\n\n\n\n<p><strong>Baseball \u2013 ein amerikanischer Ballsport zum Kennenlernen beim Hobbyturnier in St. Ingbert<\/strong><\/p>\n\n\n\n<p>Die St. Ingbert Devils, das Deutsch-Amerikanische Institut und der Saarpfalz-Kreis laden am 30. April 2023 zum Hobbyturnier ins St. Ingberter Wallerfeld ein. Teilnehmen k\u00f6nnen alle, die sich vorher anmelden.<\/p>\n\n\n\n<p>Baseball ist eine in Amerika sehr beliebte Mannschaftssportart. Um Baseball erleben zu k\u00f6nnen, muss man nicht weit reisen. \u201eBaseball wird bei uns Devils schon seit 1989 gespielt. Wir sind eine Abteilung des TV St. Ingbert und der \u00e4lteste Baseball-Verein im Saarland. Wir haben drei verschiedene Teams. Schon seit den 90er Jahren laden wir zu Hobbyturnieren ein. Wir freuen uns \u00fcber Interessierte und ein m\u00f6glichst internationales Turnier\u201c, informiert Mark Unbehend, Leiter der Abteilung Baseball &amp; Softball des TV St. Ingbert.<\/p>\n\n\n\n<p>Doch wie funktioniert Baseball? Bei den Devils kann man lernen, was es mit dem Pitcher (Werfer), Batter (Schl\u00e4ger) und Runner (L\u00e4ufer) auf sich hat. Mitte der 80er Jahre gab Robert Redford in \u201eThe Natural\/Der Unbeugsame\u201c in den Kinos Einblicke in den Baseballsport und die Biographie des Baseballspielers Roy Hobbs. \u00c4hnlich auch die Geschichte um \u201eBabe Ruth\u201c, welche 1992 mit John Goodman verfilmt wurde oder die Filmserie der Indianer von Cleveland in den 90ern.<\/p>\n\n\n\n<p>All diese Geschichten handeln von leidenschaftlichen Zielen und Freude am Spiel. Genau das m\u00f6chten die Devils mit ihrer Einladung zum Hobbyturnier in Kooperation mit dem Deutsch-Amerikanischen Institut (DAI) und dem Saarpfalz-Kreis erreichen: Spa\u00df, das Vermitteln des amerikanischen Sports und ein Ort des Austauschs. \u201eMit dem Turnier m\u00f6chten wir auch in unserer Region lebende Amerikanerinnen und Amerikaner und ihre Familien erreichen als Mitspielerinnen und Mitspieler, als Unterst\u00fctzende oder als Zuschauer. Deshalb gehen unsere Einladungen auch an die US-Communities nach Baumholder und Ramstein\/Kaiserslautern\u201c, erkl\u00e4rt Dr. Bruno von Lutz, gesch\u00e4ftsf\u00fchrendes DAI-Vorstandsmitglied.<\/p>\n\n\n\n<p>Schauplatz hierzu ist am Sonntag, 30. April, von 13 bis 18 Uhr, der Wallerfeld-Sportplatz in St. Ingbert. Interessierte sind eingeladen, den Baseball-Sport kennenzulernen. Bei ung\u00fcnstigem Wetter wird in der Wallerfeld-Sporthalle gespielt. Man sollte lediglich mit entsprechender Sportkleidung ausger\u00fcstet sein. Nach einer Einf\u00fchrung ins Regelwerk und der Einteilung in Mannschaften wird mit Softb\u00e4llen gespielt. Im \u00dcbrigen war und ist in den USA Frauen-Baseball selten. Frauen spielten bislang im Profi-Baseball eine untergeordnete Rolle und \u00fcbten den Sport mit dem Softball aus. Dass Baseball auch Frauensport ist, bewiesen 1942 Baseballerinnen der ersten Frauenliga. Dies wird in dem 1992er-Film \u201eA League of Their Own\/Eine Klasse f\u00fcr sich&#8220; mit Tom Hanks, Geena Davis, Lori Petty und Madonna nacherz\u00e4hlt. Der Film erfuhr 2022 eine Neuauflage. \u201eVielleicht kommt es perspektivisch so, dass mehr Frauen den Baseball-Sport erobern. Das w\u00e4re \u00e4hnlich dem Frauen-Fussball ein interessanter Aspekt. Nach dem deutsch-franz\u00f6sischen Projekt \u201eBaseball crosses borders\u201c im letzten Jahr ist die Fortf\u00fchrung der Hobbyturniere eine sch\u00f6ne Initiative f\u00fcr Begegnungen mit hier lebenden Amerikanerinnen und Amerikanern, Menschen aus dem benachbarten Frankreich und der Saarpfalz\u201c, unterstreicht Landrat Dr. Theophil Gallo, DAI-Vorstandsmitglied.<\/p>\n\n\n\n<p>Bei den Devils spielen Frauen und M\u00e4nner gemeinsam in der Baseball- und der Softball-Liga. Auch das Training findet gemeinsam statt.<\/p>\n\n\n\n<p>Neben dem sportlichen Augenschmaus erwarten die Zuschauerinnen und Zuschauer typische amerikanische Burger und weitere Spezialit\u00e4ten.&nbsp;Und weil es beim Turnier nur Gewinnerinnen und Gewinner geben wird, erhalten alle Teilnehmenden als Erinnerung eine Baseball-Cap. Die Teilnahme ist kostenlos. Um besser planen zu k\u00f6nnen, ist eine Anmeldung erforderlich. Infos und Anmeldung bei den Devils: Abteilungsleiter Mark Unbehend, Mail: kontakt@devils-igb.de.<\/p>\n\n\n\n<p>Weitere Infos: <a href=\"http:\/\/www.devils-igb.de\">www.devils-igb.de<\/a>&nbsp;<\/p>\n\n\n\n<figure class=\"wp-block-image size-large\"><img loading=\"lazy\" decoding=\"async\" width=\"678\" height=\"1024\" src=\"https:\/\/www.devils-igb.de\/wp-content\/uploads\/2023\/02\/2023-02-05-Kinder-WiLiga-SLS-CS-46-3-678x1024.jpg\" alt=\"\" class=\"wp-image-2221\" srcset=\"https:\/\/www.devils-igb.de\/wp-content\/uploads\/2023\/02\/2023-02-05-Kinder-WiLiga-SLS-CS-46-3-678x1024.jpg 678w, https:\/\/www.devils-igb.de\/wp-content\/uploads\/2023\/02\/2023-02-05-Kinder-WiLiga-SLS-CS-46-3-199x300.jpg 199w, https:\/\/www.devils-igb.de\/wp-content\/uploads\/2023\/02\/2023-02-05-Kinder-WiLiga-SLS-CS-46-3-768x1160.jpg 768w, https:\/\/www.devils-igb.de\/wp-content\/uploads\/2023\/02\/2023-02-05-Kinder-WiLiga-SLS-CS-46-3-1017x1536.jpg 1017w, https:\/\/www.devils-igb.de\/wp-content\/uploads\/2023\/02\/2023-02-05-Kinder-WiLiga-SLS-CS-46-3-1356x2048.jpg 1356w, https:\/\/www.devils-igb.de\/wp-content\/uploads\/2023\/02\/2023-02-05-Kinder-WiLiga-SLS-CS-46-3-scaled.jpg 1696w\" sizes=\"auto, (max-width: 678px) 100vw, 678px\" \/><\/figure>\n\n\n\n<p>Foto: Christian Schiafone<\/p>\n\n\n\n<p>Bildtext: Junger Baseball-Spieler bei den St. Ingberter Devils in der Kinder-Winterliga<\/p>\n\n\n\n<hr class=\"wp-block-separator has-alpha-channel-opacity\"\/>\n\n\n\n<p><a id=\"_msocom_1\"><\/a><br><\/p>\n","protected":false},"excerpt":{"rendered":"<p>(en bas l&#8217;affiche en francais) (English poster below) +++ NEWS zum Hobbyturnier +++ Am 30. April veranstalten die TV St. Ingbert Devils von 13 bis 18 Uhr ein Baseball-Hobbyturnier in Kooperation mit dem Saarpfalz-Kreis und dem Deutsche-Amerikanischen Institut Saarland im Ballpark Wallerfeld in St. Ingbert. Baseball-Hobbyturniere f\u00fchren die Devils aus St. Ingbert bereits seit 1995 [&hellip;]<\/p>\n","protected":false},"author":3,"featured_media":0,"parent":0,"menu_order":0,"comment_status":"closed","ping_status":"closed","template":"","meta":{"footnotes":""},"class_list":["post-2220","page","type-page","status-publish","hentry"],"_links":{"self":[{"href":"https:\/\/www.devils-igb.de\/index.php?rest_route=\/wp\/v2\/pages\/2220","targetHints":{"allow":["GET"]}}],"collection":[{"href":"https:\/\/www.devils-igb.de\/index.php?rest_route=\/wp\/v2\/pages"}],"about":[{"href":"https:\/\/www.devils-igb.de\/index.php?rest_route=\/wp\/v2\/types\/page"}],"author":[{"embeddable":true,"href":"https:\/\/www.devils-igb.de\/index.php?rest_route=\/wp\/v2\/users\/3"}],"replies":[{"embeddable":true,"href":"https:\/\/www.devils-igb.de\/index.php?rest_route=%2Fwp%2Fv2%2Fcomments&post=2220"}],"version-history":[{"count":8,"href":"https:\/\/www.devils-igb.de\/index.php?rest_route=\/wp\/v2\/pages\/2220\/revisions"}],"predecessor-version":[{"id":2819,"href":"https:\/\/www.devils-igb.de\/index.php?rest_route=\/wp\/v2\/pages\/2220\/revisions\/2819"}],"wp:attachment":[{"href":"https:\/\/www.devils-igb.de\/index.php?rest_route=%2Fwp%2Fv2%2Fmedia&parent=2220"}],"curies":[{"name":"wp","href":"https:\/\/api.w.org\/{rel}","templated":true}]}}