{"id":2796,"date":"2023-04-11T23:48:25","date_gmt":"2023-04-11T21:48:25","guid":{"rendered":"https:\/\/www.devils-igb.de\/?page_id=2796"},"modified":"2026-04-18T12:19:54","modified_gmt":"2026-04-18T10:19:54","slug":"devils-shop","status":"publish","type":"page","link":"https:\/\/www.devils-igb.de\/?page_id=2796","title":{"rendered":"Devils-Shop"},"content":{"rendered":"\n<p>Hier listen wir einige der Devils-Artikel auf, die derzeit bei uns bestellbar sind. Wenn Ihr sonst was an Devils-Artikeln gerne h\u00e4ttet, lasst es uns wissen. Anmerkung vorweg: Wir sind kein Unternehmen, sondern komplett ehrenamtlich organisiert. Einige Sachen haben wir vorr\u00e4tig, andere nicht. Manchmal dauert es bei Bestellungen k\u00fcrzer, manchmal l\u00e4nger&#8230;<\/p>\n\n\n\n<p><strong>Bestellungen bitte an: <a href=\"mailto:kontakt@devils-igb.de\" target=\"_blank\" rel=\"noreferrer noopener\">kontakt@devils-igb.de<\/a><\/strong><\/p>\n\n\n\n<figure class=\"wp-block-image size-large is-resized\"><img loading=\"lazy\" decoding=\"async\" width=\"1024\" height=\"683\" src=\"https:\/\/www.devils-igb.de\/wp-content\/uploads\/2026\/04\/2026-04-18-Devils-neue-Flaschen-14-1024x683.jpg\" alt=\"\" class=\"wp-image-7130\" style=\"width:448px;height:auto\" srcset=\"https:\/\/www.devils-igb.de\/wp-content\/uploads\/2026\/04\/2026-04-18-Devils-neue-Flaschen-14-1024x683.jpg 1024w, https:\/\/www.devils-igb.de\/wp-content\/uploads\/2026\/04\/2026-04-18-Devils-neue-Flaschen-14-300x200.jpg 300w, https:\/\/www.devils-igb.de\/wp-content\/uploads\/2026\/04\/2026-04-18-Devils-neue-Flaschen-14-768x512.jpg 768w, https:\/\/www.devils-igb.de\/wp-content\/uploads\/2026\/04\/2026-04-18-Devils-neue-Flaschen-14-1536x1024.jpg 1536w, https:\/\/www.devils-igb.de\/wp-content\/uploads\/2026\/04\/2026-04-18-Devils-neue-Flaschen-14.jpg 1920w\" sizes=\"auto, (max-width: 1024px) 100vw, 1024px\" \/><\/figure>\n\n\n\n<div class=\"wp-block-media-text has-media-on-the-right is-stacked-on-mobile\"><div class=\"wp-block-media-text__content\">\n<p><strong>Devils-Trinkflasche 0,4L (sp\u00fclmaschinenfest)<\/strong><\/p>\n\n\n\n<p><strong>9 \u20ac<\/strong><\/p>\n\n\n\n<p>F\u00fcllmenge 0,4 Liter, Material Tritan, roter Schraubverschluss mit Klappe, Aufdruck: Devils-Logo &amp; Schriftzug \u201eTV St. Ingbert Devils\u201c<\/p>\n<\/div><figure class=\"wp-block-media-text__media\"><img loading=\"lazy\" decoding=\"async\" width=\"1024\" height=\"683\" src=\"https:\/\/www.devils-igb.de\/wp-content\/uploads\/2026\/04\/2026-04-18-Devils-neue-Flaschen-3-1024x683.jpg\" alt=\"\" class=\"wp-image-7128 size-full\" srcset=\"https:\/\/www.devils-igb.de\/wp-content\/uploads\/2026\/04\/2026-04-18-Devils-neue-Flaschen-3-1024x683.jpg 1024w, https:\/\/www.devils-igb.de\/wp-content\/uploads\/2026\/04\/2026-04-18-Devils-neue-Flaschen-3-300x200.jpg 300w, https:\/\/www.devils-igb.de\/wp-content\/uploads\/2026\/04\/2026-04-18-Devils-neue-Flaschen-3-768x512.jpg 768w, https:\/\/www.devils-igb.de\/wp-content\/uploads\/2026\/04\/2026-04-18-Devils-neue-Flaschen-3-1536x1024.jpg 1536w, https:\/\/www.devils-igb.de\/wp-content\/uploads\/2026\/04\/2026-04-18-Devils-neue-Flaschen-3.jpg 1920w\" sizes=\"auto, (max-width: 1024px) 100vw, 1024px\" \/><\/figure><\/div>\n\n\n\n<div class=\"wp-block-media-text is-stacked-on-mobile\"><figure class=\"wp-block-media-text__media\"><img loading=\"lazy\" decoding=\"async\" width=\"1024\" height=\"768\" src=\"https:\/\/www.devils-igb.de\/wp-content\/uploads\/2025\/12\/2025-12-05-Saisonabschluss-15-1-1024x768.jpg\" alt=\"\" class=\"wp-image-6700 size-full\" srcset=\"https:\/\/www.devils-igb.de\/wp-content\/uploads\/2025\/12\/2025-12-05-Saisonabschluss-15-1-1024x768.jpg 1024w, https:\/\/www.devils-igb.de\/wp-content\/uploads\/2025\/12\/2025-12-05-Saisonabschluss-15-1-300x225.jpg 300w, https:\/\/www.devils-igb.de\/wp-content\/uploads\/2025\/12\/2025-12-05-Saisonabschluss-15-1-768x576.jpg 768w, https:\/\/www.devils-igb.de\/wp-content\/uploads\/2025\/12\/2025-12-05-Saisonabschluss-15-1-1536x1152.jpg 1536w, https:\/\/www.devils-igb.de\/wp-content\/uploads\/2025\/12\/2025-12-05-Saisonabschluss-15-1-2048x1536.jpg 2048w\" sizes=\"auto, (max-width: 1024px) 100vw, 1024px\" \/><\/figure><div class=\"wp-block-media-text__content\">\n<p><strong>Devils-Trinkflasche<\/strong> <strong>0,5L<\/strong> (nicht sp\u00fclmaschinenfest)<\/p>\n\n\n\n<p>6 \u20ac<\/p>\n\n\n\n<p>F\u00fcllmenge 0,5 Liter, roter Schraubverschluss, Aufdruck: Devils-Logo &amp; Schriftzug &#8222;TV St. Ingbert Devils&#8220;<\/p>\n\n\n\n<p><em>(nicht sp\u00fclmaschinenfest!)<\/em><\/p>\n<\/div><\/div>\n\n\n\n<div class=\"wp-block-media-text has-media-on-the-right is-stacked-on-mobile\" style=\"grid-template-columns:auto 42%\"><div class=\"wp-block-media-text__content\">\n<p><strong>Trainingsshirt Adler basic<\/strong><\/p>\n\n\n\n<p>39 \u20ac<\/p>\n<\/div><figure class=\"wp-block-media-text__media\"><img loading=\"lazy\" decoding=\"async\" width=\"639\" height=\"841\" src=\"https:\/\/www.devils-igb.de\/wp-content\/uploads\/2024\/05\/Trainingsshirt-Adler-Basic2.jpg\" alt=\"\" class=\"wp-image-5358 size-full\" srcset=\"https:\/\/www.devils-igb.de\/wp-content\/uploads\/2024\/05\/Trainingsshirt-Adler-Basic2.jpg 639w, https:\/\/www.devils-igb.de\/wp-content\/uploads\/2024\/05\/Trainingsshirt-Adler-Basic2-228x300.jpg 228w\" sizes=\"auto, (max-width: 639px) 100vw, 639px\" \/><\/figure><\/div>\n\n\n\n<div class=\"wp-block-media-text is-stacked-on-mobile\"><figure class=\"wp-block-media-text__media\"><img loading=\"lazy\" decoding=\"async\" width=\"357\" height=\"407\" src=\"https:\/\/www.devils-igb.de\/wp-content\/uploads\/2024\/01\/Wollmuetze4-1.jpg\" alt=\"\" class=\"wp-image-4693 size-full\" srcset=\"https:\/\/www.devils-igb.de\/wp-content\/uploads\/2024\/01\/Wollmuetze4-1.jpg 357w, https:\/\/www.devils-igb.de\/wp-content\/uploads\/2024\/01\/Wollmuetze4-1-263x300.jpg 263w\" sizes=\"auto, (max-width: 357px) 100vw, 357px\" \/><\/figure><div class=\"wp-block-media-text__content\">\n<p><strong>Devils-Wollm\u00fctze (Beanie)<\/strong><\/p>\n\n\n\n<p>16 \u20ac<\/p>\n\n\n\n<p>Kombi-Kauf mit Devils-Schal <br>&#8211; zusammen: 30 \u20ac<\/p>\n<\/div><\/div>\n\n\n\n<div class=\"wp-block-media-text has-media-on-the-right is-stacked-on-mobile\"><div class=\"wp-block-media-text__content\">\n<p><strong>Devils-Schal<\/strong><\/p>\n\n\n\n<p>16 \u20ac<\/p>\n\n\n\n<p>Kombi-Kauf mit Devils-Wollm\u00fctze (Beanie) &#8211; zusammen: 30 \u20ac<br><\/p>\n\n\n\n<p><\/p>\n\n\n\n<p><\/p>\n\n\n\n<p><\/p>\n\n\n\n<p><\/p>\n\n\n\n<p><\/p>\n\n\n\n<p><\/p>\n<\/div><figure class=\"wp-block-media-text__media\"><img loading=\"lazy\" decoding=\"async\" width=\"814\" height=\"1024\" src=\"https:\/\/www.devils-igb.de\/wp-content\/uploads\/2023\/11\/Schal5-814x1024.jpg\" alt=\"\" class=\"wp-image-4181 size-full\" srcset=\"https:\/\/www.devils-igb.de\/wp-content\/uploads\/2023\/11\/Schal5-814x1024.jpg 814w, https:\/\/www.devils-igb.de\/wp-content\/uploads\/2023\/11\/Schal5-239x300.jpg 239w, https:\/\/www.devils-igb.de\/wp-content\/uploads\/2023\/11\/Schal5-768x966.jpg 768w, https:\/\/www.devils-igb.de\/wp-content\/uploads\/2023\/11\/Schal5-1221x1536.jpg 1221w, https:\/\/www.devils-igb.de\/wp-content\/uploads\/2023\/11\/Schal5.jpg 1491w\" sizes=\"auto, (max-width: 814px) 100vw, 814px\" \/><\/figure><\/div>\n\n\n\n<div class=\"wp-block-media-text alignwide is-stacked-on-mobile\" style=\"grid-template-columns:31% auto\"><figure class=\"wp-block-media-text__media\"><img loading=\"lazy\" decoding=\"async\" width=\"692\" height=\"830\" src=\"https:\/\/www.devils-igb.de\/wp-content\/uploads\/2023\/04\/Shirt-Devils-Schriftzug-2.jpg\" alt=\"\" class=\"wp-image-2797 size-full\" srcset=\"https:\/\/www.devils-igb.de\/wp-content\/uploads\/2023\/04\/Shirt-Devils-Schriftzug-2.jpg 692w, https:\/\/www.devils-igb.de\/wp-content\/uploads\/2023\/04\/Shirt-Devils-Schriftzug-2-250x300.jpg 250w\" sizes=\"auto, (max-width: 692px) 100vw, 692px\" \/><\/figure><div class=\"wp-block-media-text__content\">\n<p><strong>Devils-Shirt Schriftzug 2<\/strong><br>Erwachsenengr\u00f6\u00dfen 15 \u20ac<br>Kindergr\u00f6\u00dfen 13 \u20ac<\/p>\n<\/div><\/div>\n\n\n\n<div class=\"wp-block-media-text alignwide has-media-on-the-right is-stacked-on-mobile\" style=\"grid-template-columns:auto 34%\"><div class=\"wp-block-media-text__content\">\n<p class=\"has-text-align-right\"><strong>Devils-Shirt Schriftzug 1<\/strong><br>Erwachsenengr\u00f6\u00dfen 15 \u20ac<br>Kindergr\u00f6\u00dfen 13 \u20ac<\/p>\n<\/div><figure class=\"wp-block-media-text__media\"><img loading=\"lazy\" decoding=\"async\" width=\"598\" height=\"764\" src=\"https:\/\/www.devils-igb.de\/wp-content\/uploads\/2023\/04\/Shirt-Devils-Schriftzug-1.jpg\" alt=\"\" class=\"wp-image-2798 size-full\" srcset=\"https:\/\/www.devils-igb.de\/wp-content\/uploads\/2023\/04\/Shirt-Devils-Schriftzug-1.jpg 598w, https:\/\/www.devils-igb.de\/wp-content\/uploads\/2023\/04\/Shirt-Devils-Schriftzug-1-235x300.jpg 235w\" sizes=\"auto, (max-width: 598px) 100vw, 598px\" \/><\/figure><\/div>\n\n\n\n<div class=\"wp-block-media-text alignwide is-stacked-on-mobile\" style=\"grid-template-columns:27% auto\"><figure class=\"wp-block-media-text__media\"><img loading=\"lazy\" decoding=\"async\" width=\"773\" height=\"1024\" src=\"https:\/\/www.devils-igb.de\/wp-content\/uploads\/2023\/04\/Cap-Devils-773x1024.jpg\" alt=\"\" class=\"wp-image-2799 size-full\" srcset=\"https:\/\/www.devils-igb.de\/wp-content\/uploads\/2023\/04\/Cap-Devils-773x1024.jpg 773w, https:\/\/www.devils-igb.de\/wp-content\/uploads\/2023\/04\/Cap-Devils-227x300.jpg 227w, https:\/\/www.devils-igb.de\/wp-content\/uploads\/2023\/04\/Cap-Devils-768x1017.jpg 768w, https:\/\/www.devils-igb.de\/wp-content\/uploads\/2023\/04\/Cap-Devils-1160x1536.jpg 1160w, https:\/\/www.devils-igb.de\/wp-content\/uploads\/2023\/04\/Cap-Devils-1547x2048.jpg 1547w, https:\/\/www.devils-igb.de\/wp-content\/uploads\/2023\/04\/Cap-Devils-scaled.jpg 1933w\" sizes=\"auto, (max-width: 773px) 100vw, 773px\" \/><\/figure><div class=\"wp-block-media-text__content\">\n<p class=\"has-text-align-left\"><strong>Devils-Caps<\/strong><br>Flexfit (variabel mit Gummiband) oder <br>Adjustable (verstellbar): 28 \u20ac<\/p>\n<\/div><\/div>\n\n\n\n<div class=\"wp-block-media-text alignwide has-media-on-the-right is-stacked-on-mobile\" style=\"grid-template-columns:auto 25%\"><div class=\"wp-block-media-text__content\">\n<p class=\"has-text-align-right\"><strong>Devils-Tasse Schriftzug 1<\/strong><\/p>\n\n\n\n<p class=\"has-text-align-right\">11 \u20ac<\/p>\n<\/div><figure class=\"wp-block-media-text__media\"><img loading=\"lazy\" decoding=\"async\" width=\"178\" height=\"195\" src=\"https:\/\/www.devils-igb.de\/wp-content\/uploads\/2023\/04\/Devils-Tasse-Schriftzug-1.jpg\" alt=\"\" class=\"wp-image-2800 size-full\"\/><\/figure><\/div>\n\n\n\n<div class=\"wp-block-media-text alignwide is-stacked-on-mobile\" style=\"grid-template-columns:27% auto\"><figure class=\"wp-block-media-text__media\"><img loading=\"lazy\" decoding=\"async\" width=\"675\" height=\"795\" src=\"https:\/\/www.devils-igb.de\/wp-content\/uploads\/2023\/04\/Devils-Tasse-Schriftzug-2.jpg\" alt=\"\" class=\"wp-image-2801 size-full\" srcset=\"https:\/\/www.devils-igb.de\/wp-content\/uploads\/2023\/04\/Devils-Tasse-Schriftzug-2.jpg 675w, https:\/\/www.devils-igb.de\/wp-content\/uploads\/2023\/04\/Devils-Tasse-Schriftzug-2-255x300.jpg 255w\" sizes=\"auto, (max-width: 675px) 100vw, 675px\" \/><\/figure><div class=\"wp-block-media-text__content\">\n<p class=\"has-text-align-left\"><strong>Devils-Tasse Schriftzug 2<\/strong><\/p>\n\n\n\n<p class=\"has-text-align-left\">11 \u20ac<\/p>\n<\/div><\/div>\n\n\n\n<div class=\"wp-block-media-text alignwide has-media-on-the-right is-stacked-on-mobile\" style=\"grid-template-columns:auto 36%\"><div class=\"wp-block-media-text__content\">\n<p class=\"has-text-align-right\"><strong>Devils-Sportbeutel (Polyester)<\/strong><\/p>\n\n\n\n<p class=\"has-text-align-right\">Schriftzug 1<\/p>\n\n\n\n<p class=\"has-text-align-right\">13 \u20ac<\/p>\n<\/div><figure class=\"wp-block-media-text__media\"><img loading=\"lazy\" decoding=\"async\" width=\"882\" height=\"844\" src=\"https:\/\/www.devils-igb.de\/wp-content\/uploads\/2023\/04\/Sportbeutel-Polyester-Devils-Schriftzug1.jpg\" alt=\"\" class=\"wp-image-2802 size-full\" srcset=\"https:\/\/www.devils-igb.de\/wp-content\/uploads\/2023\/04\/Sportbeutel-Polyester-Devils-Schriftzug1.jpg 882w, https:\/\/www.devils-igb.de\/wp-content\/uploads\/2023\/04\/Sportbeutel-Polyester-Devils-Schriftzug1-300x287.jpg 300w, https:\/\/www.devils-igb.de\/wp-content\/uploads\/2023\/04\/Sportbeutel-Polyester-Devils-Schriftzug1-768x735.jpg 768w\" sizes=\"auto, (max-width: 882px) 100vw, 882px\" \/><\/figure><\/div>\n\n\n\n<div class=\"wp-block-media-text alignwide is-stacked-on-mobile\" style=\"grid-template-columns:32% auto\"><figure class=\"wp-block-media-text__media\"><img loading=\"lazy\" decoding=\"async\" width=\"599\" height=\"829\" src=\"https:\/\/www.devils-igb.de\/wp-content\/uploads\/2023\/04\/Devils-Sportbeutel-Baumwolle-Schriftzug-2-1.jpg\" alt=\"\" class=\"wp-image-2807 size-full\" srcset=\"https:\/\/www.devils-igb.de\/wp-content\/uploads\/2023\/04\/Devils-Sportbeutel-Baumwolle-Schriftzug-2-1.jpg 599w, https:\/\/www.devils-igb.de\/wp-content\/uploads\/2023\/04\/Devils-Sportbeutel-Baumwolle-Schriftzug-2-1-217x300.jpg 217w\" sizes=\"auto, (max-width: 599px) 100vw, 599px\" \/><\/figure><div class=\"wp-block-media-text__content\">\n<p class=\"has-text-align-left\"><strong>Devils-Sportbeutel (Baumwolle)<\/strong><\/p>\n\n\n\n<p class=\"has-text-align-left\">Schriftzug 1<\/p>\n\n\n\n<p class=\"has-text-align-left\">13 \u20ac<\/p>\n<\/div><\/div>\n\n\n\n<div class=\"wp-block-media-text alignwide has-media-on-the-right is-stacked-on-mobile\" style=\"grid-template-columns:auto 22%\"><div class=\"wp-block-media-text__content\">\n<p class=\"has-text-align-right\"><strong>Devils-Aufkleber<\/strong><\/p>\n\n\n\n<p class=\"has-text-align-right\">1 \u20ac<\/p>\n<\/div><figure class=\"wp-block-media-text__media\"><img loading=\"lazy\" decoding=\"async\" width=\"1017\" height=\"1024\" src=\"https:\/\/www.devils-igb.de\/wp-content\/uploads\/2023\/04\/Aufkleber-1017x1024.jpg\" alt=\"\" class=\"wp-image-2804 size-full\" srcset=\"https:\/\/www.devils-igb.de\/wp-content\/uploads\/2023\/04\/Aufkleber-1017x1024.jpg 1017w, https:\/\/www.devils-igb.de\/wp-content\/uploads\/2023\/04\/Aufkleber-298x300.jpg 298w, https:\/\/www.devils-igb.de\/wp-content\/uploads\/2023\/04\/Aufkleber-150x150.jpg 150w, https:\/\/www.devils-igb.de\/wp-content\/uploads\/2023\/04\/Aufkleber-768x774.jpg 768w, https:\/\/www.devils-igb.de\/wp-content\/uploads\/2023\/04\/Aufkleber-1525x1536.jpg 1525w, https:\/\/www.devils-igb.de\/wp-content\/uploads\/2023\/04\/Aufkleber-2033x2048.jpg 2033w\" sizes=\"auto, (max-width: 1017px) 100vw, 1017px\" \/><\/figure><\/div>\n\n\n\n<div class=\"wp-block-media-text alignwide is-stacked-on-mobile\" style=\"grid-template-columns:24% auto\"><figure class=\"wp-block-media-text__media\"><img loading=\"lazy\" decoding=\"async\" width=\"1024\" height=\"1020\" src=\"https:\/\/www.devils-igb.de\/wp-content\/uploads\/2023\/04\/Pin-1024x1020.jpg\" alt=\"\" class=\"wp-image-2805 size-full\" srcset=\"https:\/\/www.devils-igb.de\/wp-content\/uploads\/2023\/04\/Pin-1024x1020.jpg 1024w, https:\/\/www.devils-igb.de\/wp-content\/uploads\/2023\/04\/Pin-300x300.jpg 300w, https:\/\/www.devils-igb.de\/wp-content\/uploads\/2023\/04\/Pin-150x150.jpg 150w, https:\/\/www.devils-igb.de\/wp-content\/uploads\/2023\/04\/Pin-768x765.jpg 768w, https:\/\/www.devils-igb.de\/wp-content\/uploads\/2023\/04\/Pin-1536x1529.jpg 1536w, https:\/\/www.devils-igb.de\/wp-content\/uploads\/2023\/04\/Pin-2048x2039.jpg 2048w\" sizes=\"auto, (max-width: 1024px) 100vw, 1024px\" \/><\/figure><div class=\"wp-block-media-text__content\">\n<p><strong>Devils-Pin<\/strong><\/p>\n\n\n\n<p>1 \u20ac<\/p>\n<\/div><\/div>\n\n\n\n<div class=\"wp-block-media-text alignwide has-media-on-the-right is-stacked-on-mobile\" style=\"grid-template-columns:auto 47%\"><div class=\"wp-block-media-text__content\">\n<p>Devils-Umh\u00e4ngetasche Schriftzug 1<\/p>\n\n\n\n<p>23 \u20ac<\/p>\n<\/div><figure class=\"wp-block-media-text__media\"><img loading=\"lazy\" decoding=\"async\" width=\"967\" height=\"540\" src=\"https:\/\/www.devils-igb.de\/wp-content\/uploads\/2023\/04\/Devils-Umhaengetasche.jpg\" alt=\"\" class=\"wp-image-2806 size-full\" srcset=\"https:\/\/www.devils-igb.de\/wp-content\/uploads\/2023\/04\/Devils-Umhaengetasche.jpg 967w, https:\/\/www.devils-igb.de\/wp-content\/uploads\/2023\/04\/Devils-Umhaengetasche-300x168.jpg 300w, https:\/\/www.devils-igb.de\/wp-content\/uploads\/2023\/04\/Devils-Umhaengetasche-768x429.jpg 768w\" sizes=\"auto, (max-width: 967px) 100vw, 967px\" \/><\/figure><\/div>\n\n\n\n<div class=\"wp-block-media-text alignwide is-stacked-on-mobile\" style=\"grid-template-columns:42% auto\"><figure class=\"wp-block-media-text__media\"><img loading=\"lazy\" decoding=\"async\" width=\"471\" height=\"877\" src=\"https:\/\/www.devils-igb.de\/wp-content\/uploads\/2023\/04\/Hoodie-1.jpg\" alt=\"\" class=\"wp-image-2809 size-full\" srcset=\"https:\/\/www.devils-igb.de\/wp-content\/uploads\/2023\/04\/Hoodie-1.jpg 471w, https:\/\/www.devils-igb.de\/wp-content\/uploads\/2023\/04\/Hoodie-1-161x300.jpg 161w\" sizes=\"auto, (max-width: 471px) 100vw, 471px\" \/><\/figure><div class=\"wp-block-media-text__content\">\n<p><strong>Devils-Hoodies (Kapuzenpullis)<\/strong>: Es sind die rotschwarzen, die einige schon haben (Modelle auf den Fotos!). Der Preis ist inklusive Aufdruck, sollte aber bei uns erfragt werden, da er gr\u00f6\u00dfenabh\u00e4ngig ist (Kinder-Gr\u00f6\u00dfen: ca. 36 \u20ac, Erwachsene: ca. 43 \u20ac &#8211; die Preise bei den Hoodies sind abh\u00e4ngig von der Gesamtzahl bestellter Hoodies)<\/p>\n\n\n\n<div class=\"wp-block-media-text alignwide is-stacked-on-mobile\" style=\"grid-template-columns:42% auto\"><figure class=\"wp-block-media-text__media\"><img loading=\"lazy\" decoding=\"async\" width=\"464\" height=\"703\" src=\"https:\/\/www.devils-igb.de\/wp-content\/uploads\/2023\/04\/Hoodie-2.jpg\" alt=\"\" class=\"wp-image-2810 size-full\" srcset=\"https:\/\/www.devils-igb.de\/wp-content\/uploads\/2023\/04\/Hoodie-2.jpg 464w, https:\/\/www.devils-igb.de\/wp-content\/uploads\/2023\/04\/Hoodie-2-198x300.jpg 198w\" sizes=\"auto, (max-width: 464px) 100vw, 464px\" \/><\/figure><div class=\"wp-block-media-text__content\">\n<p><\/p>\n\n\n\n<div class=\"wp-block-media-text alignwide is-stacked-on-mobile\" style=\"grid-template-columns:85% auto\"><figure class=\"wp-block-media-text__media\"><img loading=\"lazy\" decoding=\"async\" width=\"766\" height=\"1024\" src=\"https:\/\/www.devils-igb.de\/wp-content\/uploads\/2023\/04\/Hoodie-3-766x1024.jpg\" alt=\"\" class=\"wp-image-2812 size-full\" srcset=\"https:\/\/www.devils-igb.de\/wp-content\/uploads\/2023\/04\/Hoodie-3-766x1024.jpg 766w, https:\/\/www.devils-igb.de\/wp-content\/uploads\/2023\/04\/Hoodie-3-224x300.jpg 224w, https:\/\/www.devils-igb.de\/wp-content\/uploads\/2023\/04\/Hoodie-3-768x1026.jpg 768w, https:\/\/www.devils-igb.de\/wp-content\/uploads\/2023\/04\/Hoodie-3-1149x1536.jpg 1149w, https:\/\/www.devils-igb.de\/wp-content\/uploads\/2023\/04\/Hoodie-3.jpg 1412w\" sizes=\"auto, (max-width: 766px) 100vw, 766px\" \/><\/figure><div class=\"wp-block-media-text__content\">\n<p><\/p>\n<\/div><\/div>\n<\/div><\/div>\n<\/div><\/div>\n\n\n\n<figure class=\"wp-block-image size-large\"><img loading=\"lazy\" decoding=\"async\" width=\"768\" height=\"1024\" src=\"https:\/\/www.devils-igb.de\/wp-content\/uploads\/2023\/04\/20230330_123555-768x1024.jpg\" alt=\"\" class=\"wp-image-2813\" srcset=\"https:\/\/www.devils-igb.de\/wp-content\/uploads\/2023\/04\/20230330_123555-768x1024.jpg 768w, https:\/\/www.devils-igb.de\/wp-content\/uploads\/2023\/04\/20230330_123555-225x300.jpg 225w, https:\/\/www.devils-igb.de\/wp-content\/uploads\/2023\/04\/20230330_123555-1152x1536.jpg 1152w, https:\/\/www.devils-igb.de\/wp-content\/uploads\/2023\/04\/20230330_123555-1536x2048.jpg 1536w, https:\/\/www.devils-igb.de\/wp-content\/uploads\/2023\/04\/20230330_123555-scaled.jpg 1920w\" sizes=\"auto, (max-width: 768px) 100vw, 768px\" \/><figcaption class=\"wp-element-caption\">Ihr k\u00f6nnt Euch auch gleich komplett eindecken, so wie dieser junge Devil hier!!!<\/figcaption><\/figure>\n","protected":false},"excerpt":{"rendered":"<p>Hier listen wir einige der Devils-Artikel auf, die derzeit bei uns bestellbar sind. Wenn Ihr sonst was an Devils-Artikeln gerne h\u00e4ttet, lasst es uns wissen. Anmerkung vorweg: Wir sind kein Unternehmen, sondern komplett ehrenamtlich organisiert. Einige Sachen haben wir vorr\u00e4tig, andere nicht. Manchmal dauert es bei Bestellungen k\u00fcrzer, manchmal l\u00e4nger&#8230; Bestellungen bitte an: kontakt@devils-igb.de Devils-Trinkflasche [&hellip;]<\/p>\n","protected":false},"author":3,"featured_media":0,"parent":0,"menu_order":0,"comment_status":"closed","ping_status":"closed","template":"","meta":{"footnotes":""},"class_list":["post-2796","page","type-page","status-publish","hentry"],"_links":{"self":[{"href":"https:\/\/www.devils-igb.de\/index.php?rest_route=\/wp\/v2\/pages\/2796","targetHints":{"allow":["GET"]}}],"collection":[{"href":"https:\/\/www.devils-igb.de\/index.php?rest_route=\/wp\/v2\/pages"}],"about":[{"href":"https:\/\/www.devils-igb.de\/index.php?rest_route=\/wp\/v2\/types\/page"}],"author":[{"embeddable":true,"href":"https:\/\/www.devils-igb.de\/index.php?rest_route=\/wp\/v2\/users\/3"}],"replies":[{"embeddable":true,"href":"https:\/\/www.devils-igb.de\/index.php?rest_route=%2Fwp%2Fv2%2Fcomments&post=2796"}],"version-history":[{"count":12,"href":"https:\/\/www.devils-igb.de\/index.php?rest_route=\/wp\/v2\/pages\/2796\/revisions"}],"predecessor-version":[{"id":7133,"href":"https:\/\/www.devils-igb.de\/index.php?rest_route=\/wp\/v2\/pages\/2796\/revisions\/7133"}],"wp:attachment":[{"href":"https:\/\/www.devils-igb.de\/index.php?rest_route=%2Fwp%2Fv2%2Fmedia&parent=2796"}],"curies":[{"name":"wp","href":"https:\/\/api.w.org\/{rel}","templated":true}]}}