{"id":3185,"date":"2023-05-07T22:04:36","date_gmt":"2023-05-07T20:04:36","guid":{"rendered":"https:\/\/www.devils-igb.de\/?page_id=3185"},"modified":"2023-09-16T20:59:45","modified_gmt":"2023-09-16T18:59:45","slug":"news-zur-multiplikatorinnen-fortbildung-devils-baseball-akademie-baseball-projekte-gestalten","status":"publish","type":"page","link":"https:\/\/www.devils-igb.de\/?page_id=3185","title":{"rendered":"NEWS zur Multiplikator*innen-Fortbildung Devils&#8216; Baseball-Akademie &#8211; Baseball-Projekte gestalten"},"content":{"rendered":"\n<p>Termine:<\/p>\n\n\n\n<ul class=\"wp-block-list\">\n<li>Start am <strong>8. September, 17:30 Uhr<\/strong> (Starttermin wurde mit den Angemeldeten vereinbart), Ort: Vereinsheim der Devils, Ballpark Wallerfeld<\/li>\n\n\n\n<li>Mitwirkung am 9. September (9:09 Uhr bis ca. 13 Uhr) am Baseball-Tag &#8211; Infos siehe hier: <a rel=\"noreferrer noopener\" href=\"https:\/\/www.devils-igb.de\/?page_id=3264\" target=\"_blank\"><mark style=\"background-color:rgba(0, 0, 0, 0)\" class=\"has-inline-color has-vivid-red-color\"><strong>https:\/\/www.devils-igb.de\/?page_id=3264<\/strong><\/mark><\/a><\/li>\n\n\n\n<li><strong>30.9.\/1.10.: Workshop-Wochenende<\/strong> zu Hitting und Fielding mit Georg Bull und Heiko Schumacher von der Deutschen Baseball-Akademie in Paderborn<\/li>\n\n\n\n<li>Mit den Teilnehmenden werden weitere Termine und die genaue zeitliche Gestaltung dann noch vereinbart.<\/li>\n\n\n\n<li>Ein weiterer Termin wurde auf den 9.12., 10-15 Uhr, datiert.<\/li>\n<\/ul>\n\n\n\n<p>Sollten Sie gerne nur an einzelnen Terminen teilnehmen, nehmen Sie bitte mit uns Kontakt auf. Es lassen sich dann L\u00f6sungen finden.<\/p>\n\n\n\n<p>Infos zu Referent*innen:<\/p>\n\n\n\n<p><strong>30.9.\/1.10.: Workshop-Wochenende Hitting und Fielding<\/strong><\/p>\n\n\n\n<p>Ort: St. Ingbert, Ballpark Wallerfeld und Vereinsturnhalle TV St. Ingbert<\/p>\n\n\n\n<p>F\u00fcr dieses Wochenende gelang es den Devils, hochkar\u00e4tige Referierende f\u00fcr einen Wochenendworkshop in St. Ingbert zu gewinnen. An zwei Tagen werden Heiko Schumacher und Georg Bull Theorie- und Praxiseinheiten zu zwei Basis-Themen aller Baseballprojekte, n\u00e4mlich Hitting (Schlagen) und Fielding (Fangen und Werfen) geben.<\/p>\n\n\n\n<p><strong>Kurzvorstellung der beiden Referierenden <a rel=\"noreferrer noopener\" href=\"https:\/\/www.baseballakademie.de\/player\/heiko-schumacher\/\" target=\"_blank\"><mark style=\"background-color:rgba(0, 0, 0, 0)\" class=\"has-inline-color has-vivid-red-color\">Heiko Schumacher<\/mark><\/a> und <a rel=\"noreferrer noopener\" href=\"https:\/\/www.baseballakademie.de\/player\/georg-bull\/\" target=\"_blank\"><mark style=\"background-color:rgba(0, 0, 0, 0)\" class=\"has-inline-color has-vivid-red-color\">Georg Bull<\/mark><\/a> sowie der <a rel=\"noreferrer noopener\" href=\"https:\/\/www.baseballakademie.de\/\" target=\"_blank\">Deutschen Baseball-Akademie<\/a><\/strong> (DBA)<\/p>\n\n\n\n<p>Hauptverantwortlich f\u00fcr die Konzepterstellung vor Gr\u00fcndung und Umsetzung der Deutschen Baseball-Akademie war und ist&nbsp;<a rel=\"noreferrer noopener\" href=\"https:\/\/baseballakademie.de\/player\/georg-bull\/\" target=\"_blank\"><strong><mark style=\"background-color:rgba(0, 0, 0, 0)\" class=\"has-inline-color has-vivid-red-color\">Georg Bull<\/mark><\/strong><\/a>. Er hatte erfolgreich die Jugendarbeit der Untouchables Paderborn so aufgebaut, dass Anfang des Jahrtausends eine deutliche Dominanz, belegt durch etliche Deutsche Meisterschaften bei den Junioren und der Jugend, erarbeitet worden war. Die Untouchables erkl\u00e4rten sich bereit, im Wesentlichen diese Strukturen an den deutschen Baseballsport abzutreten.<\/p>\n\n\n\n<p>Das&nbsp;<strong><a rel=\"noreferrer noopener\" href=\"https:\/\/baseballakademie.de\/dba-akademie\/ziele-der-dba\/\" target=\"_blank\"><mark style=\"background-color:rgba(0, 0, 0, 0)\" class=\"has-inline-color has-vivid-red-color\">Hauptziel<\/mark><\/a>&nbsp;<\/strong>des Vereins ist es, den deutschen Baseball, was Qualit\u00e4t, Verankerung in der Gesellschaft und den \u00f6ffentlichen Wahrnehmungswert betrifft, voranzubringen. Dies wird zum einen durch vielschichtige&nbsp;<a rel=\"noreferrer noopener\" href=\"https:\/\/baseballakademie.de\/dba-akademie\/dba-aktivitaeten\/\" target=\"_blank\"><strong><mark style=\"background-color:rgba(0, 0, 0, 0)\" class=\"has-inline-color has-vivid-red-color\">F\u00f6rderma\u00dfnahmen<\/mark><\/strong><\/a> f\u00fcr den Nachwuchs und deren Trainer, aber auch durch f\u00fcr Studierende pr\u00fcfungsrelevante Kursangebote an etlichen deutschen Universit\u00e4ten kontinuierlich umgesetzt. Mittlerweile hat die DBA die Betreuung und Finanzierung der Nationalmannschaften U12 und U15 \u00fcbernommen und seitdem 5 Europameisterschaften gewonnen. Auch die U18 ist mittlerweile vom Coaching Staff der DBA betreut, befindet sich jedoch immer noch in der Administration des Dachverbandes Deutsche Baseball- und Softball-Verband (DBV).<\/p>\n\n\n\n<p>Georg Bull als Mitglied der Hall of Fame des deutschen Baseball ist eine Ikone und ein Pionier. Mit zahlreichen Meistertiteln sowohl als Spieler als auch als Trainer ist er ma\u00dfgeblich am Erfolg und Aufstieg des Baseballs in Deutschland mitverantwortlich. Er \u00f6ffnete die Tore f\u00fcr viele internationale Connections zum Beispiel nach S\u00fcdafrika und die Dominikanische Republik, war jahrelang die Nummer 1 als Catcher in Deutschland und gewann viele Battingtitel national und international.<\/p>\n\n\n\n<p><a rel=\"noreferrer noopener\" href=\"https:\/\/www.baseballakademie.de\/player\/heiko-schumacher\/\" target=\"_blank\"><mark style=\"background-color:rgba(0, 0, 0, 0)\" class=\"has-inline-color has-vivid-red-color\">Heiko Schumacher<\/mark><\/a><mark style=\"background-color:rgba(0, 0, 0, 0)\" class=\"has-inline-color has-vivid-red-color\">,<\/mark> fester Bestandteil der DBA und die rechte Hand von Georg Bull, war ebenfalls langj\u00e4hriger Bundesliga- und Nationalspieler. Mit den Untouchables Paderborn gewann er insgesamt 4 Meistertitel. Zwei Jugend- und Juniorentitel mit den Mainz Athletics. Selbst spielte Schumacher auch in Kapstadt und der Dominikanischen Republik und ist aus dem deutschen Coaching-Kreis nicht mehr wegzudenken. Alle internationalen Titel der DBA gewann er gemeinsam Seite an Seite mit Georg Bull. Eines seiner Nicht-Baseball-Highlights war sicher der Gewinn bei der Fernsehshow &#8222;Schlag den Raab&#8220; im Dezember 2010, als er mit Leichtigkeit den Moderator in seine Schranken wies und 1 Million Euro abr\u00e4umte.<\/p>\n\n\n\n<p><\/p>\n","protected":false},"excerpt":{"rendered":"<p>Termine: Sollten Sie gerne nur an einzelnen Terminen teilnehmen, nehmen Sie bitte mit uns Kontakt auf. Es lassen sich dann L\u00f6sungen finden. Infos zu Referent*innen: 30.9.\/1.10.: Workshop-Wochenende Hitting und Fielding Ort: St. Ingbert, Ballpark Wallerfeld und Vereinsturnhalle TV St. Ingbert F\u00fcr dieses Wochenende gelang es den Devils, hochkar\u00e4tige Referierende f\u00fcr einen Wochenendworkshop in St. Ingbert [&hellip;]<\/p>\n","protected":false},"author":3,"featured_media":0,"parent":0,"menu_order":0,"comment_status":"closed","ping_status":"closed","template":"","meta":{"footnotes":""},"class_list":["post-3185","page","type-page","status-publish","hentry"],"_links":{"self":[{"href":"https:\/\/www.devils-igb.de\/index.php?rest_route=\/wp\/v2\/pages\/3185","targetHints":{"allow":["GET"]}}],"collection":[{"href":"https:\/\/www.devils-igb.de\/index.php?rest_route=\/wp\/v2\/pages"}],"about":[{"href":"https:\/\/www.devils-igb.de\/index.php?rest_route=\/wp\/v2\/types\/page"}],"author":[{"embeddable":true,"href":"https:\/\/www.devils-igb.de\/index.php?rest_route=\/wp\/v2\/users\/3"}],"replies":[{"embeddable":true,"href":"https:\/\/www.devils-igb.de\/index.php?rest_route=%2Fwp%2Fv2%2Fcomments&post=3185"}],"version-history":[{"count":11,"href":"https:\/\/www.devils-igb.de\/index.php?rest_route=\/wp\/v2\/pages\/3185\/revisions"}],"predecessor-version":[{"id":3900,"href":"https:\/\/www.devils-igb.de\/index.php?rest_route=\/wp\/v2\/pages\/3185\/revisions\/3900"}],"wp:attachment":[{"href":"https:\/\/www.devils-igb.de\/index.php?rest_route=%2Fwp%2Fv2%2Fmedia&parent=3185"}],"curies":[{"name":"wp","href":"https:\/\/api.w.org\/{rel}","templated":true}]}}