{"id":3264,"date":"2023-05-28T23:12:33","date_gmt":"2023-05-28T21:12:33","guid":{"rendered":"https:\/\/www.devils-igb.de\/?page_id=3264"},"modified":"2023-12-12T23:36:27","modified_gmt":"2023-12-12T22:36:27","slug":"join-the-devils-baseball-mach-mit-bei-den-devils","status":"publish","type":"page","link":"https:\/\/www.devils-igb.de\/?page_id=3264","title":{"rendered":"Join the Devils! Baseball \u2013 mach mit bei den Devils!"},"content":{"rendered":"\n<p>Erg\u00e4nzung der Kampagne im Dezember 2023: <a rel=\"noreferrer noopener\" href=\"https:\/\/www.devils-igb.de\/?p=4503\" target=\"_blank\"><strong><mark style=\"background-color:rgba(0, 0, 0, 0)\" class=\"has-inline-color has-vivid-red-color\">\u201eFrauenpower am Schlag \u2013 Devils suchen Verst\u00e4rkung\u201c &amp; \u201eImmer cool bleiben \u2013 M\u00e4dels probiert mal Baseball!\u201c \u2013 neue Postkarten der Devils-Kampagne \u201eJoin the Devils\u201c<\/mark><\/strong><\/a><\/p>\n\n\n\n<p>Alle Postkartenmotive: <a href=\"https:\/\/www.devils-igb.de\/?p=3709\"><strong><mark style=\"background-color:rgba(0, 0, 0, 0)\" class=\"has-inline-color has-vivid-red-color\">https:\/\/www.devils-igb.de\/?p=3709<\/mark><\/strong><\/a><\/p>\n\n\n\n<figure class=\"wp-block-video\"><video controls src=\"https:\/\/www.devils-igb.de\/wp-content\/uploads\/2023\/05\/Join-the-Devils-Mach-mit-bei-den-Devils-1.mp4\"><\/video><\/figure>\n\n\n\n<p><\/p>\n\n\n\n<p>Jede Woche zwei neue Postkarten (bis Mitte August!) &#8211; schaut Euch die &#8222;Postkarten der Woche&#8220; hier an: <a rel=\"noreferrer noopener\" href=\"https:\/\/www.devils-igb.de\/?page_id=3360\" target=\"_blank\"><mark style=\"background-color:rgba(0, 0, 0, 0)\" class=\"has-inline-color has-vivid-red-color\">https:\/\/www.devils-igb.de\/?page_id=3360<\/mark><\/a> <\/p>\n\n\n\n<p>Mit einer Mitgliederwerbekampagne wollen die St. Ingbert Devils auf sich und den Baseballsport aufmerksam mach. Bis 9. September sollen mindestens 9 neue Mitglieder geworben werden.<\/p>\n\n\n\n<p><strong>Teil der Kampagne sind<\/strong><\/p>\n\n\n\n<ul class=\"wp-block-list\">\n<li>eine <strong>Postkartenaktion mit zwei FreeCard-Motiven<\/strong> sowie weitere Postkarten. Mit den Postkarten stellen die Devils humorvoll ihren Sport vor.<\/li>\n\n\n\n<li><strong>09.09.2023:<\/strong> Am 9. September findet dann im Ballpark Wallerfeld (dem Platz der Devils) ab 9:09 Uhr ein <strong>Probetraining<\/strong> statt, bei dem auch die bereits aktiven Devils mitmachen werden.<\/li>\n<\/ul>\n\n\n\n<p><strong>Freecard-Postkartenaktion<\/strong><\/p>\n\n\n\n<p>Zur Auswahl der FreeCard-Motive fand eine Umfrage unter den Devils statt. Gewonnen haben:<\/p>\n\n\n\n<ul class=\"wp-block-list\">\n<li>Baseball ist wunderbar akrobatisch!<\/li>\n\n\n\n<li>Nimm Du ihn, ich habe ihn sicher!<\/li>\n<\/ul>\n\n\n\n<p>In den Kalenderwochen 24 bis 27, also <strong>vom 12. Juni bis einschlie\u00dflich 9. Juli 2023<\/strong>, werden die St. Ingbert Devils in zahlreichen Orten im ganzen Saarland sichtbar sein. Die zwei Postkarten-Motive werden dann frei verf\u00fcgbar sein.<\/p>\n\n\n\n<figure class=\"wp-block-image size-large\"><img loading=\"lazy\" decoding=\"async\" width=\"732\" height=\"1024\" src=\"https:\/\/www.devils-igb.de\/wp-content\/uploads\/2023\/05\/Akrobatisch-Motiv-732x1024.jpg\" alt=\"\" class=\"wp-image-3265\" srcset=\"https:\/\/www.devils-igb.de\/wp-content\/uploads\/2023\/05\/Akrobatisch-Motiv-732x1024.jpg 732w, https:\/\/www.devils-igb.de\/wp-content\/uploads\/2023\/05\/Akrobatisch-Motiv-214x300.jpg 214w, https:\/\/www.devils-igb.de\/wp-content\/uploads\/2023\/05\/Akrobatisch-Motiv-768x1075.jpg 768w, https:\/\/www.devils-igb.de\/wp-content\/uploads\/2023\/05\/Akrobatisch-Motiv.jpg 774w\" sizes=\"auto, (max-width: 732px) 100vw, 732px\" \/><\/figure>\n\n\n\n<p><\/p>\n\n\n\n<figure class=\"wp-block-image size-large\"><img loading=\"lazy\" decoding=\"async\" width=\"727\" height=\"1024\" src=\"https:\/\/www.devils-igb.de\/wp-content\/uploads\/2023\/05\/Nimm-Du-ihn-Motiv-727x1024.jpg\" alt=\"\" class=\"wp-image-3266\" srcset=\"https:\/\/www.devils-igb.de\/wp-content\/uploads\/2023\/05\/Nimm-Du-ihn-Motiv-727x1024.jpg 727w, https:\/\/www.devils-igb.de\/wp-content\/uploads\/2023\/05\/Nimm-Du-ihn-Motiv-213x300.jpg 213w, https:\/\/www.devils-igb.de\/wp-content\/uploads\/2023\/05\/Nimm-Du-ihn-Motiv.jpg 761w\" sizes=\"auto, (max-width: 727px) 100vw, 727px\" \/><\/figure>\n\n\n\n<p>In den Postkartenst\u00e4ndern in Kneipen, Firmen, usw. werden dann folgende zwei Motive der Devils zu sehen sein.<\/p>\n\n\n\n<p>Hier das Verzeichnis aller Postkarten-Orte: <a href=\"https:\/\/controlcenter.citycards.de\/in-szene\/locations?regionen_name=Saarbr%C3%BCcken,+Saarlouis,+Merzig,+Neunkirchen\" target=\"_blank\" rel=\"noreferrer noopener\">https:\/\/controlcenter.citycards.de\/in-szene\/locations?regionen_name=Saarbr%C3%BCcken,+Saarlouis,+Merzig,+Neunkirchen<\/a><\/p>\n\n\n\n<p>Weitere Postkarten werden im Laufe der Kampagne nach und nach von den Devils ver\u00f6ffentlicht, da uns die Auswahl der beiden FreeCard-Motive derart schwer viel, dass wir noch einige andere spannende Motive gestaltet haben, die wir der \u00d6ffentlichkeit nicht vorenthalten wollen. Einige Motive k\u00f6nnt Ihr dann im Nachhinein auch in gedruckter Form bei uns bekommen.<\/p>\n\n\n\n<p><\/p>\n\n\n\n<p><strong>09:09.2023, 09:09 Uhr: Baseball-Tag mit Pitching-Maschine und mehr<\/strong><\/p>\n\n\n\n<p>Leicht zu merken, da so viele 9er drin sind. Am 9.9. besteht die Chance, f\u00fcr alle, die wollen, Baseball auszuprobieren. Es wird die M\u00f6glichkeit geben, sich im B\u00e4lle werfen und schlagen auszuprobieren.<\/p>\n\n\n\n<p>An dem Tag wird unsere Pitching-Maschine (Wurfmaschine) im Batting-Cage (Schlagk\u00e4fig) stehen und unsere Coaches zeigen Euch, wie beim Baseball geworfen wird.<\/p>\n\n\n\n<p>Wenn gen\u00fcgend Leute kommen, wird es auch noch ein Fun-Spiel geben. Ende ist dann gegen 12 Uhr oder auch leicht sp\u00e4ter. Auch das h\u00e4ngt von den Anwesenden ab.<\/p>\n\n\n\n<p>Da unsere Aktion eine Mitgliederwerbeaktion ist, bekommt das neunte, an dem Tag in den Verein eintretende neue Mitglied einen Sonderpreis!<\/p>\n\n\n\n<p><strong>Die Zahl 9<\/strong> ist im \u00dcbrigen eine Zahl, die im Baseballsport besondere Bedeutung hat:<\/p>\n\n\n\n<ul class=\"wp-block-list\">\n<li>Ein Team setzt sich in der Regel aus 9 Feldspieler*innen zusammen.<\/li>\n\n\n\n<li>Und offizielle Spiele dauern normalerweise 9 Innings, also Spielabschnitte, denn Baseball wird nicht durch Zeit oder Punkte begrenzt, sondern durch die Anzahl der Spielabschnitte. In jedem Inning haben beide Teams je einmal die Chance, am Schlag auf Punktejagd zu gehen.<\/li>\n<\/ul>\n\n\n\n<p>Das Geheimnis, ob dann die Zielgr\u00f6\u00dfe &#8222;9 neue Mitglieder bis 9.9., 9 Uhr 9&#8220; realistisch war oder sogar \u00fcbertroffen wird, wird sich an dem Tag auch zeigen&#8230;. <\/p>\n\n\n\n<p>Devils go!<\/p>\n\n\n\n<p><\/p>\n\n\n\n<p>Erm\u00f6glicht wurde die Mitgliederwerbeaktion \u00fcber Mittel des Programms \u201eReStart Sport bewegt Deutschland\u201c des Deutschen Olympischen Sportbundes (DOSB).<\/p>\n\n\n\n<p>Die Devils bedanken sich au\u00dferdem bei der Firma Inszene Media, die mit ihrer Unterst\u00fctzung die Freecard-Kampagne \u00fcberhaupt erst erm\u00f6glicht hat, indem Sie uns einen Kulturrabatt gab.<\/p>\n\n\n\n<p>Website der Firma Inszene Media: <a href=\"https:\/\/in-szene.net\" target=\"_blank\" rel=\"noreferrer noopener\"><mark style=\"background-color:rgba(0, 0, 0, 0)\" class=\"has-inline-color has-vivid-red-color\">https:\/\/in-szene.net<\/mark><\/a><\/p>\n\n\n\n<figure class=\"wp-block-image size-full is-resized\"><a href=\"https:\/\/in-szene.net\"><img loading=\"lazy\" decoding=\"async\" width=\"388\" height=\"383\" src=\"https:\/\/www.devils-igb.de\/wp-content\/uploads\/2023\/08\/grafik.png\" alt=\"\" class=\"wp-image-3777\" style=\"width:218px;height:215px\" srcset=\"https:\/\/www.devils-igb.de\/wp-content\/uploads\/2023\/08\/grafik.png 388w, https:\/\/www.devils-igb.de\/wp-content\/uploads\/2023\/08\/grafik-300x296.png 300w\" sizes=\"auto, (max-width: 388px) 100vw, 388px\" \/><\/a><\/figure>\n","protected":false},"excerpt":{"rendered":"<p>Erg\u00e4nzung der Kampagne im Dezember 2023: \u201eFrauenpower am Schlag \u2013 Devils suchen Verst\u00e4rkung\u201c &amp; \u201eImmer cool bleiben \u2013 M\u00e4dels probiert mal Baseball!\u201c \u2013 neue Postkarten der Devils-Kampagne \u201eJoin the Devils\u201c Alle Postkartenmotive: https:\/\/www.devils-igb.de\/?p=3709 Jede Woche zwei neue Postkarten (bis Mitte August!) &#8211; schaut Euch die &#8222;Postkarten der Woche&#8220; hier an: https:\/\/www.devils-igb.de\/?page_id=3360 Mit einer Mitgliederwerbekampagne wollen [&hellip;]<\/p>\n","protected":false},"author":3,"featured_media":0,"parent":0,"menu_order":0,"comment_status":"closed","ping_status":"closed","template":"","meta":{"footnotes":""},"class_list":["post-3264","page","type-page","status-publish","hentry"],"_links":{"self":[{"href":"https:\/\/www.devils-igb.de\/index.php?rest_route=\/wp\/v2\/pages\/3264","targetHints":{"allow":["GET"]}}],"collection":[{"href":"https:\/\/www.devils-igb.de\/index.php?rest_route=\/wp\/v2\/pages"}],"about":[{"href":"https:\/\/www.devils-igb.de\/index.php?rest_route=\/wp\/v2\/types\/page"}],"author":[{"embeddable":true,"href":"https:\/\/www.devils-igb.de\/index.php?rest_route=\/wp\/v2\/users\/3"}],"replies":[{"embeddable":true,"href":"https:\/\/www.devils-igb.de\/index.php?rest_route=%2Fwp%2Fv2%2Fcomments&post=3264"}],"version-history":[{"count":11,"href":"https:\/\/www.devils-igb.de\/index.php?rest_route=\/wp\/v2\/pages\/3264\/revisions"}],"predecessor-version":[{"id":4512,"href":"https:\/\/www.devils-igb.de\/index.php?rest_route=\/wp\/v2\/pages\/3264\/revisions\/4512"}],"wp:attachment":[{"href":"https:\/\/www.devils-igb.de\/index.php?rest_route=%2Fwp%2Fv2%2Fmedia&parent=3264"}],"curies":[{"name":"wp","href":"https:\/\/api.w.org\/{rel}","templated":true}]}}