{"id":4629,"date":"2023-12-22T21:41:46","date_gmt":"2023-12-22T20:41:46","guid":{"rendered":"https:\/\/www.devils-igb.de\/?page_id=4629"},"modified":"2025-11-03T19:50:22","modified_gmt":"2025-11-03T18:50:22","slug":"angebot-baseball-kindergeburtstag","status":"publish","type":"page","link":"https:\/\/www.devils-igb.de\/?page_id=4629","title":{"rendered":"Angebot: Baseball-Kindergeburtstag"},"content":{"rendered":"\n<p>Die Devils bieten auch Kindergeburtstage an. Der Gestaltung kann nach individuellen W\u00fcnschen mit uns abgesprochen werden. Nur ein bisschen die Grundtechniken ausprobieren oder gleich ins Spielen einsteigen, das ist alles m\u00f6glich. In jedem Fall macht es Kindern immer Riesenspa\u00df!<\/p>\n\n\n\n<p>Im Sommer ist es m\u00f6glich, die Kindergeburtstage auf unserem Platz zu feiern. Im Winter in unserer Halle. Aber im Winter ist eine fr\u00fchzeitige Absprache n\u00f6tig, da wir dann die Halle buchen m\u00fcssen. Das gilt nat\u00fcrlich auch f\u00fcr den Platz im Sommer, ist dort aber unkomplizierter machbar.<\/p>\n\n\n\n<p>Kostenbeteiligung: Auch das ist eine Frage der Absprache. Sie sollten mit 50 Euro pro Kindergeburtstag rechnen, wenn dieses zwischen 2 und 4 Stunden dauert. F\u00fcr Mitglieder im Verein ist das g\u00fcnstiger. <\/p>\n\n\n\n<p>Baseball-Projekte lassen sich mit allen Altersklassen ab ca. 7 Jahren und mit M\u00e4dchen und Jungen zusammen durchf\u00fchren.<\/p>\n\n\n\n<p><strong>Kontaktieren Sie uns bei Interesse: kontakt@devils-igb.de<\/strong><\/p>\n\n\n\n<p>Neben Kindergeburtstagen bieten wir auch <a href=\"https:\/\/www.devils-igb.de\/?page_id=4653\" target=\"_blank\" rel=\"noreferrer noopener\">Schulprojekte oder Aktionen bei Schul- und Firmenfesten<\/a> an.<\/p>\n\n\n\n<p>Hier ein paar Foto-Eindr\u00fccke von Kindergeburtstagen und Schulprojekten:<\/p>\n\n\n\n<figure class=\"wp-block-image size-full\"><img loading=\"lazy\" decoding=\"async\" width=\"2560\" height=\"1920\" src=\"https:\/\/www.devils-igb.de\/wp-content\/uploads\/2023\/12\/2019-05-17-Schulprojekt-SGM-34-scaled.jpg\" alt=\"\" class=\"wp-image-4630\" srcset=\"https:\/\/www.devils-igb.de\/wp-content\/uploads\/2023\/12\/2019-05-17-Schulprojekt-SGM-34-scaled.jpg 2560w, https:\/\/www.devils-igb.de\/wp-content\/uploads\/2023\/12\/2019-05-17-Schulprojekt-SGM-34-300x225.jpg 300w, https:\/\/www.devils-igb.de\/wp-content\/uploads\/2023\/12\/2019-05-17-Schulprojekt-SGM-34-1024x768.jpg 1024w, https:\/\/www.devils-igb.de\/wp-content\/uploads\/2023\/12\/2019-05-17-Schulprojekt-SGM-34-768x576.jpg 768w, https:\/\/www.devils-igb.de\/wp-content\/uploads\/2023\/12\/2019-05-17-Schulprojekt-SGM-34-1536x1152.jpg 1536w, https:\/\/www.devils-igb.de\/wp-content\/uploads\/2023\/12\/2019-05-17-Schulprojekt-SGM-34-2048x1536.jpg 2048w\" sizes=\"auto, (max-width: 2560px) 100vw, 2560px\" \/><\/figure>\n\n\n\n<p><\/p>\n\n\n\n<figure class=\"wp-block-gallery has-nested-images columns-default is-cropped wp-block-gallery-1 is-layout-flex wp-block-gallery-is-layout-flex\">\n<figure class=\"wp-block-image size-full\"><a href=\"https:\/\/www.devils-igb.de\/wp-content\/uploads\/2023\/12\/2011-04-09-Try-Out-8.jpg\" target=\"_blank\" rel=\"noopener\"><img loading=\"lazy\" decoding=\"async\" width=\"1024\" height=\"768\" data-id=\"4636\" src=\"https:\/\/www.devils-igb.de\/wp-content\/uploads\/2023\/12\/2011-04-09-Try-Out-8.jpg\" alt=\"\" class=\"wp-image-4636\" srcset=\"https:\/\/www.devils-igb.de\/wp-content\/uploads\/2023\/12\/2011-04-09-Try-Out-8.jpg 1024w, https:\/\/www.devils-igb.de\/wp-content\/uploads\/2023\/12\/2011-04-09-Try-Out-8-300x225.jpg 300w, https:\/\/www.devils-igb.de\/wp-content\/uploads\/2023\/12\/2011-04-09-Try-Out-8-768x576.jpg 768w\" sizes=\"auto, (max-width: 1024px) 100vw, 1024px\" \/><\/a><\/figure>\n\n\n\n<figure class=\"wp-block-image size-full\"><a href=\"https:\/\/www.devils-igb.de\/wp-content\/uploads\/2023\/12\/2011-04-09-Try-Out-19.jpg\" target=\"_blank\" rel=\"noopener\"><img loading=\"lazy\" decoding=\"async\" width=\"1024\" height=\"768\" data-id=\"4640\" src=\"https:\/\/www.devils-igb.de\/wp-content\/uploads\/2023\/12\/2011-04-09-Try-Out-19.jpg\" alt=\"\" class=\"wp-image-4640\" srcset=\"https:\/\/www.devils-igb.de\/wp-content\/uploads\/2023\/12\/2011-04-09-Try-Out-19.jpg 1024w, https:\/\/www.devils-igb.de\/wp-content\/uploads\/2023\/12\/2011-04-09-Try-Out-19-300x225.jpg 300w, https:\/\/www.devils-igb.de\/wp-content\/uploads\/2023\/12\/2011-04-09-Try-Out-19-768x576.jpg 768w\" sizes=\"auto, (max-width: 1024px) 100vw, 1024px\" \/><\/a><\/figure>\n\n\n\n<figure class=\"wp-block-image size-full\"><a href=\"https:\/\/www.devils-igb.de\/wp-content\/uploads\/2023\/12\/2012-03-11-Hassel-Tryout-11.jpg\" target=\"_blank\" rel=\"noopener\"><img loading=\"lazy\" decoding=\"async\" width=\"1024\" height=\"768\" data-id=\"4631\" src=\"https:\/\/www.devils-igb.de\/wp-content\/uploads\/2023\/12\/2012-03-11-Hassel-Tryout-11.jpg\" alt=\"\" class=\"wp-image-4631\" srcset=\"https:\/\/www.devils-igb.de\/wp-content\/uploads\/2023\/12\/2012-03-11-Hassel-Tryout-11.jpg 1024w, https:\/\/www.devils-igb.de\/wp-content\/uploads\/2023\/12\/2012-03-11-Hassel-Tryout-11-300x225.jpg 300w, https:\/\/www.devils-igb.de\/wp-content\/uploads\/2023\/12\/2012-03-11-Hassel-Tryout-11-768x576.jpg 768w\" sizes=\"auto, (max-width: 1024px) 100vw, 1024px\" \/><\/a><\/figure>\n\n\n\n<figure class=\"wp-block-image size-full\"><a href=\"https:\/\/www.devils-igb.de\/wp-content\/uploads\/2023\/12\/2012-03-11-Hassel-Tryout-12.jpg\" target=\"_blank\" rel=\"noopener\"><img loading=\"lazy\" decoding=\"async\" width=\"1024\" height=\"768\" data-id=\"4632\" src=\"https:\/\/www.devils-igb.de\/wp-content\/uploads\/2023\/12\/2012-03-11-Hassel-Tryout-12.jpg\" alt=\"\" class=\"wp-image-4632\" srcset=\"https:\/\/www.devils-igb.de\/wp-content\/uploads\/2023\/12\/2012-03-11-Hassel-Tryout-12.jpg 1024w, https:\/\/www.devils-igb.de\/wp-content\/uploads\/2023\/12\/2012-03-11-Hassel-Tryout-12-300x225.jpg 300w, https:\/\/www.devils-igb.de\/wp-content\/uploads\/2023\/12\/2012-03-11-Hassel-Tryout-12-768x576.jpg 768w\" sizes=\"auto, (max-width: 1024px) 100vw, 1024px\" \/><\/a><\/figure>\n\n\n\n<figure class=\"wp-block-image size-full\"><a href=\"https:\/\/www.devils-igb.de\/wp-content\/uploads\/2023\/12\/2012-03-11-Hassel-Tryout-15.jpg\" target=\"_blank\" rel=\"noopener\"><img loading=\"lazy\" decoding=\"async\" width=\"1024\" height=\"768\" data-id=\"4634\" src=\"https:\/\/www.devils-igb.de\/wp-content\/uploads\/2023\/12\/2012-03-11-Hassel-Tryout-15.jpg\" alt=\"\" class=\"wp-image-4634\" srcset=\"https:\/\/www.devils-igb.de\/wp-content\/uploads\/2023\/12\/2012-03-11-Hassel-Tryout-15.jpg 1024w, https:\/\/www.devils-igb.de\/wp-content\/uploads\/2023\/12\/2012-03-11-Hassel-Tryout-15-300x225.jpg 300w, https:\/\/www.devils-igb.de\/wp-content\/uploads\/2023\/12\/2012-03-11-Hassel-Tryout-15-768x576.jpg 768w\" sizes=\"auto, (max-width: 1024px) 100vw, 1024px\" \/><\/a><\/figure>\n\n\n\n<figure class=\"wp-block-image size-full\"><a href=\"https:\/\/www.devils-igb.de\/wp-content\/uploads\/2023\/12\/2012-03-11-Hassel-Tryout-159.jpg\" target=\"_blank\" rel=\"noopener\"><img loading=\"lazy\" decoding=\"async\" width=\"1024\" height=\"768\" data-id=\"4633\" src=\"https:\/\/www.devils-igb.de\/wp-content\/uploads\/2023\/12\/2012-03-11-Hassel-Tryout-159.jpg\" alt=\"\" class=\"wp-image-4633\" srcset=\"https:\/\/www.devils-igb.de\/wp-content\/uploads\/2023\/12\/2012-03-11-Hassel-Tryout-159.jpg 1024w, https:\/\/www.devils-igb.de\/wp-content\/uploads\/2023\/12\/2012-03-11-Hassel-Tryout-159-300x225.jpg 300w, https:\/\/www.devils-igb.de\/wp-content\/uploads\/2023\/12\/2012-03-11-Hassel-Tryout-159-768x576.jpg 768w\" sizes=\"auto, (max-width: 1024px) 100vw, 1024px\" \/><\/a><\/figure>\n\n\n\n<figure class=\"wp-block-image size-full\"><a href=\"https:\/\/www.devils-igb.de\/wp-content\/uploads\/2023\/12\/2016-01-31-Tryout-Steck-4.jpg\" target=\"_blank\" rel=\"noopener\"><img loading=\"lazy\" decoding=\"async\" width=\"1024\" height=\"682\" data-id=\"4635\" src=\"https:\/\/www.devils-igb.de\/wp-content\/uploads\/2023\/12\/2016-01-31-Tryout-Steck-4.jpg\" alt=\"\" class=\"wp-image-4635\" srcset=\"https:\/\/www.devils-igb.de\/wp-content\/uploads\/2023\/12\/2016-01-31-Tryout-Steck-4.jpg 1024w, https:\/\/www.devils-igb.de\/wp-content\/uploads\/2023\/12\/2016-01-31-Tryout-Steck-4-300x200.jpg 300w, https:\/\/www.devils-igb.de\/wp-content\/uploads\/2023\/12\/2016-01-31-Tryout-Steck-4-768x512.jpg 768w\" sizes=\"auto, (max-width: 1024px) 100vw, 1024px\" \/><\/a><\/figure>\n\n\n\n<figure class=\"wp-block-image size-full\"><a href=\"https:\/\/www.devils-igb.de\/wp-content\/uploads\/2023\/12\/2016-01-31-Tryout-Steck-6.jpg\" target=\"_blank\" rel=\"noopener\"><img loading=\"lazy\" decoding=\"async\" width=\"1024\" height=\"682\" data-id=\"4638\" src=\"https:\/\/www.devils-igb.de\/wp-content\/uploads\/2023\/12\/2016-01-31-Tryout-Steck-6.jpg\" alt=\"\" class=\"wp-image-4638\" srcset=\"https:\/\/www.devils-igb.de\/wp-content\/uploads\/2023\/12\/2016-01-31-Tryout-Steck-6.jpg 1024w, https:\/\/www.devils-igb.de\/wp-content\/uploads\/2023\/12\/2016-01-31-Tryout-Steck-6-300x200.jpg 300w, https:\/\/www.devils-igb.de\/wp-content\/uploads\/2023\/12\/2016-01-31-Tryout-Steck-6-768x512.jpg 768w\" sizes=\"auto, (max-width: 1024px) 100vw, 1024px\" \/><\/a><\/figure>\n\n\n\n<figure class=\"wp-block-image size-full\"><a href=\"https:\/\/www.devils-igb.de\/wp-content\/uploads\/2023\/12\/2016-01-31-Tryout-Steck-13.jpg\" target=\"_blank\" rel=\"noopener\"><img loading=\"lazy\" decoding=\"async\" width=\"512\" height=\"768\" data-id=\"4637\" src=\"https:\/\/www.devils-igb.de\/wp-content\/uploads\/2023\/12\/2016-01-31-Tryout-Steck-13.jpg\" alt=\"\" class=\"wp-image-4637\" srcset=\"https:\/\/www.devils-igb.de\/wp-content\/uploads\/2023\/12\/2016-01-31-Tryout-Steck-13.jpg 512w, https:\/\/www.devils-igb.de\/wp-content\/uploads\/2023\/12\/2016-01-31-Tryout-Steck-13-200x300.jpg 200w\" sizes=\"auto, (max-width: 512px) 100vw, 512px\" \/><\/a><\/figure>\n\n\n\n<figure class=\"wp-block-image size-full\"><a href=\"https:\/\/www.devils-igb.de\/wp-content\/uploads\/2023\/12\/2016-01-31-Tryout-Steck-19.jpg\" target=\"_blank\" rel=\"noopener\"><img loading=\"lazy\" decoding=\"async\" width=\"1024\" height=\"682\" data-id=\"4639\" src=\"https:\/\/www.devils-igb.de\/wp-content\/uploads\/2023\/12\/2016-01-31-Tryout-Steck-19.jpg\" alt=\"\" class=\"wp-image-4639\" srcset=\"https:\/\/www.devils-igb.de\/wp-content\/uploads\/2023\/12\/2016-01-31-Tryout-Steck-19.jpg 1024w, https:\/\/www.devils-igb.de\/wp-content\/uploads\/2023\/12\/2016-01-31-Tryout-Steck-19-300x200.jpg 300w, https:\/\/www.devils-igb.de\/wp-content\/uploads\/2023\/12\/2016-01-31-Tryout-Steck-19-768x512.jpg 768w\" sizes=\"auto, (max-width: 1024px) 100vw, 1024px\" \/><\/a><\/figure>\n\n\n\n<figure class=\"wp-block-image size-full\"><a href=\"https:\/\/www.devils-igb.de\/wp-content\/uploads\/2023\/12\/2019-05-17-Schulprojekt-SGM-13-scaled.jpg\" target=\"_blank\" rel=\"noopener\"><img loading=\"lazy\" decoding=\"async\" width=\"2560\" height=\"1920\" data-id=\"4645\" src=\"https:\/\/www.devils-igb.de\/wp-content\/uploads\/2023\/12\/2019-05-17-Schulprojekt-SGM-13-scaled.jpg\" alt=\"\" class=\"wp-image-4645\" srcset=\"https:\/\/www.devils-igb.de\/wp-content\/uploads\/2023\/12\/2019-05-17-Schulprojekt-SGM-13-scaled.jpg 2560w, https:\/\/www.devils-igb.de\/wp-content\/uploads\/2023\/12\/2019-05-17-Schulprojekt-SGM-13-300x225.jpg 300w, https:\/\/www.devils-igb.de\/wp-content\/uploads\/2023\/12\/2019-05-17-Schulprojekt-SGM-13-1024x768.jpg 1024w, https:\/\/www.devils-igb.de\/wp-content\/uploads\/2023\/12\/2019-05-17-Schulprojekt-SGM-13-768x576.jpg 768w, https:\/\/www.devils-igb.de\/wp-content\/uploads\/2023\/12\/2019-05-17-Schulprojekt-SGM-13-1536x1152.jpg 1536w, https:\/\/www.devils-igb.de\/wp-content\/uploads\/2023\/12\/2019-05-17-Schulprojekt-SGM-13-2048x1536.jpg 2048w\" sizes=\"auto, (max-width: 2560px) 100vw, 2560px\" \/><\/a><\/figure>\n\n\n\n<figure class=\"wp-block-image size-full\"><a href=\"https:\/\/www.devils-igb.de\/wp-content\/uploads\/2023\/12\/2019-05-17-Schulprojekt-SGM-20-scaled.jpg\" target=\"_blank\" rel=\"noopener\"><img loading=\"lazy\" decoding=\"async\" width=\"2560\" height=\"1920\" data-id=\"4648\" src=\"https:\/\/www.devils-igb.de\/wp-content\/uploads\/2023\/12\/2019-05-17-Schulprojekt-SGM-20-scaled.jpg\" alt=\"\" class=\"wp-image-4648\" srcset=\"https:\/\/www.devils-igb.de\/wp-content\/uploads\/2023\/12\/2019-05-17-Schulprojekt-SGM-20-scaled.jpg 2560w, https:\/\/www.devils-igb.de\/wp-content\/uploads\/2023\/12\/2019-05-17-Schulprojekt-SGM-20-300x225.jpg 300w, https:\/\/www.devils-igb.de\/wp-content\/uploads\/2023\/12\/2019-05-17-Schulprojekt-SGM-20-1024x768.jpg 1024w, https:\/\/www.devils-igb.de\/wp-content\/uploads\/2023\/12\/2019-05-17-Schulprojekt-SGM-20-768x576.jpg 768w, https:\/\/www.devils-igb.de\/wp-content\/uploads\/2023\/12\/2019-05-17-Schulprojekt-SGM-20-1536x1152.jpg 1536w, https:\/\/www.devils-igb.de\/wp-content\/uploads\/2023\/12\/2019-05-17-Schulprojekt-SGM-20-2048x1536.jpg 2048w\" sizes=\"auto, (max-width: 2560px) 100vw, 2560px\" \/><\/a><\/figure>\n\n\n\n<figure class=\"wp-block-image size-full\"><a href=\"https:\/\/www.devils-igb.de\/wp-content\/uploads\/2023\/12\/2019-05-17-Schulprojekt-SGM-24-scaled.jpg\" target=\"_blank\" rel=\"noopener\"><img loading=\"lazy\" decoding=\"async\" width=\"2560\" height=\"1920\" data-id=\"4646\" src=\"https:\/\/www.devils-igb.de\/wp-content\/uploads\/2023\/12\/2019-05-17-Schulprojekt-SGM-24-scaled.jpg\" alt=\"\" class=\"wp-image-4646\" srcset=\"https:\/\/www.devils-igb.de\/wp-content\/uploads\/2023\/12\/2019-05-17-Schulprojekt-SGM-24-scaled.jpg 2560w, https:\/\/www.devils-igb.de\/wp-content\/uploads\/2023\/12\/2019-05-17-Schulprojekt-SGM-24-300x225.jpg 300w, https:\/\/www.devils-igb.de\/wp-content\/uploads\/2023\/12\/2019-05-17-Schulprojekt-SGM-24-1024x768.jpg 1024w, https:\/\/www.devils-igb.de\/wp-content\/uploads\/2023\/12\/2019-05-17-Schulprojekt-SGM-24-768x576.jpg 768w, https:\/\/www.devils-igb.de\/wp-content\/uploads\/2023\/12\/2019-05-17-Schulprojekt-SGM-24-1536x1152.jpg 1536w, https:\/\/www.devils-igb.de\/wp-content\/uploads\/2023\/12\/2019-05-17-Schulprojekt-SGM-24-2048x1536.jpg 2048w\" sizes=\"auto, (max-width: 2560px) 100vw, 2560px\" \/><\/a><\/figure>\n\n\n\n<figure class=\"wp-block-image size-full\"><a href=\"https:\/\/www.devils-igb.de\/wp-content\/uploads\/2023\/12\/2019-05-17-Schulprojekt-SGM-27-scaled.jpg\" target=\"_blank\" rel=\"noopener\"><img loading=\"lazy\" decoding=\"async\" width=\"2560\" height=\"1920\" data-id=\"4650\" src=\"https:\/\/www.devils-igb.de\/wp-content\/uploads\/2023\/12\/2019-05-17-Schulprojekt-SGM-27-scaled.jpg\" alt=\"\" class=\"wp-image-4650\" srcset=\"https:\/\/www.devils-igb.de\/wp-content\/uploads\/2023\/12\/2019-05-17-Schulprojekt-SGM-27-scaled.jpg 2560w, https:\/\/www.devils-igb.de\/wp-content\/uploads\/2023\/12\/2019-05-17-Schulprojekt-SGM-27-300x225.jpg 300w, https:\/\/www.devils-igb.de\/wp-content\/uploads\/2023\/12\/2019-05-17-Schulprojekt-SGM-27-1024x768.jpg 1024w, https:\/\/www.devils-igb.de\/wp-content\/uploads\/2023\/12\/2019-05-17-Schulprojekt-SGM-27-768x576.jpg 768w, https:\/\/www.devils-igb.de\/wp-content\/uploads\/2023\/12\/2019-05-17-Schulprojekt-SGM-27-1536x1152.jpg 1536w, https:\/\/www.devils-igb.de\/wp-content\/uploads\/2023\/12\/2019-05-17-Schulprojekt-SGM-27-2048x1536.jpg 2048w\" sizes=\"auto, (max-width: 2560px) 100vw, 2560px\" \/><\/a><\/figure>\n\n\n\n<figure class=\"wp-block-image size-full\"><a href=\"https:\/\/www.devils-igb.de\/wp-content\/uploads\/2023\/12\/2019-05-17-Schulprojekt-SGM-28-scaled.jpg\" target=\"_blank\" rel=\"noopener\"><img loading=\"lazy\" decoding=\"async\" width=\"2560\" height=\"1920\" data-id=\"4649\" src=\"https:\/\/www.devils-igb.de\/wp-content\/uploads\/2023\/12\/2019-05-17-Schulprojekt-SGM-28-scaled.jpg\" alt=\"\" class=\"wp-image-4649\" srcset=\"https:\/\/www.devils-igb.de\/wp-content\/uploads\/2023\/12\/2019-05-17-Schulprojekt-SGM-28-scaled.jpg 2560w, https:\/\/www.devils-igb.de\/wp-content\/uploads\/2023\/12\/2019-05-17-Schulprojekt-SGM-28-300x225.jpg 300w, https:\/\/www.devils-igb.de\/wp-content\/uploads\/2023\/12\/2019-05-17-Schulprojekt-SGM-28-1024x768.jpg 1024w, https:\/\/www.devils-igb.de\/wp-content\/uploads\/2023\/12\/2019-05-17-Schulprojekt-SGM-28-768x576.jpg 768w, https:\/\/www.devils-igb.de\/wp-content\/uploads\/2023\/12\/2019-05-17-Schulprojekt-SGM-28-1536x1152.jpg 1536w, https:\/\/www.devils-igb.de\/wp-content\/uploads\/2023\/12\/2019-05-17-Schulprojekt-SGM-28-2048x1536.jpg 2048w\" sizes=\"auto, (max-width: 2560px) 100vw, 2560px\" \/><\/a><\/figure>\n\n\n\n\n\n<figure class=\"wp-block-image size-full\"><a href=\"https:\/\/www.devils-igb.de\/wp-content\/uploads\/2023\/12\/2019-05-17-Schulprojekt-SGM-45-scaled.jpg\" target=\"_blank\" rel=\"noopener\"><img loading=\"lazy\" decoding=\"async\" width=\"2560\" height=\"1920\" data-id=\"4651\" src=\"https:\/\/www.devils-igb.de\/wp-content\/uploads\/2023\/12\/2019-05-17-Schulprojekt-SGM-45-scaled.jpg\" alt=\"\" class=\"wp-image-4651\" srcset=\"https:\/\/www.devils-igb.de\/wp-content\/uploads\/2023\/12\/2019-05-17-Schulprojekt-SGM-45-scaled.jpg 2560w, https:\/\/www.devils-igb.de\/wp-content\/uploads\/2023\/12\/2019-05-17-Schulprojekt-SGM-45-300x225.jpg 300w, https:\/\/www.devils-igb.de\/wp-content\/uploads\/2023\/12\/2019-05-17-Schulprojekt-SGM-45-768x576.jpg 768w, https:\/\/www.devils-igb.de\/wp-content\/uploads\/2023\/12\/2019-05-17-Schulprojekt-SGM-45-1536x1152.jpg 1536w, https:\/\/www.devils-igb.de\/wp-content\/uploads\/2023\/12\/2019-05-17-Schulprojekt-SGM-45-2048x1536.jpg 2048w\" sizes=\"auto, (max-width: 2560px) 100vw, 2560px\" \/><\/a><\/figure>\n\n\n\n<figure class=\"wp-block-image size-full\"><a href=\"https:\/\/www.devils-igb.de\/wp-content\/uploads\/2023\/12\/2023-06-20-Schulprojekt-Leo-2.jpg\" target=\"_blank\" rel=\"noopener\"><img loading=\"lazy\" decoding=\"async\" width=\"2048\" height=\"1536\" data-id=\"4641\" src=\"https:\/\/www.devils-igb.de\/wp-content\/uploads\/2023\/12\/2023-06-20-Schulprojekt-Leo-2.jpg\" alt=\"\" class=\"wp-image-4641\" srcset=\"https:\/\/www.devils-igb.de\/wp-content\/uploads\/2023\/12\/2023-06-20-Schulprojekt-Leo-2.jpg 2048w, https:\/\/www.devils-igb.de\/wp-content\/uploads\/2023\/12\/2023-06-20-Schulprojekt-Leo-2-300x225.jpg 300w, https:\/\/www.devils-igb.de\/wp-content\/uploads\/2023\/12\/2023-06-20-Schulprojekt-Leo-2-1024x768.jpg 1024w, https:\/\/www.devils-igb.de\/wp-content\/uploads\/2023\/12\/2023-06-20-Schulprojekt-Leo-2-768x576.jpg 768w, https:\/\/www.devils-igb.de\/wp-content\/uploads\/2023\/12\/2023-06-20-Schulprojekt-Leo-2-1536x1152.jpg 1536w\" sizes=\"auto, (max-width: 2048px) 100vw, 2048px\" \/><\/a><\/figure>\n\n\n\n<figure class=\"wp-block-image size-full\"><a href=\"https:\/\/www.devils-igb.de\/wp-content\/uploads\/2023\/12\/2023-06-20-Schulprojekt-Leo-3.jpg\" target=\"_blank\" rel=\"noopener\"><img loading=\"lazy\" decoding=\"async\" width=\"1536\" height=\"2048\" data-id=\"4643\" src=\"https:\/\/www.devils-igb.de\/wp-content\/uploads\/2023\/12\/2023-06-20-Schulprojekt-Leo-3.jpg\" alt=\"\" class=\"wp-image-4643\" srcset=\"https:\/\/www.devils-igb.de\/wp-content\/uploads\/2023\/12\/2023-06-20-Schulprojekt-Leo-3.jpg 1536w, https:\/\/www.devils-igb.de\/wp-content\/uploads\/2023\/12\/2023-06-20-Schulprojekt-Leo-3-225x300.jpg 225w, https:\/\/www.devils-igb.de\/wp-content\/uploads\/2023\/12\/2023-06-20-Schulprojekt-Leo-3-768x1024.jpg 768w, https:\/\/www.devils-igb.de\/wp-content\/uploads\/2023\/12\/2023-06-20-Schulprojekt-Leo-3-1152x1536.jpg 1152w\" sizes=\"auto, (max-width: 1536px) 100vw, 1536px\" \/><\/a><\/figure>\n\n\n\n<figure class=\"wp-block-image size-full\"><a href=\"https:\/\/www.devils-igb.de\/wp-content\/uploads\/2023\/12\/2023-06-20-Schulprojekt-Leo-14.jpg\" target=\"_blank\" rel=\"noopener\"><img loading=\"lazy\" decoding=\"async\" width=\"1536\" height=\"2048\" data-id=\"4642\" src=\"https:\/\/www.devils-igb.de\/wp-content\/uploads\/2023\/12\/2023-06-20-Schulprojekt-Leo-14.jpg\" alt=\"\" class=\"wp-image-4642\" srcset=\"https:\/\/www.devils-igb.de\/wp-content\/uploads\/2023\/12\/2023-06-20-Schulprojekt-Leo-14.jpg 1536w, https:\/\/www.devils-igb.de\/wp-content\/uploads\/2023\/12\/2023-06-20-Schulprojekt-Leo-14-225x300.jpg 225w, https:\/\/www.devils-igb.de\/wp-content\/uploads\/2023\/12\/2023-06-20-Schulprojekt-Leo-14-768x1024.jpg 768w, https:\/\/www.devils-igb.de\/wp-content\/uploads\/2023\/12\/2023-06-20-Schulprojekt-Leo-14-1152x1536.jpg 1152w\" sizes=\"auto, (max-width: 1536px) 100vw, 1536px\" \/><\/a><\/figure>\n\n\n\n<figure class=\"wp-block-image size-full\"><a href=\"https:\/\/www.devils-igb.de\/wp-content\/uploads\/2023\/12\/2023-06-27-Schulprojekt-SGM2-4.jpg\" target=\"_blank\" rel=\"noopener\"><img loading=\"lazy\" decoding=\"async\" width=\"2048\" height=\"1536\" data-id=\"4644\" src=\"https:\/\/www.devils-igb.de\/wp-content\/uploads\/2023\/12\/2023-06-27-Schulprojekt-SGM2-4.jpg\" alt=\"\" class=\"wp-image-4644\" srcset=\"https:\/\/www.devils-igb.de\/wp-content\/uploads\/2023\/12\/2023-06-27-Schulprojekt-SGM2-4.jpg 2048w, https:\/\/www.devils-igb.de\/wp-content\/uploads\/2023\/12\/2023-06-27-Schulprojekt-SGM2-4-300x225.jpg 300w, https:\/\/www.devils-igb.de\/wp-content\/uploads\/2023\/12\/2023-06-27-Schulprojekt-SGM2-4-1024x768.jpg 1024w, https:\/\/www.devils-igb.de\/wp-content\/uploads\/2023\/12\/2023-06-27-Schulprojekt-SGM2-4-768x576.jpg 768w, https:\/\/www.devils-igb.de\/wp-content\/uploads\/2023\/12\/2023-06-27-Schulprojekt-SGM2-4-1536x1152.jpg 1536w\" sizes=\"auto, (max-width: 2048px) 100vw, 2048px\" \/><\/a><\/figure>\n<\/figure>\n","protected":false},"excerpt":{"rendered":"<p>Die Devils bieten auch Kindergeburtstage an. Der Gestaltung kann nach individuellen W\u00fcnschen mit uns abgesprochen werden. Nur ein bisschen die Grundtechniken ausprobieren oder gleich ins Spielen einsteigen, das ist alles m\u00f6glich. In jedem Fall macht es Kindern immer Riesenspa\u00df! Im Sommer ist es m\u00f6glich, die Kindergeburtstage auf unserem Platz zu feiern. Im Winter in unserer [&hellip;]<\/p>\n","protected":false},"author":3,"featured_media":0,"parent":0,"menu_order":0,"comment_status":"closed","ping_status":"closed","template":"","meta":{"footnotes":""},"class_list":["post-4629","page","type-page","status-publish","hentry"],"_links":{"self":[{"href":"https:\/\/www.devils-igb.de\/index.php?rest_route=\/wp\/v2\/pages\/4629","targetHints":{"allow":["GET"]}}],"collection":[{"href":"https:\/\/www.devils-igb.de\/index.php?rest_route=\/wp\/v2\/pages"}],"about":[{"href":"https:\/\/www.devils-igb.de\/index.php?rest_route=\/wp\/v2\/types\/page"}],"author":[{"embeddable":true,"href":"https:\/\/www.devils-igb.de\/index.php?rest_route=\/wp\/v2\/users\/3"}],"replies":[{"embeddable":true,"href":"https:\/\/www.devils-igb.de\/index.php?rest_route=%2Fwp%2Fv2%2Fcomments&post=4629"}],"version-history":[{"count":3,"href":"https:\/\/www.devils-igb.de\/index.php?rest_route=\/wp\/v2\/pages\/4629\/revisions"}],"predecessor-version":[{"id":6619,"href":"https:\/\/www.devils-igb.de\/index.php?rest_route=\/wp\/v2\/pages\/4629\/revisions\/6619"}],"wp:attachment":[{"href":"https:\/\/www.devils-igb.de\/index.php?rest_route=%2Fwp%2Fv2%2Fmedia&parent=4629"}],"curies":[{"name":"wp","href":"https:\/\/api.w.org\/{rel}","templated":true}]}}