{"id":4653,"date":"2023-12-22T21:55:24","date_gmt":"2023-12-22T20:55:24","guid":{"rendered":"https:\/\/www.devils-igb.de\/?page_id=4653"},"modified":"2026-03-04T13:06:54","modified_gmt":"2026-03-04T12:06:54","slug":"angebot-schulprojekt-schul-oder-firmenfest-wir-kommen-zu-ihnen-euch","status":"publish","type":"page","link":"https:\/\/www.devils-igb.de\/?page_id=4653","title":{"rendered":"Angebot: Schulprojekt, Schul- oder Firmenfest &#8211; wir kommen zu Ihnen\/Euch!"},"content":{"rendered":"\n<p>Die Devils haben schon viele Schulprojekte durchgef\u00fchrt. Ob w\u00f6chentlich oder an einem Tag, es ist vieles denkbar und immer nur eine Frage der Absprache. <\/p>\n\n\n\n<p>Auch zu Schul- oder Firmenfesten k\u00f6nnen wir gerne eine Aktion anbieten. <\/p>\n\n\n\n<p>Und <a href=\"https:\/\/www.devils-igb.de\/?page_id=4629\" target=\"_blank\" rel=\"noreferrer noopener\">Kindergeburtstage <\/a>bieten wir auch an.<\/p>\n\n\n\n<p>Baseball ist f\u00fcr alle Altersklassen ab ca. 7 Jahren und nat\u00fcrlich auch f\u00fcr Erwachsene, m\u00e4nnlich oder weiblich geeignet und ein sehr inklusiver Sport, zumal er Werfen, Fangen, Sprinten, Schlagen und vieles mehr verlangt. Ach so, immer steht nat\u00fcrlich dabei der Spa\u00df im Vordergrund!<\/p>\n\n\n\n<p><strong>Kommen Sie bei Interesse einfach auf uns zu: kontakt@devils-igb.de<\/strong><\/p>\n\n\n\n<p>Hier ein paar Beispiele vor allem von Schulprojekten:<\/p>\n\n\n\n<ul class=\"wp-block-list\">\n<li>In den letzten Jahren fanden zahlreiche Schulaktionen und Schulprojekte statt. Nicht von allen d\u00fcrfen wir Fotos ver\u00f6ffentlichen!<\/li>\n\n\n\n<li><a href=\"https:\/\/www.devils-igb.de\/?p=6538\">Schulprojekt an ABCM-Grundschule Beausoleil in Sarreguemines<\/a>, 20. Juni 2025<\/li>\n\n\n\n<li>Baseball im Sportunterricht: Ein Spiel f\u00fcr Teamgeist und Geschicklichkeit (Artikel Schulprojekt G\u00fcnter-W\u00f6he-Gymnasium, Saarbr\u00fccken), <a href=\"https:\/\/www.devils-igb.de\/?p=6129\">12. Dezember 2024<\/a>: <a href=\"https:\/\/www.devils-igb.de\/?p=6129\">https:\/\/www.devils-igb.de\/?p=6129<\/a><\/li>\n\n\n\n<li>Zwei Schulprojekte im Leibnizgymnasium St. Ingbert, <a href=\"https:\/\/www.devils-igb.de\/?p=6119\">23. November 2024<\/a>: <a href=\"https:\/\/www.devils-igb.de\/?p=6119\">https:\/\/www.devils-igb.de\/?p=6119<\/a><\/li>\n\n\n\n<li>25.05.24: Tag der Offenen T\u00fcr, Coll\u00e8ge Himmelsberg, Sarreguemines: <strong><a href=\"https:\/\/www.devils-igb.de\/?p=5388\" target=\"_blank\" rel=\"noreferrer noopener\"><mark style=\"background-color:rgba(0, 0, 0, 0)\" class=\"has-inline-color has-vivid-red-color\">https:\/\/www.devils-igb.de\/?p=5388<\/mark><\/a><\/strong><\/li>\n\n\n\n<li>29.04.23: Schulfest Grundschule Ensheim: <a href=\"https:\/\/www.devils-igb.de\/?p=2884\"><strong><mark style=\"background-color:rgba(0, 0, 0, 0)\" class=\"has-inline-color has-vivid-red-color\">https:\/\/www.devils-igb.de\/?p=2884<\/mark><\/strong><\/a><\/li>\n\n\n\n<li>Juni 2023: Schulprojekt an zweisprachiger ABCM-Grundschule in Sarreguemines:<mark style=\"background-color:rgba(0, 0, 0, 0)\" class=\"has-inline-color has-vivid-red-color\"><br><\/mark><strong><mark style=\"background-color:rgba(0, 0, 0, 0)\" class=\"has-inline-color has-vivid-red-color\"><a href=\"https:\/\/www.devils-igb.de\/?p=3422\">https:\/\/www.devils-igb.de\/?p=3422<\/a><br><a href=\"https:\/\/www.devils-igb.de\/?p=3539\">https:\/\/www.devils-igb.de\/?p=3539<\/a><br><a href=\"https:\/\/www.devils-igb.de\/?p=3612\">https:\/\/www.devils-igb.de\/?p=3612<\/a><\/mark><\/strong><\/li>\n\n\n\n<li>Schnupperkurs Projektwoche Hilgardgrundschule in Zweibr\u00fccken (Rheinland-Pfalz): <a href=\"https:\/\/www.devils-igb.de\/?p=3617\"><strong><mark style=\"background-color:rgba(0, 0, 0, 0)\" class=\"has-inline-color has-vivid-red-color\">https:\/\/www.devils-igb.de\/?p=3617<\/mark><\/strong><\/a><\/li>\n\n\n\n<li>Projekt S\u00fcdschule St. Ingbert: <a href=\"https:\/\/www.devils-igb.de\/?p=3637\"><strong><mark style=\"background-color:rgba(0, 0, 0, 0)\" class=\"has-inline-color has-vivid-red-color\">https:\/\/www.devils-igb.de\/?p=3637<\/mark><\/strong><\/a><\/li>\n\n\n\n<li>Sommerfest KiTa Sonnenblume Hassel: <a href=\"https:\/\/www.devils-igb.de\/?p=3740\"><strong><mark style=\"background-color:rgba(0, 0, 0, 0)\" class=\"has-inline-color has-vivid-red-color\">https:\/\/www.devils-igb.de\/?p=3740<\/mark><\/strong><\/a><\/li>\n<\/ul>\n\n\n\n<figure class=\"wp-block-image size-large\"><img loading=\"lazy\" decoding=\"async\" width=\"768\" height=\"1024\" src=\"https:\/\/www.devils-igb.de\/wp-content\/uploads\/2023\/12\/2023-06-20-Schulprojekt-Leo-19-768x1024.jpg\" alt=\"\" class=\"wp-image-4655\" srcset=\"https:\/\/www.devils-igb.de\/wp-content\/uploads\/2023\/12\/2023-06-20-Schulprojekt-Leo-19-768x1024.jpg 768w, https:\/\/www.devils-igb.de\/wp-content\/uploads\/2023\/12\/2023-06-20-Schulprojekt-Leo-19-225x300.jpg 225w, https:\/\/www.devils-igb.de\/wp-content\/uploads\/2023\/12\/2023-06-20-Schulprojekt-Leo-19-1152x1536.jpg 1152w, https:\/\/www.devils-igb.de\/wp-content\/uploads\/2023\/12\/2023-06-20-Schulprojekt-Leo-19.jpg 1536w\" sizes=\"auto, (max-width: 768px) 100vw, 768px\" \/><\/figure>\n","protected":false},"excerpt":{"rendered":"<p>Die Devils haben schon viele Schulprojekte durchgef\u00fchrt. Ob w\u00f6chentlich oder an einem Tag, es ist vieles denkbar und immer nur eine Frage der Absprache. Auch zu Schul- oder Firmenfesten k\u00f6nnen wir gerne eine Aktion anbieten. Und Kindergeburtstage bieten wir auch an. Baseball ist f\u00fcr alle Altersklassen ab ca. 7 Jahren und nat\u00fcrlich auch f\u00fcr Erwachsene, [&hellip;]<\/p>\n","protected":false},"author":3,"featured_media":0,"parent":0,"menu_order":0,"comment_status":"closed","ping_status":"closed","template":"","meta":{"footnotes":""},"class_list":["post-4653","page","type-page","status-publish","hentry"],"_links":{"self":[{"href":"https:\/\/www.devils-igb.de\/index.php?rest_route=\/wp\/v2\/pages\/4653","targetHints":{"allow":["GET"]}}],"collection":[{"href":"https:\/\/www.devils-igb.de\/index.php?rest_route=\/wp\/v2\/pages"}],"about":[{"href":"https:\/\/www.devils-igb.de\/index.php?rest_route=\/wp\/v2\/types\/page"}],"author":[{"embeddable":true,"href":"https:\/\/www.devils-igb.de\/index.php?rest_route=\/wp\/v2\/users\/3"}],"replies":[{"embeddable":true,"href":"https:\/\/www.devils-igb.de\/index.php?rest_route=%2Fwp%2Fv2%2Fcomments&post=4653"}],"version-history":[{"count":4,"href":"https:\/\/www.devils-igb.de\/index.php?rest_route=\/wp\/v2\/pages\/4653\/revisions"}],"predecessor-version":[{"id":6902,"href":"https:\/\/www.devils-igb.de\/index.php?rest_route=\/wp\/v2\/pages\/4653\/revisions\/6902"}],"wp:attachment":[{"href":"https:\/\/www.devils-igb.de\/index.php?rest_route=%2Fwp%2Fv2%2Fmedia&parent=4653"}],"curies":[{"name":"wp","href":"https:\/\/api.w.org\/{rel}","templated":true}]}}