{"id":511,"date":"2022-05-08T16:21:28","date_gmt":"2022-05-08T14:21:28","guid":{"rendered":"https:\/\/www.devils-igb.de\/?page_id=511"},"modified":"2024-03-29T14:02:17","modified_gmt":"2024-03-29T13:02:17","slug":"projektpartner-partenaires-du-projet","status":"publish","type":"page","link":"https:\/\/www.devils-igb.de\/?page_id=511","title":{"rendered":"Projektpartner \/ partenaires du projet"},"content":{"rendered":"\n<p>Gef\u00f6rdert wird das Projekt vom Deutsch-Franz\u00f6sischen B\u00fcrgerfonds <a href=\"https:\/\/www.buergerfonds.eu\/\">https:\/\/www.buergerfonds.eu\/<\/a><\/p>\n\n\n\n<p>Le projet est soutenu par le Fonds citoyen franco-allemand <a href=\"https:\/\/www.buergerfonds.eu\/\">https:\/\/www.buergerfonds.eu\/<\/a><\/p>\n\n\n<div class=\"wp-block-image\">\n<figure class=\"aligncenter size-full is-resized\"><a href=\"https:\/\/www.buergerfonds.eu\/\" target=\"_blank\" rel=\"noopener\"><img loading=\"lazy\" decoding=\"async\" width=\"888\" height=\"658\" src=\"https:\/\/www.devils-igb.de\/wp-content\/uploads\/2022\/05\/logo_dfbfonds_rgb.jpg\" alt=\"\" class=\"wp-image-552\" style=\"width:389px;height:288px\" srcset=\"https:\/\/www.devils-igb.de\/wp-content\/uploads\/2022\/05\/logo_dfbfonds_rgb.jpg 888w, https:\/\/www.devils-igb.de\/wp-content\/uploads\/2022\/05\/logo_dfbfonds_rgb-300x222.jpg 300w, https:\/\/www.devils-igb.de\/wp-content\/uploads\/2022\/05\/logo_dfbfonds_rgb-768x569.jpg 768w\" sizes=\"auto, (max-width: 888px) 100vw, 888px\" \/><\/a><\/figure><\/div>\n\n\n<p><strong>Projektpartner*innen \/ partenaires du projet<\/strong><\/p>\n\n\n<div class=\"wp-block-image\">\n<figure class=\"aligncenter size-large is-resized\"><a href=\"https:\/\/sarreguemines.fr\/\" target=\"_blank\" rel=\"noopener\"><img loading=\"lazy\" decoding=\"async\" width=\"1024\" height=\"794\" src=\"https:\/\/www.devils-igb.de\/wp-content\/uploads\/2022\/05\/Logo-Sarreguemines-Carre-1024x794.png\" alt=\"\" class=\"wp-image-553\" style=\"width:283px;height:219px\" srcset=\"https:\/\/www.devils-igb.de\/wp-content\/uploads\/2022\/05\/Logo-Sarreguemines-Carre-1024x794.png 1024w, https:\/\/www.devils-igb.de\/wp-content\/uploads\/2022\/05\/Logo-Sarreguemines-Carre-300x233.png 300w, https:\/\/www.devils-igb.de\/wp-content\/uploads\/2022\/05\/Logo-Sarreguemines-Carre-768x596.png 768w, https:\/\/www.devils-igb.de\/wp-content\/uploads\/2022\/05\/Logo-Sarreguemines-Carre-1536x1191.png 1536w, https:\/\/www.devils-igb.de\/wp-content\/uploads\/2022\/05\/Logo-Sarreguemines-Carre-2048x1588.png 2048w\" sizes=\"auto, (max-width: 1024px) 100vw, 1024px\" \/><\/a><figcaption class=\"wp-element-caption\">ville de Sarreguemines<\/figcaption><\/figure><\/div>\n\n<div class=\"wp-block-image\">\n<figure class=\"aligncenter size-large is-resized\"><a href=\"https:\/\/www.sarreguemines-museum.fr\/fr\/\" target=\"_blank\" rel=\"noopener\"><img loading=\"lazy\" decoding=\"async\" width=\"1024\" height=\"455\" src=\"https:\/\/www.devils-igb.de\/wp-content\/uploads\/2022\/05\/Logo-Musees-de-Sarreguemines-2021-Long-1024x455.png\" alt=\"\" class=\"wp-image-604\" style=\"width:-759px;height:-337px\" srcset=\"https:\/\/www.devils-igb.de\/wp-content\/uploads\/2022\/05\/Logo-Musees-de-Sarreguemines-2021-Long-1024x455.png 1024w, https:\/\/www.devils-igb.de\/wp-content\/uploads\/2022\/05\/Logo-Musees-de-Sarreguemines-2021-Long-300x133.png 300w, https:\/\/www.devils-igb.de\/wp-content\/uploads\/2022\/05\/Logo-Musees-de-Sarreguemines-2021-Long-768x341.png 768w, https:\/\/www.devils-igb.de\/wp-content\/uploads\/2022\/05\/Logo-Musees-de-Sarreguemines-2021-Long-1536x683.png 1536w, https:\/\/www.devils-igb.de\/wp-content\/uploads\/2022\/05\/Logo-Musees-de-Sarreguemines-2021-Long-2048x911.png 2048w\" sizes=\"auto, (max-width: 1024px) 100vw, 1024px\" \/><\/a><figcaption class=\"wp-element-caption\">Mus\u00e9es de Sarreguemines<\/figcaption><\/figure><\/div>\n\n<div class=\"wp-block-image\">\n<figure class=\"aligncenter size-full is-resized\"><a href=\"https:\/\/www.st-ingbert.de\/\" target=\"_blank\" rel=\"noopener\"><img loading=\"lazy\" decoding=\"async\" width=\"814\" height=\"551\" src=\"https:\/\/www.devils-igb.de\/wp-content\/uploads\/2022\/05\/Stadt-IGB.png\" alt=\"\" class=\"wp-image-554\" style=\"width:377px;height:255px\" srcset=\"https:\/\/www.devils-igb.de\/wp-content\/uploads\/2022\/05\/Stadt-IGB.png 814w, https:\/\/www.devils-igb.de\/wp-content\/uploads\/2022\/05\/Stadt-IGB-300x203.png 300w, https:\/\/www.devils-igb.de\/wp-content\/uploads\/2022\/05\/Stadt-IGB-768x520.png 768w\" sizes=\"auto, (max-width: 814px) 100vw, 814px\" \/><\/a><figcaption class=\"wp-element-caption\">Stadt St. Ingbert<\/figcaption><\/figure><\/div>\n\n<div class=\"wp-block-image\">\n<figure class=\"aligncenter size-large is-resized\"><a href=\"https:\/\/francas-grandest.fr\/association-departementale-des-francas-de-moselle\/\" target=\"_blank\" rel=\"noopener\"><img loading=\"lazy\" decoding=\"async\" width=\"1024\" height=\"363\" src=\"https:\/\/www.devils-igb.de\/wp-content\/uploads\/2022\/05\/LOGO-FRANCAS-1024x363.png\" alt=\"\" class=\"wp-image-556\" style=\"width:462px;height:163px\" srcset=\"https:\/\/www.devils-igb.de\/wp-content\/uploads\/2022\/05\/LOGO-FRANCAS-1024x363.png 1024w, https:\/\/www.devils-igb.de\/wp-content\/uploads\/2022\/05\/LOGO-FRANCAS-300x106.png 300w, https:\/\/www.devils-igb.de\/wp-content\/uploads\/2022\/05\/LOGO-FRANCAS-768x273.png 768w, https:\/\/www.devils-igb.de\/wp-content\/uploads\/2022\/05\/LOGO-FRANCAS-1536x545.png 1536w, https:\/\/www.devils-igb.de\/wp-content\/uploads\/2022\/05\/LOGO-FRANCAS.png 1772w\" sizes=\"auto, (max-width: 1024px) 100vw, 1024px\" \/><\/a><figcaption class=\"wp-element-caption\">Les Francas<\/figcaption><\/figure><\/div>\n\n<div class=\"wp-block-image\">\n<figure class=\"aligncenter size-full is-resized\"><a href=\"https:\/\/www.baseball-softball.de\/\" target=\"_blank\" rel=\"noopener\"><img loading=\"lazy\" decoding=\"async\" width=\"1000\" height=\"1000\" src=\"https:\/\/www.devils-igb.de\/wp-content\/uploads\/2022\/05\/DBV-Primary-Logo.jpg\" alt=\"\" class=\"wp-image-558\" style=\"width:364px;height:364px\" srcset=\"https:\/\/www.devils-igb.de\/wp-content\/uploads\/2022\/05\/DBV-Primary-Logo.jpg 1000w, https:\/\/www.devils-igb.de\/wp-content\/uploads\/2022\/05\/DBV-Primary-Logo-300x300.jpg 300w, https:\/\/www.devils-igb.de\/wp-content\/uploads\/2022\/05\/DBV-Primary-Logo-150x150.jpg 150w, https:\/\/www.devils-igb.de\/wp-content\/uploads\/2022\/05\/DBV-Primary-Logo-768x768.jpg 768w\" sizes=\"auto, (max-width: 1000px) 100vw, 1000px\" \/><\/a><figcaption class=\"wp-element-caption\">DBV<\/figcaption><\/figure><\/div>\n\n<div class=\"wp-block-image\">\n<figure class=\"aligncenter size-full is-resized\"><a href=\"https:\/\/lgebsc.fr\/\" target=\"_blank\" rel=\"noopener\"><img loading=\"lazy\" decoding=\"async\" width=\"574\" height=\"636\" src=\"https:\/\/www.devils-igb.de\/wp-content\/uploads\/2022\/05\/logo_ligue_ge.png\" alt=\"\" class=\"wp-image-559\" style=\"width:266px;height:295px\" srcset=\"https:\/\/www.devils-igb.de\/wp-content\/uploads\/2022\/05\/logo_ligue_ge.png 574w, https:\/\/www.devils-igb.de\/wp-content\/uploads\/2022\/05\/logo_ligue_ge-271x300.png 271w\" sizes=\"auto, (max-width: 574px) 100vw, 574px\" \/><\/a><figcaption class=\"wp-element-caption\">Ligue Grand Est Baseball, Softball, Cricket<\/figcaption><\/figure><\/div>\n\n<div class=\"wp-block-image\">\n<figure class=\"aligncenter size-large is-resized\"><a href=\"https:\/\/www.dai-saarland.de\/\" target=\"_blank\" rel=\"noopener\"><img loading=\"lazy\" decoding=\"async\" width=\"1024\" height=\"491\" src=\"https:\/\/www.devils-igb.de\/wp-content\/uploads\/2022\/05\/DAI-Saarland-Logo-1024x491.jpg\" alt=\"\" class=\"wp-image-560\" style=\"width:440px;height:210px\" srcset=\"https:\/\/www.devils-igb.de\/wp-content\/uploads\/2022\/05\/DAI-Saarland-Logo-1024x491.jpg 1024w, https:\/\/www.devils-igb.de\/wp-content\/uploads\/2022\/05\/DAI-Saarland-Logo-300x144.jpg 300w, https:\/\/www.devils-igb.de\/wp-content\/uploads\/2022\/05\/DAI-Saarland-Logo-768x368.jpg 768w, https:\/\/www.devils-igb.de\/wp-content\/uploads\/2022\/05\/DAI-Saarland-Logo-1536x736.jpg 1536w, https:\/\/www.devils-igb.de\/wp-content\/uploads\/2022\/05\/DAI-Saarland-Logo-2048x981.jpg 2048w\" sizes=\"auto, (max-width: 1024px) 100vw, 1024px\" \/><\/a><figcaption class=\"wp-element-caption\">Deutsch-amerikanisches Institut Saarland<\/figcaption><\/figure><\/div>\n\n<div class=\"wp-block-image\">\n<figure class=\"aligncenter size-large is-resized\"><a href=\"https:\/\/www.saarpfalz-kreis.de\/\" target=\"_blank\" rel=\"noopener\"><img loading=\"lazy\" decoding=\"async\" width=\"1024\" height=\"882\" src=\"https:\/\/www.devils-igb.de\/wp-content\/uploads\/2022\/05\/SPK_weltoffen_Def-1024x882.jpg\" alt=\"\" class=\"wp-image-670\" style=\"width:406px;height:349px\" srcset=\"https:\/\/www.devils-igb.de\/wp-content\/uploads\/2022\/05\/SPK_weltoffen_Def-1024x882.jpg 1024w, https:\/\/www.devils-igb.de\/wp-content\/uploads\/2022\/05\/SPK_weltoffen_Def-300x259.jpg 300w, https:\/\/www.devils-igb.de\/wp-content\/uploads\/2022\/05\/SPK_weltoffen_Def-768x662.jpg 768w, https:\/\/www.devils-igb.de\/wp-content\/uploads\/2022\/05\/SPK_weltoffen_Def.jpg 1331w\" sizes=\"auto, (max-width: 1024px) 100vw, 1024px\" \/><\/a><figcaption class=\"wp-element-caption\">Saarpfalz-Kreis<\/figcaption><\/figure><\/div>\n\n<div class=\"wp-block-image\">\n<figure class=\"aligncenter size-full is-resized\"><a href=\"https:\/\/tvigb.de\/\" target=\"_blank\" rel=\"noopener\"><img loading=\"lazy\" decoding=\"async\" width=\"874\" height=\"692\" src=\"https:\/\/www.devils-igb.de\/wp-content\/uploads\/2022\/05\/TV-IGB-1.png\" alt=\"\" class=\"wp-image-564\" style=\"width:356px;height:282px\" srcset=\"https:\/\/www.devils-igb.de\/wp-content\/uploads\/2022\/05\/TV-IGB-1.png 874w, https:\/\/www.devils-igb.de\/wp-content\/uploads\/2022\/05\/TV-IGB-1-300x238.png 300w, https:\/\/www.devils-igb.de\/wp-content\/uploads\/2022\/05\/TV-IGB-1-768x608.png 768w\" sizes=\"auto, (max-width: 874px) 100vw, 874px\" \/><\/a><figcaption class=\"wp-element-caption\">TV St. Ingbert 1881 e.V.<\/figcaption><\/figure><\/div>\n\n<div class=\"wp-block-image\">\n<figure class=\"aligncenter size-full is-resized\"><a href=\"http:\/\/www.das-saarland-lebt-gesund.de\/\" target=\"_blank\" rel=\"noopener\"><img loading=\"lazy\" decoding=\"async\" width=\"509\" height=\"513\" src=\"https:\/\/www.devils-igb.de\/wp-content\/uploads\/2022\/05\/dslg_.png\" alt=\"\" class=\"wp-image-561\" style=\"width:290px;height:292px\" srcset=\"https:\/\/www.devils-igb.de\/wp-content\/uploads\/2022\/05\/dslg_.png 509w, https:\/\/www.devils-igb.de\/wp-content\/uploads\/2022\/05\/dslg_-298x300.png 298w, https:\/\/www.devils-igb.de\/wp-content\/uploads\/2022\/05\/dslg_-150x150.png 150w\" sizes=\"auto, (max-width: 509px) 100vw, 509px\" \/><\/a><figcaption class=\"wp-element-caption\">Verein f\u00fcr Pr\u00e4vention und Gesundheit im Saarland (PuGiS e. V.)<\/figcaption><\/figure><\/div>\n\n<div class=\"wp-block-image\">\n<figure class=\"aligncenter size-full is-resized\"><a href=\"https:\/\/www.lsvs.de\/\" target=\"_blank\" rel=\"noopener\"><img loading=\"lazy\" decoding=\"async\" width=\"822\" height=\"642\" src=\"https:\/\/www.devils-igb.de\/wp-content\/uploads\/2022\/05\/LSVS.png\" alt=\"\" class=\"wp-image-602\" style=\"width:404px;height:315px\" srcset=\"https:\/\/www.devils-igb.de\/wp-content\/uploads\/2022\/05\/LSVS.png 822w, https:\/\/www.devils-igb.de\/wp-content\/uploads\/2022\/05\/LSVS-300x234.png 300w, https:\/\/www.devils-igb.de\/wp-content\/uploads\/2022\/05\/LSVS-768x600.png 768w\" sizes=\"auto, (max-width: 822px) 100vw, 822px\" \/><\/a><figcaption class=\"wp-element-caption\">Landessportverband f\u00fcr das Saarland<\/figcaption><\/figure><\/div>\n\n<div class=\"wp-block-image\">\n<figure class=\"aligncenter size-large is-resized\"><img loading=\"lazy\" decoding=\"async\" width=\"1024\" height=\"567\" src=\"https:\/\/www.devils-igb.de\/wp-content\/uploads\/2022\/05\/New-Devils-Name-Ausschnitt-20.3.10-1024x567.jpg\" alt=\"\" class=\"wp-image-562\" style=\"width:333px;height:184px\" srcset=\"https:\/\/www.devils-igb.de\/wp-content\/uploads\/2022\/05\/New-Devils-Name-Ausschnitt-20.3.10-1024x567.jpg 1024w, https:\/\/www.devils-igb.de\/wp-content\/uploads\/2022\/05\/New-Devils-Name-Ausschnitt-20.3.10-300x166.jpg 300w, https:\/\/www.devils-igb.de\/wp-content\/uploads\/2022\/05\/New-Devils-Name-Ausschnitt-20.3.10-768x425.jpg 768w, https:\/\/www.devils-igb.de\/wp-content\/uploads\/2022\/05\/New-Devils-Name-Ausschnitt-20.3.10.jpg 1030w\" sizes=\"auto, (max-width: 1024px) 100vw, 1024px\" \/><figcaption class=\"wp-element-caption\">und last not least: Die Devils des TV St. Ingbert (denn Tr\u00e4ger des Projekts ist der F\u00f6rderverein!)<\/figcaption><\/figure><\/div>","protected":false},"excerpt":{"rendered":"<p>Gef\u00f6rdert wird das Projekt vom Deutsch-Franz\u00f6sischen B\u00fcrgerfonds https:\/\/www.buergerfonds.eu\/ Le projet est soutenu par le Fonds citoyen franco-allemand https:\/\/www.buergerfonds.eu\/ Projektpartner*innen \/ partenaires du projet<\/p>\n","protected":false},"author":3,"featured_media":0,"parent":0,"menu_order":0,"comment_status":"closed","ping_status":"closed","template":"","meta":{"footnotes":""},"class_list":["post-511","page","type-page","status-publish","hentry"],"_links":{"self":[{"href":"https:\/\/www.devils-igb.de\/index.php?rest_route=\/wp\/v2\/pages\/511","targetHints":{"allow":["GET"]}}],"collection":[{"href":"https:\/\/www.devils-igb.de\/index.php?rest_route=\/wp\/v2\/pages"}],"about":[{"href":"https:\/\/www.devils-igb.de\/index.php?rest_route=\/wp\/v2\/types\/page"}],"author":[{"embeddable":true,"href":"https:\/\/www.devils-igb.de\/index.php?rest_route=\/wp\/v2\/users\/3"}],"replies":[{"embeddable":true,"href":"https:\/\/www.devils-igb.de\/index.php?rest_route=%2Fwp%2Fv2%2Fcomments&post=511"}],"version-history":[{"count":10,"href":"https:\/\/www.devils-igb.de\/index.php?rest_route=\/wp\/v2\/pages\/511\/revisions"}],"predecessor-version":[{"id":5128,"href":"https:\/\/www.devils-igb.de\/index.php?rest_route=\/wp\/v2\/pages\/511\/revisions\/5128"}],"wp:attachment":[{"href":"https:\/\/www.devils-igb.de\/index.php?rest_route=%2Fwp%2Fv2%2Fmedia&parent=511"}],"curies":[{"name":"wp","href":"https:\/\/api.w.org\/{rel}","templated":true}]}}