{"id":711,"date":"2022-07-05T23:48:38","date_gmt":"2022-07-05T21:48:38","guid":{"rendered":"https:\/\/www.devils-igb.de\/?page_id=711"},"modified":"2023-12-10T13:27:41","modified_gmt":"2023-12-10T12:27:41","slug":"baseball-crosses-borders-medien-medias","status":"publish","type":"page","link":"https:\/\/www.devils-igb.de\/?page_id=711","title":{"rendered":"Baseball crosses borders &#8211; Medien \/ M\u00e9dias"},"content":{"rendered":"\n<p><a rel=\"noreferrer noopener\" href=\"https:\/\/www.facebook.com\/plugins\/video.php?height=314&amp;href=https%3A%2F%2Fwww.facebook.com%2Fsr.sportarena%2Fvideos%2F733832437925669%2F&amp;show_text=true&amp;width=560&amp;t=0\" target=\"_blank\"><\/a><strong>Revue des m\u00e9dias \/ Medienspiegel \/ Media Review<\/strong><\/p>\n\n\n\n<p><strong>Baseball crosses borders<\/strong><\/p>\n\n\n\n<p><em>Stand: 10.12.23<\/em><\/p>\n\n\n\n<p><strong><mark style=\"background-color:rgba(0, 0, 0, 0)\" class=\"has-inline-color has-vivid-red-color\"><a rel=\"noreferrer noopener\" href=\"https:\/\/www.saarbruecker-zeitung.de\/saarland\/saar-pfalz-kreis\/sanktingbert\/tv-st-ingbert-veranstaltet-grosses-baseball-hobbytutnier_aid-71301175\" target=\"_blank\"><mark style=\"background-color:rgba(0, 0, 0, 0)\" class=\"has-inline-color has-vivid-red-color\"><\/mark><\/a><a rel=\"noreferrer noopener\" href=\"https:\/\/www.saarbruecker-zeitung.de\/saarland\/saar-pfalz-kreis\/sanktingbert\/viele-zuschauer-und-teilnehmer-bei-baseball-hobbyturnier-in-st-ingbert_aid-72614613\" target=\"_blank\">08.07.2022: Saarbr\u00fccker Zeitung: Kids im Wallerfeld hatten den Schwung raus<\/a><\/mark><\/strong><\/p>\n\n\n\n<p><strong><mark style=\"background-color:rgba(0, 0, 0, 0)\" class=\"has-inline-color has-vivid-red-color\"><a rel=\"noreferrer noopener\" href=\"https:\/\/drive.google.com\/file\/d\/1eZ7Sm7ifZ3urzRKjB729rEjyXbRT4e4z\/view?usp=sharing\" target=\"_blank\">05.07.2022: SR-Fernsehen Aktueller Bericht<\/a><\/mark><\/strong> &#8211; Fernsehbeitrag zu deutsch-franz\u00f6sischem Baseball-Hobbyturnier (Beitrag in Facebook: <a rel=\"noreferrer noopener\" href=\"https:\/\/www.facebook.com\/watch\/?v=733832437925669\" target=\"_blank\">https:\/\/www.facebook.com\/watch\/?v=733832437925669<\/a>)<\/p>\n\n\n\n<p><strong><mark style=\"background-color:rgba(0, 0, 0, 0)\" class=\"has-inline-color has-vivid-red-color\"><a rel=\"noreferrer noopener\" href=\"https:\/\/drive.google.com\/file\/d\/1PxsRoQ8rEd7yFLycbv3LQyh5weBzcpvY\/view?usp=sharing\" target=\"_blank\">02.07.2022: SR3 Radiobeitrag<\/a><\/mark><\/strong><\/p>\n\n\n\n<p><strong><mark style=\"background-color:rgba(0, 0, 0, 0)\" class=\"has-inline-color has-vivid-red-color\"><a href=\"https:\/\/www.republicain-lorrain.fr\/sport\/2022\/07\/01\/base-ball-tournoi-de-loisirs-des-devils\">01.07.2022: Le R\u00e9publicain Lorrain&nbsp;:<\/a><a href=\"https:\/\/www.republicain-lorrain.fr\/sport\/2022\/07\/01\/base-ball-tournoi-de-loisirs-des-devils\" target=\"_blank\" rel=\"noreferrer noopener\"> Base-ball&nbsp;: tournoi de loisirs des Devils<\/a><\/mark><\/strong><\/p>\n\n\n\n<p><strong><mark style=\"background-color:rgba(0, 0, 0, 0)\" class=\"has-inline-color has-vivid-red-color\"><a href=\"https:\/\/www.wochenspiegelonline.de\/news\/detail\/hobbyturnier-im-baseball\" target=\"_blank\" rel=\"noreferrer noopener\">19.06.2022: Wochenspiegel St. Ingbert: Hobbyturnier im Baseball<\/a><\/mark><\/strong><\/p>\n\n\n\n<p><strong><mark style=\"background-color:rgba(0, 0, 0, 0)\" class=\"has-inline-color has-vivid-red-color\"><a href=\"https:\/\/www.republicain-lorrain.fr\/culture-loisirs\/2022\/06\/15\/baseball-histoire-industrielle-avec-gaetan-alibert\" target=\"_blank\" rel=\"noreferrer noopener\">15.06.2022: Le R\u00e9publicain Lorrain&nbsp;: \u00ab&nbsp;Baseball &amp; histoire industrielle&nbsp;\u00bb avec Ga\u00e9tan Alibert<\/a><\/mark><\/strong><\/p>\n\n\n\n<p><strong><mark style=\"background-color:rgba(0, 0, 0, 0)\" class=\"has-inline-color has-vivid-red-color\"><a href=\"https:\/\/www.sarreguemines.fr\/articles\/7-sport\/725-baseball-crosses-borders-ca-continue-a-sarreguemines?c=66449576279&amp;fbclid=IwAR1E7tUNDnJFbpwCMlScI8Ogn9OlwIKOZaRQJtaPigXRgUoC0iAXzrdGk1o\" target=\"_blank\" rel=\"noreferrer noopener\">13.06.2022: Ville de Sarreguemines \u2013 Baseball Crosses Borders&nbsp;:&nbsp;\u00e7a continue \u00e0 Sarreguemines&nbsp;!<\/a><\/mark><\/strong><\/p>\n\n\n\n<p><strong><mark style=\"background-color:rgba(0, 0, 0, 0)\" class=\"has-inline-color has-vivid-red-color\"><a rel=\"noreferrer noopener\" href=\"https:\/\/www.saarbruecker-zeitung.de\/saarland\/saar-pfalz-kreis\/sanktingbert\/tv-st-ingbert-veranstaltet-grosses-baseball-hobbytutnier_aid-71301175\" target=\"_blank\">13.06.2022: Saarbr\u00fccker Zeitung: Baseball ohne Grenzen bei den Devils<\/a><\/mark><\/strong><\/p>\n\n\n\n<p><strong><mark style=\"background-color:rgba(0, 0, 0, 0)\" class=\"has-inline-color has-vivid-red-color\"><a href=\"https:\/\/www.dai-saarland.de\/veranstaltungen\/vortrag\/detailansicht?tx_news_pi1%5Baction%5D=detail&amp;tx_news_pi1%5Bcontroller%5D=News&amp;tx_news_pi1%5Bnews%5D=198&amp;cHash=47c6b2397051e761b453ccd22dc5ba57\" target=\"_blank\" rel=\"noreferrer noopener\">01.06.2022: Deutsch-Amerikanisches Institut Saarland: Baseball. Kulturgeschichte eines amerikanischen Sports<\/a><\/mark><\/strong><\/p>\n\n\n\n<p><strong><mark style=\"background-color:rgba(0, 0, 0, 0)\" class=\"has-inline-color has-vivid-red-color\"><a href=\"https:\/\/www.wssi.de\/baseball-crosses-borders\/embed\/#?secret=1W8HgsJUfr#?secret=nyjEupc1di\" target=\"_blank\" rel=\"noreferrer noopener\">31.05.2022: WSSI (Wir sind St. Ingbert): Baseball crosses borders<\/a><\/mark><\/strong><\/p>\n\n\n\n<p><strong><mark style=\"background-color:rgba(0, 0, 0, 0)\" class=\"has-inline-color has-vivid-red-color\"><a href=\"https:\/\/www.igb.info\/veranstaltungen\/baseball-ausprobieren-beim-hobbyturnier-der-devils\/embed#?secret=es3CDofOpj#?secret=qKRL0ooOWs\" target=\"_blank\" rel=\"noreferrer noopener\">31.05.2022: St. Ingberter Anzeiger: Baseball crosses borders. Baseball ausprobieren beim Hobbyturnier der Devils<\/a><\/mark><\/strong><\/p>\n\n\n\n<blockquote class=\"wp-block-quote is-layout-flow wp-block-quote-is-layout-flow\">\n<p><strong><mark style=\"background-color:rgba(0, 0, 0, 0)\" class=\"has-inline-color has-vivid-red-color\"><a rel=\"noreferrer noopener\" href=\"https:\/\/www.swbsv.de\/baseball-industriegeschichte-veranstaltungen-in-st-ingbert-und-sarreguemines\/embed\/#?secret=qh4D4i4pP4\" target=\"_blank\">31.05.2022: SWBSV (S\u00fcdwestdeutscher Baseball- und Softballverband): Baseball &amp; Industriegeschichte: Veranstaltungen in St. Ingbert und Sarreguemines<\/a><\/mark><\/strong><\/p>\n\n\n\n<p><strong><mark style=\"background-color:rgba(0, 0, 0, 0)\" class=\"has-inline-color has-vivid-red-color\"><a href=\"https:\/\/www.wochenspiegelonline.de\/news\/detail\/baseball-industriegeschichte\" target=\"_blank\" rel=\"noreferrer noopener\">30.05.2022: Wochenspiegel St. Ingbert: Faszinierender fremder Sport<\/a><\/mark><\/strong><\/p>\n<\/blockquote>\n\n\n\n<p><strong><mark style=\"background-color:rgba(0, 0, 0, 0)\" class=\"has-inline-color has-vivid-red-color\"><a href=\"https:\/\/www.republicain-lorrain.fr\/societe\/2022\/05\/27\/des-rencontres-franco-allemandes-a-sarreguemines-pour-initier-au-baseball\" target=\"_blank\" rel=\"noreferrer noopener\">27.05.2022: Le R\u00e9publicain Lorrain&nbsp;: Des rencontres franco-allemandes \u00e0 Sarreguemines pour initier au baseball<\/a><\/mark><\/strong><\/p>\n\n\n\n<p><strong><mark style=\"background-color:rgba(0, 0, 0, 0)\" class=\"has-inline-color has-vivid-red-color\"><a href=\"https:\/\/www.archysport.com\/2022\/05\/baseball-industrial-history-st-ingberter-anzeiger\/embed\/#?secret=nIxNjwHAYg#?secret=KdqCN2u97x\" target=\"_blank\" rel=\"noreferrer noopener\">17.05.2022: Archysport: Baseball &amp; Industrial History \u2013 St. Ingberter Anzeiger<\/a><\/mark><\/strong><\/p>\n\n\n\n<p><strong><mark style=\"background-color:rgba(0, 0, 0, 0)\" class=\"has-inline-color has-vivid-red-color\"><a href=\"https:\/\/www.igb.info\/veranstaltungen\/baseball-industriegeschichte\/embed#?secret=WYcRhUmCHu#?secret=lor8kLusec\" target=\"_blank\" rel=\"noreferrer noopener\">17.05.2022: St. Ingberter Anzeiger: Baseball &amp; Industriegeschichte<\/a><\/mark><\/strong><\/p>\n\n\n\n<p><strong><mark style=\"background-color:rgba(0, 0, 0, 0)\" class=\"has-inline-color has-vivid-red-color\"><a href=\"https:\/\/www.st-ingbert.de\/aktuell\/newsdetail\/article\/veranstaltung-zu-baseball-industriegeschichte-mit-claus-melchior-aus-muenchen-in-der-alten-s\/127.html\" target=\"_blank\" rel=\"noreferrer noopener\">17.05.2022: Stadt St. Ingbert: Veranstaltung zu \u201eBaseball &amp; Industriegeschichte\u201c mit Claus Melchior aus M\u00fcnchen in der Alten Schmelz Weitere Veranstaltung der TV St. Ingbert Devils mit Ga\u00e9tan Alibert aus Paris in Sarreguemines<\/a><\/mark><\/strong><\/p>\n\n\n\n<p><strong><mark style=\"background-color:rgba(0, 0, 0, 0)\" class=\"has-inline-color has-vivid-red-color\"><a href=\"https:\/\/www.radiomelodie.com\/a\/16780-le-nouveau-sport-a-tester-a-sarreguemines-cest-le-baseball\" target=\"_blank\" rel=\"noreferrer noopener\">06.05.2022: Radio M\u00e9lodie: Le nouveau sport \u00e0 tester \u00e0 Sarreguemines, c\u2019est le baseball !<\/a><\/mark><\/strong><\/p>\n\n\n\n<p><strong><mark style=\"background-color:rgba(0, 0, 0, 0)\" class=\"has-inline-color has-vivid-red-color\"><a href=\"https:\/\/www.mosaik-cristal.tv\/du-baseball-a-sarreguemines-avec-les-devils-de-st-ingbert\/\" target=\"_blank\" rel=\"noreferrer noopener\">06.05.2022: MOSA\u00cfK CRISTAL (T\u00e9l\u00e9 local de Sarreguemines): Du baseball \u00e0 Sarreguemines avec les Devils de St. Ingbert<\/a><\/mark><\/strong> (Fernsehbeitrag Lokalfernsehen von Sarreguemines)<\/p>\n\n\n\n<p><strong><mark style=\"background-color:rgba(0, 0, 0, 0)\" class=\"has-inline-color has-vivid-red-color\"><a href=\"https:\/\/sarreguemines.fr\/articles\/7-sport\/684-cap-sur-un-projet-franco-allemand-de-baseball-a-sarreguemines\" target=\"_blank\" rel=\"noreferrer noopener\">29.04.2022&nbsp;: Ville de Sarreguemines&nbsp;: Cap sur un projet franco-allemand de Baseball \u00e0 Sarreguemines<\/a><\/mark><\/strong><\/p>\n\n\n\n<p><strong><mark style=\"background-color:rgba(0, 0, 0, 0)\" class=\"has-inline-color has-vivid-red-color\"><a href=\"https:\/\/www.wochenspiegelonline.de\/news\/detail\/baseball-crosses-borders\" target=\"_blank\" rel=\"noreferrer noopener\">26.04.2022&nbsp;: Wochenspiegel St. Ingbert&nbsp;: \u201eBaseball crosses borders\u201c<\/a><\/mark><\/strong><\/p>\n\n\n\n<p><strong><mark style=\"background-color:rgba(0, 0, 0, 0)\" class=\"has-inline-color has-vivid-red-color\"><a href=\"https:\/\/www.jds.fr\/sarreguemines\/evenement-sportif\/rencontre-hebdomadaire-de-baseball-a-sarreguemines-baseball-crosses-borders-273414_A\" target=\"_blank\" rel=\"noreferrer noopener\">26.04.2022&nbsp;: jds Sarreguemines&nbsp;: Rencontre hebdomadaire de baseball \u00e0 Sarreguemines -\u201aBaseball crosses borders\u2018<\/a><\/mark><\/strong><\/p>\n\n\n\n<p><strong><mark style=\"background-color:rgba(0, 0, 0, 0)\" class=\"has-inline-color has-vivid-red-color\"><a href=\"https:\/\/www.igb.info\/nachrichten\/baseball-crosses-borders-1211580\/embed#?secret=xEbtKobPc5#?secret=vbENzoeRyy\" target=\"_blank\" rel=\"noreferrer noopener\">26.04.2022: St. Ingberter Anzeiger: Baseball crosses borders<\/a><\/mark><\/strong><\/p>\n\n\n\n<blockquote class=\"wp-block-quote is-layout-flow wp-block-quote-is-layout-flow\">\n<p><strong><mark style=\"background-color:rgba(0, 0, 0, 0)\" class=\"has-inline-color has-vivid-red-color\"><a href=\"https:\/\/www.radiomelodie.com\/agenda\/16801-baseball-crosses-borders-a-sarreguemines.html\">22.04.2022: Radio M\u00e9lodie: Projet franco-allemand de Baseball \u00e0 Sarreguemines. Rencontre hebdomadaire de baseball \u00e0 Sarreguemines par le club allemand St. Ingbert Devils. Lancement de \u00ab&nbsp;Baseball crosses borders&nbsp;\u00bb<\/a><\/mark><\/strong><\/p>\n\n\n\n<p><strong><mark style=\"background-color:rgba(0, 0, 0, 0)\" class=\"has-inline-color has-vivid-red-color\"><a href=\"https:\/\/tvigb.de\/2022\/04\/26\/tv-st-ingbert-devils-starten-deutsch-franzoesisches-partnerprojekt-baseball-crosses-borders\/embed\/#?secret=GNJ860UiyB#?secret=eCWqrgKbIa\" target=\"_blank\" rel=\"noreferrer noopener\">26.04.2022&nbsp;: TV St. Ingbert&nbsp;: TV St. Ingbert Devils starten deutsch-franz\u00f6sisches Partnerprojekt \u201eBaseball crosses borders\u201c<\/a><\/mark><\/strong><\/p>\n<\/blockquote>\n","protected":false},"excerpt":{"rendered":"<p>Revue des m\u00e9dias \/ Medienspiegel \/ Media Review Baseball crosses borders Stand: 10.12.23 08.07.2022: Saarbr\u00fccker Zeitung: Kids im Wallerfeld hatten den Schwung raus 05.07.2022: SR-Fernsehen Aktueller Bericht &#8211; Fernsehbeitrag zu deutsch-franz\u00f6sischem Baseball-Hobbyturnier (Beitrag in Facebook: https:\/\/www.facebook.com\/watch\/?v=733832437925669) 02.07.2022: SR3 Radiobeitrag 01.07.2022: Le R\u00e9publicain Lorrain&nbsp;: Base-ball&nbsp;: tournoi de loisirs des Devils 19.06.2022: Wochenspiegel St. Ingbert: Hobbyturnier im [&hellip;]<\/p>\n","protected":false},"author":3,"featured_media":0,"parent":0,"menu_order":0,"comment_status":"closed","ping_status":"closed","template":"","meta":{"footnotes":""},"class_list":["post-711","page","type-page","status-publish","hentry"],"_links":{"self":[{"href":"https:\/\/www.devils-igb.de\/index.php?rest_route=\/wp\/v2\/pages\/711","targetHints":{"allow":["GET"]}}],"collection":[{"href":"https:\/\/www.devils-igb.de\/index.php?rest_route=\/wp\/v2\/pages"}],"about":[{"href":"https:\/\/www.devils-igb.de\/index.php?rest_route=\/wp\/v2\/types\/page"}],"author":[{"embeddable":true,"href":"https:\/\/www.devils-igb.de\/index.php?rest_route=\/wp\/v2\/users\/3"}],"replies":[{"embeddable":true,"href":"https:\/\/www.devils-igb.de\/index.php?rest_route=%2Fwp%2Fv2%2Fcomments&post=711"}],"version-history":[{"count":14,"href":"https:\/\/www.devils-igb.de\/index.php?rest_route=\/wp\/v2\/pages\/711\/revisions"}],"predecessor-version":[{"id":4449,"href":"https:\/\/www.devils-igb.de\/index.php?rest_route=\/wp\/v2\/pages\/711\/revisions\/4449"}],"wp:attachment":[{"href":"https:\/\/www.devils-igb.de\/index.php?rest_route=%2Fwp%2Fv2%2Fmedia&parent=711"}],"curies":[{"name":"wp","href":"https:\/\/api.w.org\/{rel}","templated":true}]}}